{"id":26721,"date":"2025-05-02T12:23:33","date_gmt":"2025-05-02T10:23:33","guid":{"rendered":"https:\/\/www.prodabi.de\/?page_id=26721"},"modified":"2025-07-01T11:10:54","modified_gmt":"2025-07-01T09:10:54","slug":"e-fortbildungen-uebersicht","status":"publish","type":"page","link":"https:\/\/www.prodabi.de\/en\/e-fortbildungen-uebersicht\/","title":{"rendered":"E-Fortbildungen \u00dcbersicht"},"content":{"rendered":"<div data-elementor-type=\"wp-page\" data-elementor-id=\"26721\" class=\"elementor elementor-26721\" data-elementor-post-type=\"page\">\n\t\t\t\t<div data-particle_enable=\"false\" data-particle-mobile-disabled=\"false\" class=\"elementor-element elementor-element-6c7dafb e-grid e-con-boxed e-con e-parent\" data-id=\"6c7dafb\" data-element_type=\"container\" data-e-type=\"container\">\n\t\t\t\t\t<div class=\"e-con-inner\">\n\t\t\t\t<div class=\"elementor-element elementor-element-b89306d elementor-hidden-desktop elementor-hidden-tablet_extra elementor-hidden-tablet elementor-hidden-mobile elementor-cta--skin-classic elementor-animated-content elementor-bg-transform elementor-bg-transform-zoom-in elementor-extension-display-condition-disabled elementor-widget elementor-widget-call-to-action\" data-id=\"b89306d\" data-element_type=\"widget\" data-e-type=\"widget\" data-widget_type=\"call-to-action.default\">\n\t\t\t\t<div class=\"elementor-widget-container\">\n\t\t\t\t\t\t\t<a class=\"elementor-cta\" href=\"https:\/\/www.prodabi.de\/en\/anmeldung-e-fortbildung-datenexploration\/\">\n\t\t\t\t\t\t\t<div class=\"elementor-cta__content\">\n\t\t\t\t\t\t\t\t\t<div class=\"elementor-content-item elementor-cta__content-item elementor-icon-wrapper elementor-cta__icon elementor-view-default\">\n\t\t\t\t\t\t<div class=\"elementor-icon\">\n\t\t\t\t\t\t\t<i aria-hidden=\"true\" class=\"far fa-award\"><\/i>\t\t\t\t\t\t<\/div>\n\t\t\t\t\t<\/div>\n\t\t\t\t\n\t\t\t\t\t\t\t\t\t<h2 class=\"elementor-cta__title elementor-cta__content-item elementor-content-item\">\n\t\t\t\t\t\tE-Fortbildung: Mit Daten die Welt verstehen\t\t\t\t\t<\/h2>\n\t\t\t\t\n\t\t\t\t\t\t\t\t\t<div class=\"elementor-cta__description elementor-cta__content-item elementor-content-item\">\n\t\t\t\t\t\tRegistration\t\t\t\t\t<\/div>\n\t\t\t\t\n\t\t\t\t\t\t\t<\/div>\n\t\t\t\t\t\t<\/a>\n\t\t\t\t\t\t<\/div>\n\t\t\t\t<\/div>\n\t\t\t\t<div class=\"elementor-element elementor-element-9c7f260 elementor-cta--skin-classic elementor-animated-content elementor-bg-transform elementor-bg-transform-zoom-in elementor-extension-display-condition-disabled elementor-widget elementor-widget-call-to-action\" data-id=\"9c7f260\" data-element_type=\"widget\" data-e-type=\"widget\" data-widget_type=\"call-to-action.default\">\n\t\t\t\t<div class=\"elementor-widget-container\">\n\t\t\t\t\t\t\t<a class=\"elementor-cta\" href=\"https:\/\/www.prodabi.de\/en\/anmeldung-e-fortbildung-ki\/\">\n\t\t\t\t\t\t\t<div class=\"elementor-cta__content\">\n\t\t\t\t\t\t\t\t\t<div class=\"elementor-content-item elementor-cta__content-item elementor-icon-wrapper elementor-cta__icon elementor-view-default\">\n\t\t\t\t\t\t<div class=\"elementor-icon\">\n\t\t\t\t\t\t\t<i aria-hidden=\"true\" class=\"far fa-brain\"><\/i>\t\t\t\t\t\t<\/div>\n\t\t\t\t\t<\/div>\n\t\t\t\t\n\t\t\t\t\t\t\t\t\t<h2 class=\"elementor-cta__title elementor-cta__content-item elementor-content-item\">\n\t\t\t\t\t\tK\u00fcnstliche Intelligenz praktisch unterrichten mit datenbasier-ten Entscheidungsb\u00e4umen\t\t\t\t\t<\/h2>\n\t\t\t\t\n\t\t\t\t\t\t\t\t\t<div class=\"elementor-cta__description elementor-cta__content-item elementor-content-item\">\n\t\t\t\t\t\tRegistration\t\t\t\t\t<\/div>\n\t\t\t\t\n\t\t\t\t\t\t\t<\/div>\n\t\t\t\t\t\t<\/a>\n\t\t\t\t\t\t<\/div>\n\t\t\t\t<\/div>\n\t\t\t\t\t<\/div>\n\t\t\t\t<\/div>\n\t\t<div data-particle_enable=\"false\" data-particle-mobile-disabled=\"false\" class=\"elementor-element elementor-element-1dbe642 e-flex e-con-boxed e-con e-parent\" data-id=\"1dbe642\" data-element_type=\"container\" data-e-type=\"container\">\n\t\t\t\t\t<div class=\"e-con-inner\">\n\t\t\t\t<div class=\"elementor-element elementor-element-7187587 elementor-extension-display-condition-disabled elementor-widget elementor-widget-text-editor\" data-id=\"7187587\" data-element_type=\"widget\" data-e-type=\"widget\" data-widget_type=\"text-editor.default\">\n\t\t\t\t<div class=\"elementor-widget-container\">\n\t\t\t\t\t\t\t\t\t<p>Das erwartet Sie in unseren E-Fortbildungen:<\/p><p><strong>Praxisorientierung durch vielfach erprobten Unterricht zu relevanten Inhalten<\/strong><br \/>Data Science &amp; K\u00fcnstliche Intelligenz als Unterrichtsgegenstand<br \/>Ready-To-Start Material;\u00a0<span style=\"font-size: 1rem; letter-spacing: 0px;\">Alle Inhalte sind direkt auf den Unterricht \u00fcbertragbar<\/span><span style=\"font-style: inherit; font-weight: inherit; letter-spacing: 0px;\">\u00a0( und optional vollst\u00e4ndig anpassbar)<\/span><\/p><p><strong>Moderierende mit viel Erfahrung in Lehrkr\u00e4ftefortbildungen<\/strong><br \/>Adressatengerechte Aufbereitung der Fachinhalte<br \/>Praxisorientierung (Didaktischer Doppeldecker, Praktische Erprobung)<br \/>Orientierung an Gestaltungsprinzipien des DZLM<\/p><p><strong>Hohe Flexibilit\u00e4t f\u00fcr Teilnehmende<\/strong><br \/>Kurze, synchrone Phasen (4 x 2 Stunden), erg\u00e4nzt durch zeitlich flexible asynchrone Phasen<br \/>Teilnahme ist ortsunabh\u00e4ngig durch das Online Format<\/p><p>Optional: Langfristige Begleitung durch Moderierende und Austauschm\u00f6glichkeiten unter Teilnehmenden<\/p>\t\t\t\t\t\t\t\t<\/div>\n\t\t\t\t<\/div>\n\t\t\t\t\t<\/div>\n\t\t\t\t<\/div>\n\t\t\t\t<\/div>","protected":false},"excerpt":{"rendered":"<p>E-Fortbildung: Mit Daten die Welt verstehen Anmeldung K\u00fcnstliche Intelligenz praktisch unterrichten mit datenbasier-ten Entscheidungsb\u00e4umen Anmeldung Das erwartet Sie in unseren E-Fortbildungen: Praxisorientierung durch vielfach erprobten Unterricht zu relevanten InhaltenData Science &amp; K\u00fcnstliche Intelligenz als UnterrichtsgegenstandReady-To-Start Material;\u00a0Alle Inhalte sind direkt auf den Unterricht \u00fcbertragbar\u00a0( und optional vollst\u00e4ndig anpassbar) Moderierende mit viel Erfahrung in Lehrkr\u00e4ftefortbildungenAdressatengerechte Aufbereitung der [&hellip;]<\/p>\n","protected":false},"author":5,"featured_media":0,"parent":0,"menu_order":4,"comment_status":"closed","ping_status":"closed","template":"","meta":{"site-sidebar-layout":"no-sidebar","site-content-layout":"page-builder","ast-site-content-layout":"full-width-container","site-content-style":"default","site-sidebar-style":"default","ast-global-header-display":"","ast-banner-title-visibility":"","ast-main-header-display":"","ast-hfb-above-header-display":"","ast-hfb-below-header-display":"","ast-hfb-mobile-header-display":"","site-post-title":"disabled","ast-breadcrumbs-content":"","ast-featured-img":"disabled","footer-sml-layout":"","ast-disable-related-posts":"","theme-transparent-header-meta":"","adv-header-id-meta":"","stick-header-meta":"","header-above-stick-meta":"","header-main-stick-meta":"","header-below-stick-meta":"","astra-migrate-meta-layouts":"default","ast-page-background-enabled":"default","ast-page-background-meta":{"desktop":{"background-color":"","background-image":"","background-repeat":"repeat","background-position":"center center","background-size":"auto","background-attachment":"scroll","background-type":"","background-media":"","overlay-type":"","overlay-color":"","overlay-opacity":"","overlay-gradient":""},"tablet":{"background-color":"","background-image":"","background-repeat":"repeat","background-position":"center center","background-size":"auto","background-attachment":"scroll","background-type":"","background-media":"","overlay-type":"","overlay-color":"","overlay-opacity":"","overlay-gradient":""},"mobile":{"background-color":"","background-image":"","background-repeat":"repeat","background-position":"center center","background-size":"auto","background-attachment":"scroll","background-type":"","background-media":"","overlay-type":"","overlay-color":"","overlay-opacity":"","overlay-gradient":""}},"ast-content-background-meta":{"desktop":{"background-color":"var(--ast-global-color-5)","background-image":"","background-repeat":"repeat","background-position":"center center","background-size":"auto","background-attachment":"scroll","background-type":"","background-media":"","overlay-type":"","overlay-color":"","overlay-opacity":"","overlay-gradient":""},"tablet":{"background-color":"var(--ast-global-color-5)","background-image":"","background-repeat":"repeat","background-position":"center center","background-size":"auto","background-attachment":"scroll","background-type":"","background-media":"","overlay-type":"","overlay-color":"","overlay-opacity":"","overlay-gradient":""},"mobile":{"background-color":"var(--ast-global-color-5)","background-image":"","background-repeat":"repeat","background-position":"center center","background-size":"auto","background-attachment":"scroll","background-type":"","background-media":"","overlay-type":"","overlay-color":"","overlay-opacity":"","overlay-gradient":""}},"footnotes":""},"class_list":["post-26721","page","type-page","status-publish","hentry"],"yoast_head":"<!-- This site is optimized with the Yoast SEO plugin v27.5 - https:\/\/yoast.com\/product\/yoast-seo-wordpress\/ -->\n<title>E-Fortbildungen \u00dcbersicht - ProDaBi<\/title>\n<meta name=\"robots\" content=\"index, follow, max-snippet:-1, max-image-preview:large, max-video-preview:-1\" \/>\n<link rel=\"canonical\" href=\"https:\/\/www.prodabi.de\/en\/e-fortbildungen-uebersicht\/\" \/>\n<meta property=\"og:locale\" content=\"en_US\" \/>\n<meta property=\"og:type\" content=\"article\" \/>\n<meta property=\"og:title\" content=\"E-Fortbildungen \u00dcbersicht - ProDaBi\" \/>\n<meta property=\"og:description\" content=\"E-Fortbildung: Mit Daten die Welt verstehen Anmeldung K\u00fcnstliche Intelligenz praktisch unterrichten mit datenbasier-ten Entscheidungsb\u00e4umen Anmeldung Das erwartet Sie in unseren E-Fortbildungen: Praxisorientierung durch vielfach erprobten Unterricht zu relevanten InhaltenData Science &amp; K\u00fcnstliche Intelligenz als UnterrichtsgegenstandReady-To-Start Material;\u00a0Alle Inhalte sind direkt auf den Unterricht \u00fcbertragbar\u00a0( und optional vollst\u00e4ndig anpassbar) Moderierende mit viel Erfahrung in Lehrkr\u00e4ftefortbildungenAdressatengerechte Aufbereitung der [&hellip;]\" \/>\n<meta property=\"og:url\" content=\"https:\/\/www.prodabi.de\/en\/e-fortbildungen-uebersicht\/\" \/>\n<meta property=\"og:site_name\" content=\"ProDaBi\" \/>\n<meta property=\"article:modified_time\" content=\"2025-07-01T09:10:54+00:00\" \/>\n<meta name=\"twitter:card\" content=\"summary_large_image\" \/>\n<meta name=\"twitter:label1\" content=\"Est. reading time\" \/>\n\t<meta name=\"twitter:data1\" content=\"1 minute\" \/>\n<script type=\"application\/ld+json\" class=\"yoast-schema-graph\">{\"@context\":\"https:\\\/\\\/schema.org\",\"@graph\":[{\"@type\":\"WebPage\",\"@id\":\"https:\\\/\\\/www.prodabi.de\\\/e-fortbildungen-uebersicht\\\/\",\"url\":\"https:\\\/\\\/www.prodabi.de\\\/e-fortbildungen-uebersicht\\\/\",\"name\":\"E-Fortbildungen \u00dcbersicht - ProDaBi\",\"isPartOf\":{\"@id\":\"https:\\\/\\\/www.prodabi.de\\\/#website\"},\"datePublished\":\"2025-05-02T10:23:33+00:00\",\"dateModified\":\"2025-07-01T09:10:54+00:00\",\"breadcrumb\":{\"@id\":\"https:\\\/\\\/www.prodabi.de\\\/e-fortbildungen-uebersicht\\\/#breadcrumb\"},\"inLanguage\":\"en-US\",\"potentialAction\":[{\"@type\":\"ReadAction\",\"target\":[\"https:\\\/\\\/www.prodabi.de\\\/e-fortbildungen-uebersicht\\\/\"]}]},{\"@type\":\"BreadcrumbList\",\"@id\":\"https:\\\/\\\/www.prodabi.de\\\/e-fortbildungen-uebersicht\\\/#breadcrumb\",\"itemListElement\":[{\"@type\":\"ListItem\",\"position\":1,\"name\":\"Startseite\",\"item\":\"https:\\\/\\\/www.prodabi.de\\\/\"},{\"@type\":\"ListItem\",\"position\":2,\"name\":\"E-Fortbildungen \u00dcbersicht\"}]},{\"@type\":\"WebSite\",\"@id\":\"https:\\\/\\\/www.prodabi.de\\\/#website\",\"url\":\"https:\\\/\\\/www.prodabi.de\\\/\",\"name\":\"ProDaBi\",\"description\":\"\",\"publisher\":{\"@id\":\"https:\\\/\\\/www.prodabi.de\\\/#organization\"},\"potentialAction\":[{\"@type\":\"SearchAction\",\"target\":{\"@type\":\"EntryPoint\",\"urlTemplate\":\"https:\\\/\\\/www.prodabi.de\\\/?s={search_term_string}\"},\"query-input\":{\"@type\":\"PropertyValueSpecification\",\"valueRequired\":true,\"valueName\":\"search_term_string\"}}],\"inLanguage\":\"en-US\"},{\"@type\":\"Organization\",\"@id\":\"https:\\\/\\\/www.prodabi.de\\\/#organization\",\"name\":\"ProDaBi\",\"url\":\"https:\\\/\\\/www.prodabi.de\\\/\",\"logo\":{\"@type\":\"ImageObject\",\"inLanguage\":\"en-US\",\"@id\":\"https:\\\/\\\/www.prodabi.de\\\/#\\\/schema\\\/logo\\\/image\\\/\",\"url\":\"https:\\\/\\\/www.prodabi.de\\\/wp-content\\\/uploads\\\/Logo_ProDaBi.png\",\"contentUrl\":\"https:\\\/\\\/www.prodabi.de\\\/wp-content\\\/uploads\\\/Logo_ProDaBi.png\",\"width\":1141,\"height\":428,\"caption\":\"ProDaBi\"},\"image\":{\"@id\":\"https:\\\/\\\/www.prodabi.de\\\/#\\\/schema\\\/logo\\\/image\\\/\"}}]}<\/script>\n<!-- \/ Yoast SEO plugin. -->","yoast_head_json":{"title":"E-Fortbildungen \u00dcbersicht - ProDaBi","robots":{"index":"index","follow":"follow","max-snippet":"max-snippet:-1","max-image-preview":"max-image-preview:large","max-video-preview":"max-video-preview:-1"},"canonical":"https:\/\/www.prodabi.de\/en\/e-fortbildungen-uebersicht\/","og_locale":"en_US","og_type":"article","og_title":"E-Fortbildungen \u00dcbersicht - ProDaBi","og_description":"E-Fortbildung: Mit Daten die Welt verstehen Anmeldung K\u00fcnstliche Intelligenz praktisch unterrichten mit datenbasier-ten Entscheidungsb\u00e4umen Anmeldung Das erwartet Sie in unseren E-Fortbildungen: Praxisorientierung durch vielfach erprobten Unterricht zu relevanten InhaltenData Science &amp; K\u00fcnstliche Intelligenz als UnterrichtsgegenstandReady-To-Start Material;\u00a0Alle Inhalte sind direkt auf den Unterricht \u00fcbertragbar\u00a0( und optional vollst\u00e4ndig anpassbar) Moderierende mit viel Erfahrung in Lehrkr\u00e4ftefortbildungenAdressatengerechte Aufbereitung der [&hellip;]","og_url":"https:\/\/www.prodabi.de\/en\/e-fortbildungen-uebersicht\/","og_site_name":"ProDaBi","article_modified_time":"2025-07-01T09:10:54+00:00","twitter_card":"summary_large_image","twitter_misc":{"Est. reading time":"1 minute"},"schema":{"@context":"https:\/\/schema.org","@graph":[{"@type":"WebPage","@id":"https:\/\/www.prodabi.de\/e-fortbildungen-uebersicht\/","url":"https:\/\/www.prodabi.de\/e-fortbildungen-uebersicht\/","name":"E-Fortbildungen \u00dcbersicht - ProDaBi","isPartOf":{"@id":"https:\/\/www.prodabi.de\/#website"},"datePublished":"2025-05-02T10:23:33+00:00","dateModified":"2025-07-01T09:10:54+00:00","breadcrumb":{"@id":"https:\/\/www.prodabi.de\/e-fortbildungen-uebersicht\/#breadcrumb"},"inLanguage":"en-US","potentialAction":[{"@type":"ReadAction","target":["https:\/\/www.prodabi.de\/e-fortbildungen-uebersicht\/"]}]},{"@type":"BreadcrumbList","@id":"https:\/\/www.prodabi.de\/e-fortbildungen-uebersicht\/#breadcrumb","itemListElement":[{"@type":"ListItem","position":1,"name":"Startseite","item":"https:\/\/www.prodabi.de\/"},{"@type":"ListItem","position":2,"name":"E-Fortbildungen \u00dcbersicht"}]},{"@type":"WebSite","@id":"https:\/\/www.prodabi.de\/#website","url":"https:\/\/www.prodabi.de\/","name":"ProDaBi","description":"","publisher":{"@id":"https:\/\/www.prodabi.de\/#organization"},"potentialAction":[{"@type":"SearchAction","target":{"@type":"EntryPoint","urlTemplate":"https:\/\/www.prodabi.de\/?s={search_term_string}"},"query-input":{"@type":"PropertyValueSpecification","valueRequired":true,"valueName":"search_term_string"}}],"inLanguage":"en-US"},{"@type":"Organization","@id":"https:\/\/www.prodabi.de\/#organization","name":"ProDaBi","url":"https:\/\/www.prodabi.de\/","logo":{"@type":"ImageObject","inLanguage":"en-US","@id":"https:\/\/www.prodabi.de\/#\/schema\/logo\/image\/","url":"https:\/\/www.prodabi.de\/wp-content\/uploads\/Logo_ProDaBi.png","contentUrl":"https:\/\/www.prodabi.de\/wp-content\/uploads\/Logo_ProDaBi.png","width":1141,"height":428,"caption":"ProDaBi"},"image":{"@id":"https:\/\/www.prodabi.de\/#\/schema\/logo\/image\/"}}]}},"_links":{"self":[{"href":"https:\/\/www.prodabi.de\/en\/wp-json\/wp\/v2\/pages\/26721","targetHints":{"allow":["GET"]}}],"collection":[{"href":"https:\/\/www.prodabi.de\/en\/wp-json\/wp\/v2\/pages"}],"about":[{"href":"https:\/\/www.prodabi.de\/en\/wp-json\/wp\/v2\/types\/page"}],"author":[{"embeddable":true,"href":"https:\/\/www.prodabi.de\/en\/wp-json\/wp\/v2\/users\/5"}],"replies":[{"embeddable":true,"href":"https:\/\/www.prodabi.de\/en\/wp-json\/wp\/v2\/comments?post=26721"}],"version-history":[{"count":0,"href":"https:\/\/www.prodabi.de\/en\/wp-json\/wp\/v2\/pages\/26721\/revisions"}],"wp:attachment":[{"href":"https:\/\/www.prodabi.de\/en\/wp-json\/wp\/v2\/media?parent=26721"}],"curies":[{"name":"wp","href":"https:\/\/api.w.org\/{rel}","templated":true}]}}