{"id":26321,"date":"2024-08-29T08:30:37","date_gmt":"2024-08-29T06:30:37","guid":{"rendered":"https:\/\/www.prodabi.de\/?page_id=26321"},"modified":"2026-03-09T15:47:51","modified_gmt":"2026-03-09T14:47:51","slug":"jupyter","status":"publish","type":"page","link":"https:\/\/www.prodabi.de\/en\/unterricht\/toolkit\/jupyter\/","title":{"rendered":"Jupyter-Toolkit"},"content":{"rendered":"<div data-elementor-type=\"wp-page\" data-elementor-id=\"26321\" class=\"elementor elementor-26321\" data-elementor-post-type=\"page\">\n\t\t\t\t<div data-particle_enable=\"false\" data-particle-mobile-disabled=\"false\" class=\"elementor-element elementor-element-2ce3d5b e-flex e-con-boxed e-con e-parent\" data-id=\"2ce3d5b\" data-element_type=\"container\" data-e-type=\"container\">\n\t\t\t\t\t<div class=\"e-con-inner\">\n\t\t\t\t<div class=\"elementor-element elementor-element-0cbfe0e elementor-extension-display-condition-disabled elementor-widget elementor-widget-text-editor\" data-id=\"0cbfe0e\" data-element_type=\"widget\" data-e-type=\"widget\" data-widget_type=\"text-editor.default\">\n\t\t\t\t<div class=\"elementor-widget-container\">\n\t\t\t\t\t\t\t\t\t<p><strong>Mit dem Jupyter Toolkit bieten wir Lehrkr\u00e4ften eine flexible und benutzer*innenfreundliche Plattform<\/strong>, um interaktive Jupyter Notebooks f\u00fcr den Unterricht zu erstellen und bereitzustellen. Egal, ob Sie mit Ihren Lernenden Daten explorieren, KI-Modelle trainieren oder Datenbewusstsein f\u00f6rdern m\u00f6chten: Unsere Notebooks erm\u00f6glichen einen praxisnahen Einstieg in Data Science und K\u00fcnstliche Intelligenz \u2013 ganz ohne technische H\u00fcrden.<\/p><p><strong>Gleichzeitig bleibt das Toolkit offen f\u00fcr Ihre eigenen Ideen:<\/strong> Sie k\u00f6nnen bestehende Notebooks anpassen, eigene Inhalte entwickeln und diese \u00fcber unseren <strong>Jupyter Server<\/strong> f\u00fcr Ihren Kurs zusammenstellen. Dort legen Sie Kurse an, registrieren Ihre Sch\u00fcler*innen und geben ihnen Zugriff auf ma\u00dfgeschneiderte Lernumgebungen.<\/p><p><strong>Was Sie hier finden:<\/strong><\/p><ul><li><strong>Einfache Registrierung:<\/strong> Melden Sie sich als Lehrkraft f\u00fcr den Jupyter Server an.<\/li><li><strong>Direkter Zugang zum Server:<\/strong> Stellen Sie individuelle Lernumgebungen zusammen und machen Sie diese Ihren Sch\u00fcler*innen verf\u00fcgbar.<\/li><li><strong>Unterst\u00fctzung beim Einstieg:<\/strong> Nutzen Sie unseren <strong>interaktiven Onboarding Wizard<\/strong> oder die <strong>Videotutorials<\/strong>, um den Server kennenzulernen.<\/li><\/ul>\t\t\t\t\t\t\t\t<\/div>\n\t\t\t\t<\/div>\n\t\t\t\t\t<\/div>\n\t\t\t\t<\/div>\n\t\t<div data-particle_enable=\"false\" data-particle-mobile-disabled=\"false\" class=\"elementor-element elementor-element-13f7a98 e-grid e-con-boxed e-con e-parent\" data-id=\"13f7a98\" data-element_type=\"container\" data-e-type=\"container\">\n\t\t\t\t\t<div class=\"e-con-inner\">\n\t\t\t\t<div class=\"elementor-element elementor-element-e0407c1 elementor-cta--skin-classic elementor-animated-content elementor-bg-transform elementor-bg-transform-zoom-in elementor-extension-display-condition-disabled elementor-widget elementor-widget-call-to-action\" data-id=\"e0407c1\" data-element_type=\"widget\" data-e-type=\"widget\" data-widget_type=\"call-to-action.default\">\n\t\t\t\t<div class=\"elementor-widget-container\">\n\t\t\t\t\t\t\t<a class=\"elementor-cta\" href=\"https:\/\/www.prodabi.de\/en\/jupyter-server\/\" target=\"_blank\">\n\t\t\t\t\t<div class=\"elementor-cta__bg-wrapper\">\n\t\t\t\t<div class=\"elementor-cta__bg elementor-bg\" style=\"background-image: url(https:\/\/www.prodabi.de\/wp-content\/plugins\/elementor\/assets\/images\/placeholder.png);\" role=\"img\" aria-label=\"\"><\/div>\n\t\t\t\t<div class=\"elementor-cta__bg-overlay\"><\/div>\n\t\t\t<\/div>\n\t\t\t\t\t\t\t<div class=\"elementor-cta__content\">\n\t\t\t\t\t\t\t\t\t<div class=\"elementor-content-item elementor-cta__content-item elementor-icon-wrapper elementor-cta__icon elementor-view-default\">\n\t\t\t\t\t\t<div class=\"elementor-icon\">\n\t\t\t\t\t\t\t<i aria-hidden=\"true\" class=\"far fa-pencil\"><\/i>\t\t\t\t\t\t<\/div>\n\t\t\t\t\t<\/div>\n\t\t\t\t\n\t\t\t\t\t\t\t\t\t<h2 class=\"elementor-cta__title elementor-cta__content-item elementor-content-item\">\n\t\t\t\t\t\tRegistrierung f\u00fcr den Jupyter Notebook Server\t\t\t\t\t<\/h2>\n\t\t\t\t\n\t\t\t\t\t\t\t\t\t<div class=\"elementor-cta__description elementor-cta__content-item elementor-content-item\">\n\t\t\t\t\t\tBeantragen Sie einen Lehrkr\u00e4fte-Zugang f\u00fcr den Jupyter Notebook Server\t\t\t\t\t<\/div>\n\t\t\t\t\n\t\t\t\t\t\t\t<\/div>\n\t\t\t\t\t\t<\/a>\n\t\t\t\t\t\t<\/div>\n\t\t\t\t<\/div>\n\t\t\t\t<div class=\"elementor-element elementor-element-750ec00 elementor-cta--skin-classic elementor-animated-content elementor-bg-transform elementor-bg-transform-zoom-in elementor-extension-display-condition-disabled elementor-widget elementor-widget-call-to-action\" data-id=\"750ec00\" data-element_type=\"widget\" data-e-type=\"widget\" data-widget_type=\"call-to-action.default\">\n\t\t\t\t<div class=\"elementor-widget-container\">\n\t\t\t\t\t\t\t<a class=\"elementor-cta\" href=\"https:\/\/dbis.cs.upb.de\/de\/\" target=\"_blank\">\n\t\t\t\t\t\t\t<div class=\"elementor-cta__content\">\n\t\t\t\t\t\t\t\t\t<div class=\"elementor-content-item elementor-cta__content-item elementor-cta__image\">\n\t\t\t\t\t\t<img decoding=\"async\" src=\"https:\/\/www.prodabi.de\/wp-content\/uploads\/elementor\/thumbs\/JupyterAdminTool-1-rk2di5bhj974f2d97qfd1dym9by9zxji3ixa0sl4vc.png\" title=\"JupyterAdminTool\" alt=\"JupyterAdminTool\" loading=\"lazy\" \/>\t\t\t\t\t<\/div>\n\t\t\t\t\n\t\t\t\t\t\t\t\t\t<h2 class=\"elementor-cta__title elementor-cta__content-item elementor-content-item\">\n\t\t\t\t\t\tJupyter Admin Tool\t\t\t\t\t<\/h2>\n\t\t\t\t\n\t\t\t\t\t\t\t\t\t<div class=\"elementor-cta__description elementor-cta__content-item elementor-content-item\">\n\t\t\t\t\t\tStellen Sie individuelle Jupyter Notebook Umgebungen zusammen, legen Sie Kurse f\u00fcr Ihre Lernenden an und Verwalten Sie diese im Jupyter Admin Tool\t\t\t\t\t<\/div>\n\t\t\t\t\n\t\t\t\t\t\t\t<\/div>\n\t\t\t\t\t\t<\/a>\n\t\t\t\t\t\t<\/div>\n\t\t\t\t<\/div>\n\t\t\t\t<div class=\"elementor-element elementor-element-01ea5a9 elementor-cta--skin-classic elementor-animated-content elementor-bg-transform elementor-bg-transform-zoom-in elementor-extension-display-condition-disabled elementor-widget elementor-widget-call-to-action\" data-id=\"01ea5a9\" data-element_type=\"widget\" data-e-type=\"widget\" data-widget_type=\"call-to-action.default\">\n\t\t\t\t<div class=\"elementor-widget-container\">\n\t\t\t\t\t\t\t<a class=\"elementor-cta\" href=\"https:\/\/dbis.cs.upb.de\/de\/onboarding\/\" target=\"_blank\">\n\t\t\t\t\t<div class=\"elementor-cta__bg-wrapper\">\n\t\t\t\t<div class=\"elementor-cta__bg elementor-bg\" style=\"background-image: url(https:\/\/www.prodabi.de\/wp-content\/plugins\/elementor\/assets\/images\/placeholder.png);\" role=\"img\" aria-label=\"\"><\/div>\n\t\t\t\t<div class=\"elementor-cta__bg-overlay\"><\/div>\n\t\t\t<\/div>\n\t\t\t\t\t\t\t<div class=\"elementor-cta__content\">\n\t\t\t\t\t\t\t\t\t<div class=\"elementor-content-item elementor-cta__content-item elementor-icon-wrapper elementor-cta__icon elementor-view-default\">\n\t\t\t\t\t\t<div class=\"elementor-icon\">\n\t\t\t\t\t\t\t<i aria-hidden=\"true\" class=\"far fa-wand-magic\"><\/i>\t\t\t\t\t\t<\/div>\n\t\t\t\t\t<\/div>\n\t\t\t\t\n\t\t\t\t\t\t\t\t\t<h2 class=\"elementor-cta__title elementor-cta__content-item elementor-content-item\">\n\t\t\t\t\t\tOnboarding Wizard\t\t\t\t\t<\/h2>\n\t\t\t\t\n\t\t\t\t\t\t\t\t\t<span class=\"elementor-cta__description elementor-cta__content-item elementor-content-item\">\n\t\t\t\t\t\tInteraktive Tutorials f\u00fcr das Jupyter Admin Tool\n(Hinweis: Sie m\u00fcssen eingeloggt sein in das Jupyter Admin Tool)\t\t\t\t\t<\/span>\n\t\t\t\t\n\t\t\t\t\t\t\t<\/div>\n\t\t\t\t\t\t<\/a>\n\t\t\t\t\t\t<\/div>\n\t\t\t\t<\/div>\n\t\t\t\t<div class=\"elementor-element elementor-element-6d80b30 elementor-cta--skin-classic elementor-animated-content elementor-bg-transform elementor-bg-transform-zoom-in elementor-extension-display-condition-disabled elementor-widget elementor-widget-call-to-action\" data-id=\"6d80b30\" data-element_type=\"widget\" data-e-type=\"widget\" data-widget_type=\"call-to-action.default\">\n\t\t\t\t<div class=\"elementor-widget-container\">\n\t\t\t\t\t\t\t<a class=\"elementor-cta\" href=\"https:\/\/www.youtube.com\/playlist?list=PLUx-UumgWFXV00EgSBpaZLApmgYZmqQzF\" target=\"_blank\">\n\t\t\t\t\t<div class=\"elementor-cta__bg-wrapper\">\n\t\t\t\t<div class=\"elementor-cta__bg elementor-bg\" style=\"background-image: url(https:\/\/www.prodabi.de\/wp-content\/plugins\/elementor\/assets\/images\/placeholder.png);\" role=\"img\" aria-label=\"\"><\/div>\n\t\t\t\t<div class=\"elementor-cta__bg-overlay\"><\/div>\n\t\t\t<\/div>\n\t\t\t\t\t\t\t<div class=\"elementor-cta__content\">\n\t\t\t\t\t\t\t\t\t<div class=\"elementor-content-item elementor-cta__content-item elementor-icon-wrapper elementor-cta__icon elementor-view-default\">\n\t\t\t\t\t\t<div class=\"elementor-icon\">\n\t\t\t\t\t\t\t<i aria-hidden=\"true\" class=\"fab fa-youtube\"><\/i>\t\t\t\t\t\t<\/div>\n\t\t\t\t\t<\/div>\n\t\t\t\t\n\t\t\t\t\t\t\t\t\t<h2 class=\"elementor-cta__title elementor-cta__content-item elementor-content-item\">\n\t\t\t\t\t\tVideotutorials f\u00fcr den Jupyter Server und das Jupyter Admin Tool\t\t\t\t\t<\/h2>\n\t\t\t\t\n\t\t\t\t\t\t\t\t\t<div class=\"elementor-cta__description elementor-cta__content-item elementor-content-item\">\n\t\t\t\t\t\tVideos mit Erl\u00e4uterungen und Anleitungen zur Verwendung des Jupyter Notebook Servers und des Jupyter Admin Tools (werden fortlaufend erg\u00e4nzt)\t\t\t\t\t<\/div>\n\t\t\t\t\n\t\t\t\t\t\t\t<\/div>\n\t\t\t\t\t\t<\/a>\n\t\t\t\t\t\t<\/div>\n\t\t\t\t<\/div>\n\t\t\t\t\t<\/div>\n\t\t\t\t<\/div>\n\t\t\t\t<\/div>","protected":false},"excerpt":{"rendered":"<p>Mit dem Jupyter Toolkit bieten wir Lehrkr\u00e4ften eine flexible und benutzer*innenfreundliche Plattform, um interaktive Jupyter Notebooks f\u00fcr den Unterricht zu erstellen und bereitzustellen. Egal, ob Sie mit Ihren Lernenden Daten explorieren, KI-Modelle trainieren oder Datenbewusstsein f\u00f6rdern m\u00f6chten: Unsere Notebooks erm\u00f6glichen einen praxisnahen Einstieg in Data Science und K\u00fcnstliche Intelligenz \u2013 ganz ohne technische H\u00fcrden. Gleichzeitig [&hellip;]<\/p>\n","protected":false},"author":7,"featured_media":0,"parent":25369,"menu_order":13,"comment_status":"closed","ping_status":"closed","template":"","meta":{"site-sidebar-layout":"no-sidebar","site-content-layout":"page-builder","ast-site-content-layout":"full-width-container","site-content-style":"default","site-sidebar-style":"default","ast-global-header-display":"","ast-banner-title-visibility":"","ast-main-header-display":"","ast-hfb-above-header-display":"","ast-hfb-below-header-display":"","ast-hfb-mobile-header-display":"","site-post-title":"","ast-breadcrumbs-content":"","ast-featured-img":"disabled","footer-sml-layout":"","ast-disable-related-posts":"","theme-transparent-header-meta":"default","adv-header-id-meta":"","stick-header-meta":"","header-above-stick-meta":"","header-main-stick-meta":"","header-below-stick-meta":"","astra-migrate-meta-layouts":"set","ast-page-background-enabled":"default","ast-page-background-meta":{"desktop":{"background-color":"","background-image":"","background-repeat":"repeat","background-position":"center center","background-size":"auto","background-attachment":"scroll","background-type":"","background-media":"","overlay-type":"","overlay-color":"","overlay-opacity":"","overlay-gradient":""},"tablet":{"background-color":"","background-image":"","background-repeat":"repeat","background-position":"center center","background-size":"auto","background-attachment":"scroll","background-type":"","background-media":"","overlay-type":"","overlay-color":"","overlay-opacity":"","overlay-gradient":""},"mobile":{"background-color":"","background-image":"","background-repeat":"repeat","background-position":"center center","background-size":"auto","background-attachment":"scroll","background-type":"","background-media":"","overlay-type":"","overlay-color":"","overlay-opacity":"","overlay-gradient":""}},"ast-content-background-meta":{"desktop":{"background-color":"var(--ast-global-color-5)","background-image":"","background-repeat":"repeat","background-position":"center center","background-size":"auto","background-attachment":"scroll","background-type":"","background-media":"","overlay-type":"","overlay-color":"","overlay-opacity":"","overlay-gradient":""},"tablet":{"background-color":"var(--ast-global-color-5)","background-image":"","background-repeat":"repeat","background-position":"center center","background-size":"auto","background-attachment":"scroll","background-type":"","background-media":"","overlay-type":"","overlay-color":"","overlay-opacity":"","overlay-gradient":""},"mobile":{"background-color":"var(--ast-global-color-5)","background-image":"","background-repeat":"repeat","background-position":"center center","background-size":"auto","background-attachment":"scroll","background-type":"","background-media":"","overlay-type":"","overlay-color":"","overlay-opacity":"","overlay-gradient":""}},"footnotes":""},"class_list":["post-26321","page","type-page","status-publish","hentry"],"yoast_head":"<!-- This site is optimized with the Yoast SEO plugin v27.1.1 - https:\/\/yoast.com\/product\/yoast-seo-wordpress\/ -->\n<title>Jupyter-Toolkit - ProDaBi<\/title>\n<meta name=\"robots\" content=\"index, follow, max-snippet:-1, max-image-preview:large, max-video-preview:-1\" \/>\n<link rel=\"canonical\" href=\"https:\/\/www.prodabi.de\/en\/unterricht\/toolkit\/jupyter\/\" \/>\n<meta property=\"og:locale\" content=\"en_US\" \/>\n<meta property=\"og:type\" content=\"article\" \/>\n<meta property=\"og:title\" content=\"Jupyter-Toolkit - ProDaBi\" \/>\n<meta property=\"og:description\" content=\"Mit dem Jupyter Toolkit bieten wir Lehrkr\u00e4ften eine flexible und benutzer*innenfreundliche Plattform, um interaktive Jupyter Notebooks f\u00fcr den Unterricht zu erstellen und bereitzustellen. Egal, ob Sie mit Ihren Lernenden Daten explorieren, KI-Modelle trainieren oder Datenbewusstsein f\u00f6rdern m\u00f6chten: Unsere Notebooks erm\u00f6glichen einen praxisnahen Einstieg in Data Science und K\u00fcnstliche Intelligenz \u2013 ganz ohne technische H\u00fcrden. Gleichzeitig [&hellip;]\" \/>\n<meta property=\"og:url\" content=\"https:\/\/www.prodabi.de\/en\/unterricht\/toolkit\/jupyter\/\" \/>\n<meta property=\"og:site_name\" content=\"ProDaBi\" \/>\n<meta property=\"article:modified_time\" content=\"2026-03-09T14:47:51+00:00\" \/>\n<meta property=\"og:image\" content=\"https:\/\/www.prodabi.de\/wp-content\/uploads\/elementor\/thumbs\/JupyterAdminTool-1-rk2di5bhj974f2d97qfd1dym9by9zxji3ixa0sl4vc.png\" \/>\n<meta name=\"twitter:card\" content=\"summary_large_image\" \/>\n<meta name=\"twitter:label1\" content=\"Est. reading time\" \/>\n\t<meta name=\"twitter:data1\" content=\"2 minutes\" \/>\n<script type=\"application\/ld+json\" class=\"yoast-schema-graph\">{\"@context\":\"https:\/\/schema.org\",\"@graph\":[{\"@type\":\"WebPage\",\"@id\":\"https:\/\/www.prodabi.de\/unterricht\/toolkit\/jupyter\/\",\"url\":\"https:\/\/www.prodabi.de\/unterricht\/toolkit\/jupyter\/\",\"name\":\"Jupyter-Toolkit - ProDaBi\",\"isPartOf\":{\"@id\":\"https:\/\/www.prodabi.de\/#website\"},\"primaryImageOfPage\":{\"@id\":\"https:\/\/www.prodabi.de\/unterricht\/toolkit\/jupyter\/#primaryimage\"},\"image\":{\"@id\":\"https:\/\/www.prodabi.de\/unterricht\/toolkit\/jupyter\/#primaryimage\"},\"thumbnailUrl\":\"https:\/\/www.prodabi.de\/wp-content\/uploads\/elementor\/thumbs\/JupyterAdminTool-1-rk2di5bhj974f2d97qfd1dym9by9zxji3ixa0sl4vc.png\",\"datePublished\":\"2024-08-29T06:30:37+00:00\",\"dateModified\":\"2026-03-09T14:47:51+00:00\",\"breadcrumb\":{\"@id\":\"https:\/\/www.prodabi.de\/unterricht\/toolkit\/jupyter\/#breadcrumb\"},\"inLanguage\":\"en-US\",\"potentialAction\":[{\"@type\":\"ReadAction\",\"target\":[\"https:\/\/www.prodabi.de\/unterricht\/toolkit\/jupyter\/\"]}]},{\"@type\":\"ImageObject\",\"inLanguage\":\"en-US\",\"@id\":\"https:\/\/www.prodabi.de\/unterricht\/toolkit\/jupyter\/#primaryimage\",\"url\":\"https:\/\/www.prodabi.de\/wp-content\/uploads\/elementor\/thumbs\/JupyterAdminTool-1-rk2di5bhj974f2d97qfd1dym9by9zxji3ixa0sl4vc.png\",\"contentUrl\":\"https:\/\/www.prodabi.de\/wp-content\/uploads\/elementor\/thumbs\/JupyterAdminTool-1-rk2di5bhj974f2d97qfd1dym9by9zxji3ixa0sl4vc.png\"},{\"@type\":\"BreadcrumbList\",\"@id\":\"https:\/\/www.prodabi.de\/unterricht\/toolkit\/jupyter\/#breadcrumb\",\"itemListElement\":[{\"@type\":\"ListItem\",\"position\":1,\"name\":\"Startseite\",\"item\":\"https:\/\/www.prodabi.de\/\"},{\"@type\":\"ListItem\",\"position\":2,\"name\":\"Unterricht\",\"item\":\"https:\/\/www.prodabi.de\/unterricht\/\"},{\"@type\":\"ListItem\",\"position\":3,\"name\":\"Toolkit\",\"item\":\"https:\/\/www.prodabi.de\/unterricht\/toolkit\/\"},{\"@type\":\"ListItem\",\"position\":4,\"name\":\"Jupyter-Toolkit\"}]},{\"@type\":\"WebSite\",\"@id\":\"https:\/\/www.prodabi.de\/#website\",\"url\":\"https:\/\/www.prodabi.de\/\",\"name\":\"ProDaBi\",\"description\":\"\",\"publisher\":{\"@id\":\"https:\/\/www.prodabi.de\/#organization\"},\"potentialAction\":[{\"@type\":\"SearchAction\",\"target\":{\"@type\":\"EntryPoint\",\"urlTemplate\":\"https:\/\/www.prodabi.de\/?s={search_term_string}\"},\"query-input\":{\"@type\":\"PropertyValueSpecification\",\"valueRequired\":true,\"valueName\":\"search_term_string\"}}],\"inLanguage\":\"en-US\"},{\"@type\":\"Organization\",\"@id\":\"https:\/\/www.prodabi.de\/#organization\",\"name\":\"ProDaBi\",\"url\":\"https:\/\/www.prodabi.de\/\",\"logo\":{\"@type\":\"ImageObject\",\"inLanguage\":\"en-US\",\"@id\":\"https:\/\/www.prodabi.de\/#\/schema\/logo\/image\/\",\"url\":\"https:\/\/www.prodabi.de\/wp-content\/uploads\/Logo_ProDaBi.png\",\"contentUrl\":\"https:\/\/www.prodabi.de\/wp-content\/uploads\/Logo_ProDaBi.png\",\"width\":1141,\"height\":428,\"caption\":\"ProDaBi\"},\"image\":{\"@id\":\"https:\/\/www.prodabi.de\/#\/schema\/logo\/image\/\"}}]}<\/script>\n<!-- \/ Yoast SEO plugin. -->","yoast_head_json":{"title":"Jupyter-Toolkit - ProDaBi","robots":{"index":"index","follow":"follow","max-snippet":"max-snippet:-1","max-image-preview":"max-image-preview:large","max-video-preview":"max-video-preview:-1"},"canonical":"https:\/\/www.prodabi.de\/en\/unterricht\/toolkit\/jupyter\/","og_locale":"en_US","og_type":"article","og_title":"Jupyter-Toolkit - ProDaBi","og_description":"Mit dem Jupyter Toolkit bieten wir Lehrkr\u00e4ften eine flexible und benutzer*innenfreundliche Plattform, um interaktive Jupyter Notebooks f\u00fcr den Unterricht zu erstellen und bereitzustellen. Egal, ob Sie mit Ihren Lernenden Daten explorieren, KI-Modelle trainieren oder Datenbewusstsein f\u00f6rdern m\u00f6chten: Unsere Notebooks erm\u00f6glichen einen praxisnahen Einstieg in Data Science und K\u00fcnstliche Intelligenz \u2013 ganz ohne technische H\u00fcrden. Gleichzeitig [&hellip;]","og_url":"https:\/\/www.prodabi.de\/en\/unterricht\/toolkit\/jupyter\/","og_site_name":"ProDaBi","article_modified_time":"2026-03-09T14:47:51+00:00","og_image":[{"url":"https:\/\/www.prodabi.de\/wp-content\/uploads\/elementor\/thumbs\/JupyterAdminTool-1-rk2di5bhj974f2d97qfd1dym9by9zxji3ixa0sl4vc.png","type":"","width":"","height":""}],"twitter_card":"summary_large_image","twitter_misc":{"Est. reading time":"2 minutes"},"schema":{"@context":"https:\/\/schema.org","@graph":[{"@type":"WebPage","@id":"https:\/\/www.prodabi.de\/unterricht\/toolkit\/jupyter\/","url":"https:\/\/www.prodabi.de\/unterricht\/toolkit\/jupyter\/","name":"Jupyter-Toolkit - ProDaBi","isPartOf":{"@id":"https:\/\/www.prodabi.de\/#website"},"primaryImageOfPage":{"@id":"https:\/\/www.prodabi.de\/unterricht\/toolkit\/jupyter\/#primaryimage"},"image":{"@id":"https:\/\/www.prodabi.de\/unterricht\/toolkit\/jupyter\/#primaryimage"},"thumbnailUrl":"https:\/\/www.prodabi.de\/wp-content\/uploads\/elementor\/thumbs\/JupyterAdminTool-1-rk2di5bhj974f2d97qfd1dym9by9zxji3ixa0sl4vc.png","datePublished":"2024-08-29T06:30:37+00:00","dateModified":"2026-03-09T14:47:51+00:00","breadcrumb":{"@id":"https:\/\/www.prodabi.de\/unterricht\/toolkit\/jupyter\/#breadcrumb"},"inLanguage":"en-US","potentialAction":[{"@type":"ReadAction","target":["https:\/\/www.prodabi.de\/unterricht\/toolkit\/jupyter\/"]}]},{"@type":"ImageObject","inLanguage":"en-US","@id":"https:\/\/www.prodabi.de\/unterricht\/toolkit\/jupyter\/#primaryimage","url":"https:\/\/www.prodabi.de\/wp-content\/uploads\/elementor\/thumbs\/JupyterAdminTool-1-rk2di5bhj974f2d97qfd1dym9by9zxji3ixa0sl4vc.png","contentUrl":"https:\/\/www.prodabi.de\/wp-content\/uploads\/elementor\/thumbs\/JupyterAdminTool-1-rk2di5bhj974f2d97qfd1dym9by9zxji3ixa0sl4vc.png"},{"@type":"BreadcrumbList","@id":"https:\/\/www.prodabi.de\/unterricht\/toolkit\/jupyter\/#breadcrumb","itemListElement":[{"@type":"ListItem","position":1,"name":"Startseite","item":"https:\/\/www.prodabi.de\/"},{"@type":"ListItem","position":2,"name":"Unterricht","item":"https:\/\/www.prodabi.de\/unterricht\/"},{"@type":"ListItem","position":3,"name":"Toolkit","item":"https:\/\/www.prodabi.de\/unterricht\/toolkit\/"},{"@type":"ListItem","position":4,"name":"Jupyter-Toolkit"}]},{"@type":"WebSite","@id":"https:\/\/www.prodabi.de\/#website","url":"https:\/\/www.prodabi.de\/","name":"ProDaBi","description":"","publisher":{"@id":"https:\/\/www.prodabi.de\/#organization"},"potentialAction":[{"@type":"SearchAction","target":{"@type":"EntryPoint","urlTemplate":"https:\/\/www.prodabi.de\/?s={search_term_string}"},"query-input":{"@type":"PropertyValueSpecification","valueRequired":true,"valueName":"search_term_string"}}],"inLanguage":"en-US"},{"@type":"Organization","@id":"https:\/\/www.prodabi.de\/#organization","name":"ProDaBi","url":"https:\/\/www.prodabi.de\/","logo":{"@type":"ImageObject","inLanguage":"en-US","@id":"https:\/\/www.prodabi.de\/#\/schema\/logo\/image\/","url":"https:\/\/www.prodabi.de\/wp-content\/uploads\/Logo_ProDaBi.png","contentUrl":"https:\/\/www.prodabi.de\/wp-content\/uploads\/Logo_ProDaBi.png","width":1141,"height":428,"caption":"ProDaBi"},"image":{"@id":"https:\/\/www.prodabi.de\/#\/schema\/logo\/image\/"}}]}},"_links":{"self":[{"href":"https:\/\/www.prodabi.de\/en\/wp-json\/wp\/v2\/pages\/26321","targetHints":{"allow":["GET"]}}],"collection":[{"href":"https:\/\/www.prodabi.de\/en\/wp-json\/wp\/v2\/pages"}],"about":[{"href":"https:\/\/www.prodabi.de\/en\/wp-json\/wp\/v2\/types\/page"}],"author":[{"embeddable":true,"href":"https:\/\/www.prodabi.de\/en\/wp-json\/wp\/v2\/users\/7"}],"replies":[{"embeddable":true,"href":"https:\/\/www.prodabi.de\/en\/wp-json\/wp\/v2\/comments?post=26321"}],"version-history":[{"count":0,"href":"https:\/\/www.prodabi.de\/en\/wp-json\/wp\/v2\/pages\/26321\/revisions"}],"up":[{"embeddable":true,"href":"https:\/\/www.prodabi.de\/en\/wp-json\/wp\/v2\/pages\/25369"}],"wp:attachment":[{"href":"https:\/\/www.prodabi.de\/en\/wp-json\/wp\/v2\/media?parent=26321"}],"curies":[{"name":"wp","href":"https:\/\/api.w.org\/{rel}","templated":true}]}}