{"id":26220,"date":"2024-05-13T08:43:26","date_gmt":"2024-05-13T06:43:26","guid":{"rendered":"https:\/\/www.prodabi.de\/?page_id=26220"},"modified":"2025-01-16T14:11:06","modified_gmt":"2025-01-16T13:11:06","slug":"jupyter-toolkit-prototyp","status":"publish","type":"page","link":"https:\/\/www.prodabi.de\/en\/jupyter-toolkit-prototyp\/","title":{"rendered":"Jupyter Toolkit \u00dcberblick"},"content":{"rendered":"<div data-elementor-type=\"wp-page\" data-elementor-id=\"26220\" class=\"elementor elementor-26220\" data-elementor-post-type=\"page\">\n\t\t\t\t<div data-particle_enable=\"false\" data-particle-mobile-disabled=\"false\" class=\"elementor-element elementor-element-d943f5d e-flex e-con-boxed e-con e-parent\" data-id=\"d943f5d\" data-element_type=\"container\" data-e-type=\"container\">\n\t\t\t\t\t<div class=\"e-con-inner\">\n\t\t<div data-particle_enable=\"false\" data-particle-mobile-disabled=\"false\" class=\"elementor-element elementor-element-8b3715a e-flex e-con-boxed e-con e-child\" data-id=\"8b3715a\" data-element_type=\"container\" data-e-type=\"container\">\n\t\t\t\t\t<div class=\"e-con-inner\">\n\t\t<div data-particle_enable=\"false\" data-particle-mobile-disabled=\"false\" class=\"elementor-element elementor-element-674f7a1 e-con-full e-flex e-con e-child\" data-id=\"674f7a1\" data-element_type=\"container\" data-e-type=\"container\">\n\t\t\t\t<div class=\"elementor-element elementor-element-be0d7f2 elementor-cta--skin-classic elementor-animated-content elementor-bg-transform elementor-bg-transform-zoom-in elementor-extension-display-condition-disabled elementor-widget elementor-widget-call-to-action\" data-id=\"be0d7f2\" data-element_type=\"widget\" data-e-type=\"widget\" data-widget_type=\"call-to-action.default\">\n\t\t\t\t<div class=\"elementor-widget-container\">\n\t\t\t\t\t\t\t<a class=\"elementor-cta\" href=\"https:\/\/www.prodabi.de\/en\/?page_id=26221\">\n\t\t\t\t\t\t\t<div class=\"elementor-cta__content\">\n\t\t\t\t\t\t\t\t\t<div class=\"elementor-content-item elementor-cta__content-item elementor-cta__image\">\n\t\t\t\t\t\t<img fetchpriority=\"high\" decoding=\"async\" width=\"1133\" height=\"872\" src=\"https:\/\/www.prodabi.de\/wp-content\/uploads\/Beispielbild-Toolkit-Jupyter-Standortdaten.png\" class=\"attachment-full size-full wp-image-26229\" alt=\"\" srcset=\"https:\/\/www.prodabi.de\/wp-content\/uploads\/Beispielbild-Toolkit-Jupyter-Standortdaten.png 1133w, https:\/\/www.prodabi.de\/wp-content\/uploads\/Beispielbild-Toolkit-Jupyter-Standortdaten-512x394.png 512w, https:\/\/www.prodabi.de\/wp-content\/uploads\/Beispielbild-Toolkit-Jupyter-Standortdaten-1024x788.png 1024w, https:\/\/www.prodabi.de\/wp-content\/uploads\/Beispielbild-Toolkit-Jupyter-Standortdaten-768x591.png 768w, https:\/\/www.prodabi.de\/wp-content\/uploads\/Beispielbild-Toolkit-Jupyter-Standortdaten-16x12.png 16w\" sizes=\"(max-width: 1133px) 100vw, 1133px\" \/>\t\t\t\t\t<\/div>\n\t\t\t\t\n\t\t\t\t\t\t\t\t\t<h2 class=\"elementor-cta__title elementor-cta__content-item elementor-content-item\">\n\t\t\t\t\t\tJupyter f\u00fcr interaktive Arbeitsbl\u00e4tter\t\t\t\t\t<\/h2>\n\t\t\t\t\n\t\t\t\t\t\t\t\t\t<div class=\"elementor-cta__description elementor-cta__content-item elementor-content-item\">\n\t\t\t\t\t\tJupyter Notebooks k\u00f6nnen als interaktive Arbeitsbl\u00e4tter mit Widgets, Diagrammen, Karten o.\u00e4. dienen. Der Code ist hierbei meistens versteckt.\t\t\t\t\t<\/div>\n\t\t\t\t\n\t\t\t\t\t\t\t<\/div>\n\t\t\t\t\t\t<\/a>\n\t\t\t\t\t\t<\/div>\n\t\t\t\t<\/div>\n\t\t\t\t<\/div>\n\t\t<div data-particle_enable=\"false\" data-particle-mobile-disabled=\"false\" class=\"elementor-element elementor-element-d11e565 e-con-full e-flex e-con e-child\" data-id=\"d11e565\" data-element_type=\"container\" data-e-type=\"container\">\n\t\t\t\t<div class=\"elementor-element elementor-element-13db199 elementor-cta--skin-classic elementor-animated-content elementor-bg-transform elementor-bg-transform-zoom-in elementor-extension-display-condition-disabled elementor-widget elementor-widget-call-to-action\" data-id=\"13db199\" data-element_type=\"widget\" data-e-type=\"widget\" data-widget_type=\"call-to-action.default\">\n\t\t\t\t<div class=\"elementor-widget-container\">\n\t\t\t\t\t\t\t<a class=\"elementor-cta\" href=\"https:\/\/www.prodabi.de\/en\/?page_id=26221\">\n\t\t\t\t\t\t\t<div class=\"elementor-cta__content\">\n\t\t\t\t\t\t\t\t\t<div class=\"elementor-content-item elementor-cta__content-item elementor-cta__image\">\n\t\t\t\t\t\t<img decoding=\"async\" width=\"1106\" height=\"839\" src=\"https:\/\/www.prodabi.de\/wp-content\/uploads\/Beispielbild-Toolkit-Jupyter-Empfehlungsdienste.png\" class=\"attachment-full size-full wp-image-26226\" alt=\"\" srcset=\"https:\/\/www.prodabi.de\/wp-content\/uploads\/Beispielbild-Toolkit-Jupyter-Empfehlungsdienste.png 1106w, https:\/\/www.prodabi.de\/wp-content\/uploads\/Beispielbild-Toolkit-Jupyter-Empfehlungsdienste-512x388.png 512w, https:\/\/www.prodabi.de\/wp-content\/uploads\/Beispielbild-Toolkit-Jupyter-Empfehlungsdienste-1024x777.png 1024w, https:\/\/www.prodabi.de\/wp-content\/uploads\/Beispielbild-Toolkit-Jupyter-Empfehlungsdienste-768x583.png 768w, https:\/\/www.prodabi.de\/wp-content\/uploads\/Beispielbild-Toolkit-Jupyter-Empfehlungsdienste-16x12.png 16w\" sizes=\"(max-width: 1106px) 100vw, 1106px\" \/>\t\t\t\t\t<\/div>\n\t\t\t\t\n\t\t\t\t\t\t\t\t\t<h2 class=\"elementor-cta__title elementor-cta__content-item elementor-content-item\">\n\t\t\t\t\t\tJupyter f\u00fcr adaptierbare Arbeitsbl\u00e4tter\t\t\t\t\t<\/h2>\n\t\t\t\t\n\t\t\t\t\t\t\t\t\t<div class=\"elementor-cta__description elementor-cta__content-item elementor-content-item\">\n\t\t\t\t\t\tJupyter Notebooks kann der Code offengelegt werden, sodass Sch\u00fcler:innen darin \u00c4nderungen und Erg\u00e4nzungen vornehmen k\u00f6nnen.\t\t\t\t\t<\/div>\n\t\t\t\t\n\t\t\t\t\t\t\t<\/div>\n\t\t\t\t\t\t<\/a>\n\t\t\t\t\t\t<\/div>\n\t\t\t\t<\/div>\n\t\t\t\t<\/div>\n\t\t<div data-particle_enable=\"false\" data-particle-mobile-disabled=\"false\" class=\"elementor-element elementor-element-a67ecf6 e-con-full e-flex e-con e-child\" data-id=\"a67ecf6\" data-element_type=\"container\" data-e-type=\"container\">\n\t\t\t\t<div class=\"elementor-element elementor-element-824024e elementor-cta--skin-classic elementor-animated-content elementor-bg-transform elementor-bg-transform-zoom-in elementor-extension-display-condition-disabled elementor-widget elementor-widget-call-to-action\" data-id=\"824024e\" data-element_type=\"widget\" data-e-type=\"widget\" data-widget_type=\"call-to-action.default\">\n\t\t\t\t<div class=\"elementor-widget-container\">\n\t\t\t\t\t\t\t<a class=\"elementor-cta\" href=\"https:\/\/www.prodabi.de\/en\/?page_id=26221\">\n\t\t\t\t\t\t\t<div class=\"elementor-cta__content\">\n\t\t\t\t\t\t\t\t\t<div class=\"elementor-content-item elementor-cta__content-item elementor-cta__image\">\n\t\t\t\t\t\t<img decoding=\"async\" width=\"1050\" height=\"774\" src=\"https:\/\/www.prodabi.de\/wp-content\/uploads\/Beispielbild-Toolkit-Jupyter-leeres-Notebook.png\" class=\"attachment-full size-full wp-image-26227\" alt=\"\" srcset=\"https:\/\/www.prodabi.de\/wp-content\/uploads\/Beispielbild-Toolkit-Jupyter-leeres-Notebook.png 1050w, https:\/\/www.prodabi.de\/wp-content\/uploads\/Beispielbild-Toolkit-Jupyter-leeres-Notebook-512x377.png 512w, https:\/\/www.prodabi.de\/wp-content\/uploads\/Beispielbild-Toolkit-Jupyter-leeres-Notebook-1024x755.png 1024w, https:\/\/www.prodabi.de\/wp-content\/uploads\/Beispielbild-Toolkit-Jupyter-leeres-Notebook-768x566.png 768w, https:\/\/www.prodabi.de\/wp-content\/uploads\/Beispielbild-Toolkit-Jupyter-leeres-Notebook-16x12.png 16w\" sizes=\"(max-width: 1050px) 100vw, 1050px\" \/>\t\t\t\t\t<\/div>\n\t\t\t\t\n\t\t\t\t\t\t\t\t\t<h2 class=\"elementor-cta__title elementor-cta__content-item elementor-content-item\">\n\t\t\t\t\t\tJupyter f\u00fcr eigenes Programmieren\t\t\t\t\t<\/h2>\n\t\t\t\t\n\t\t\t\t\t\t\t\t\t<div class=\"elementor-cta__description elementor-cta__content-item elementor-content-item\">\n\t\t\t\t\t\tSch\u00fcler:innen k\u00f6nnen eigene Jupyter Notebooks erstellen. Zur Orientierung k\u00f6nnen hierbei auch exemplarische Jupyter Notebooks als Vorlagen bereitgestellt werden.\t\t\t\t\t<\/div>\n\t\t\t\t\n\t\t\t\t\t\t\t<\/div>\n\t\t\t\t\t\t<\/a>\n\t\t\t\t\t\t<\/div>\n\t\t\t\t<\/div>\n\t\t\t\t<\/div>\n\t\t\t\t\t<\/div>\n\t\t\t\t<\/div>\n\t\t\t\t\t<\/div>\n\t\t\t\t<\/div>\n\t\t\t\t<\/div>","protected":false},"excerpt":{"rendered":"<p>Jupyter f\u00fcr interaktive Arbeitsbl\u00e4tter Jupyter Notebooks k\u00f6nnen als interaktive Arbeitsbl\u00e4tter mit Widgets, Diagrammen, Karten o.\u00e4. dienen. Der Code ist hierbei meistens versteckt. Jupyter f\u00fcr adaptierbare Arbeitsbl\u00e4tter Jupyter Notebooks kann der Code offengelegt werden, sodass Sch\u00fcler:innen darin \u00c4nderungen und Erg\u00e4nzungen vornehmen k\u00f6nnen. Jupyter f\u00fcr eigenes Programmieren Sch\u00fcler:innen k\u00f6nnen eigene Jupyter Notebooks erstellen. Zur Orientierung k\u00f6nnen hierbei [&hellip;]<\/p>\n","protected":false},"author":4,"featured_media":0,"parent":0,"menu_order":19,"comment_status":"closed","ping_status":"closed","template":"","meta":{"site-sidebar-layout":"no-sidebar","site-content-layout":"page-builder","ast-site-content-layout":"full-width-container","site-content-style":"unboxed","site-sidebar-style":"unboxed","ast-global-header-display":"","ast-banner-title-visibility":"","ast-main-header-display":"","ast-hfb-above-header-display":"","ast-hfb-below-header-display":"","ast-hfb-mobile-header-display":"","site-post-title":"disabled","ast-breadcrumbs-content":"","ast-featured-img":"disabled","footer-sml-layout":"","ast-disable-related-posts":"","theme-transparent-header-meta":"default","adv-header-id-meta":"","stick-header-meta":"","header-above-stick-meta":"","header-main-stick-meta":"","header-below-stick-meta":"","astra-migrate-meta-layouts":"set","ast-page-background-enabled":"default","ast-page-background-meta":{"desktop":{"background-color":"","background-image":"","background-repeat":"repeat","background-position":"center center","background-size":"auto","background-attachment":"scroll","background-type":"","background-media":"","overlay-type":"","overlay-color":"","overlay-opacity":"","overlay-gradient":""},"tablet":{"background-color":"","background-image":"","background-repeat":"repeat","background-position":"center center","background-size":"auto","background-attachment":"scroll","background-type":"","background-media":"","overlay-type":"","overlay-color":"","overlay-opacity":"","overlay-gradient":""},"mobile":{"background-color":"","background-image":"","background-repeat":"repeat","background-position":"center center","background-size":"auto","background-attachment":"scroll","background-type":"","background-media":"","overlay-type":"","overlay-color":"","overlay-opacity":"","overlay-gradient":""}},"ast-content-background-meta":{"desktop":{"background-color":"var(--ast-global-color-5)","background-image":"","background-repeat":"repeat","background-position":"center center","background-size":"auto","background-attachment":"scroll","background-type":"","background-media":"","overlay-type":"","overlay-color":"","overlay-opacity":"","overlay-gradient":""},"tablet":{"background-color":"var(--ast-global-color-5)","background-image":"","background-repeat":"repeat","background-position":"center center","background-size":"auto","background-attachment":"scroll","background-type":"","background-media":"","overlay-type":"","overlay-color":"","overlay-opacity":"","overlay-gradient":""},"mobile":{"background-color":"var(--ast-global-color-5)","background-image":"","background-repeat":"repeat","background-position":"center center","background-size":"auto","background-attachment":"scroll","background-type":"","background-media":"","overlay-type":"","overlay-color":"","overlay-opacity":"","overlay-gradient":""}},"footnotes":""},"class_list":["post-26220","page","type-page","status-publish","hentry"],"yoast_head":"<!-- This site is optimized with the Yoast SEO plugin v27.1.1 - https:\/\/yoast.com\/product\/yoast-seo-wordpress\/ -->\n<title>Jupyter Toolkit \u00dcberblick - ProDaBi<\/title>\n<meta name=\"robots\" content=\"index, follow, max-snippet:-1, max-image-preview:large, max-video-preview:-1\" \/>\n<link rel=\"canonical\" href=\"https:\/\/www.prodabi.de\/en\/jupyter-toolkit-prototyp\/\" \/>\n<meta property=\"og:locale\" content=\"en_US\" \/>\n<meta property=\"og:type\" content=\"article\" \/>\n<meta property=\"og:title\" content=\"Jupyter Toolkit \u00dcberblick - ProDaBi\" \/>\n<meta property=\"og:description\" content=\"Jupyter f\u00fcr interaktive Arbeitsbl\u00e4tter Jupyter Notebooks k\u00f6nnen als interaktive Arbeitsbl\u00e4tter mit Widgets, Diagrammen, Karten o.\u00e4. dienen. Der Code ist hierbei meistens versteckt. Jupyter f\u00fcr adaptierbare Arbeitsbl\u00e4tter Jupyter Notebooks kann der Code offengelegt werden, sodass Sch\u00fcler:innen darin \u00c4nderungen und Erg\u00e4nzungen vornehmen k\u00f6nnen. Jupyter f\u00fcr eigenes Programmieren Sch\u00fcler:innen k\u00f6nnen eigene Jupyter Notebooks erstellen. Zur Orientierung k\u00f6nnen hierbei [&hellip;]\" \/>\n<meta property=\"og:url\" content=\"https:\/\/www.prodabi.de\/en\/jupyter-toolkit-prototyp\/\" \/>\n<meta property=\"og:site_name\" content=\"ProDaBi\" \/>\n<meta property=\"article:modified_time\" content=\"2025-01-16T13:11:06+00:00\" \/>\n<meta property=\"og:image\" content=\"https:\/\/www.prodabi.de\/wp-content\/uploads\/Beispielbild-Toolkit-Jupyter-Standortdaten.png\" \/>\n<meta name=\"twitter:card\" content=\"summary_large_image\" \/>\n<meta name=\"twitter:label1\" content=\"Est. reading time\" \/>\n\t<meta name=\"twitter:data1\" content=\"1 minute\" \/>\n<script type=\"application\/ld+json\" class=\"yoast-schema-graph\">{\"@context\":\"https:\/\/schema.org\",\"@graph\":[{\"@type\":\"WebPage\",\"@id\":\"https:\/\/www.prodabi.de\/jupyter-toolkit-prototyp\/\",\"url\":\"https:\/\/www.prodabi.de\/jupyter-toolkit-prototyp\/\",\"name\":\"Jupyter Toolkit \u00dcberblick - ProDaBi\",\"isPartOf\":{\"@id\":\"https:\/\/www.prodabi.de\/#website\"},\"primaryImageOfPage\":{\"@id\":\"https:\/\/www.prodabi.de\/jupyter-toolkit-prototyp\/#primaryimage\"},\"image\":{\"@id\":\"https:\/\/www.prodabi.de\/jupyter-toolkit-prototyp\/#primaryimage\"},\"thumbnailUrl\":\"https:\/\/www.prodabi.de\/wp-content\/uploads\/Beispielbild-Toolkit-Jupyter-Standortdaten.png\",\"datePublished\":\"2024-05-13T06:43:26+00:00\",\"dateModified\":\"2025-01-16T13:11:06+00:00\",\"breadcrumb\":{\"@id\":\"https:\/\/www.prodabi.de\/jupyter-toolkit-prototyp\/#breadcrumb\"},\"inLanguage\":\"en-US\",\"potentialAction\":[{\"@type\":\"ReadAction\",\"target\":[\"https:\/\/www.prodabi.de\/jupyter-toolkit-prototyp\/\"]}]},{\"@type\":\"ImageObject\",\"inLanguage\":\"en-US\",\"@id\":\"https:\/\/www.prodabi.de\/jupyter-toolkit-prototyp\/#primaryimage\",\"url\":\"https:\/\/www.prodabi.de\/wp-content\/uploads\/Beispielbild-Toolkit-Jupyter-Standortdaten.png\",\"contentUrl\":\"https:\/\/www.prodabi.de\/wp-content\/uploads\/Beispielbild-Toolkit-Jupyter-Standortdaten.png\"},{\"@type\":\"BreadcrumbList\",\"@id\":\"https:\/\/www.prodabi.de\/jupyter-toolkit-prototyp\/#breadcrumb\",\"itemListElement\":[{\"@type\":\"ListItem\",\"position\":1,\"name\":\"Startseite\",\"item\":\"https:\/\/www.prodabi.de\/\"},{\"@type\":\"ListItem\",\"position\":2,\"name\":\"Jupyter Toolkit \u00dcberblick\"}]},{\"@type\":\"WebSite\",\"@id\":\"https:\/\/www.prodabi.de\/#website\",\"url\":\"https:\/\/www.prodabi.de\/\",\"name\":\"ProDaBi\",\"description\":\"\",\"publisher\":{\"@id\":\"https:\/\/www.prodabi.de\/#organization\"},\"potentialAction\":[{\"@type\":\"SearchAction\",\"target\":{\"@type\":\"EntryPoint\",\"urlTemplate\":\"https:\/\/www.prodabi.de\/?s={search_term_string}\"},\"query-input\":{\"@type\":\"PropertyValueSpecification\",\"valueRequired\":true,\"valueName\":\"search_term_string\"}}],\"inLanguage\":\"en-US\"},{\"@type\":\"Organization\",\"@id\":\"https:\/\/www.prodabi.de\/#organization\",\"name\":\"ProDaBi\",\"url\":\"https:\/\/www.prodabi.de\/\",\"logo\":{\"@type\":\"ImageObject\",\"inLanguage\":\"en-US\",\"@id\":\"https:\/\/www.prodabi.de\/#\/schema\/logo\/image\/\",\"url\":\"https:\/\/www.prodabi.de\/wp-content\/uploads\/Logo_ProDaBi.png\",\"contentUrl\":\"https:\/\/www.prodabi.de\/wp-content\/uploads\/Logo_ProDaBi.png\",\"width\":1141,\"height\":428,\"caption\":\"ProDaBi\"},\"image\":{\"@id\":\"https:\/\/www.prodabi.de\/#\/schema\/logo\/image\/\"}}]}<\/script>\n<!-- \/ Yoast SEO plugin. -->","yoast_head_json":{"title":"Jupyter Toolkit \u00dcberblick - ProDaBi","robots":{"index":"index","follow":"follow","max-snippet":"max-snippet:-1","max-image-preview":"max-image-preview:large","max-video-preview":"max-video-preview:-1"},"canonical":"https:\/\/www.prodabi.de\/en\/jupyter-toolkit-prototyp\/","og_locale":"en_US","og_type":"article","og_title":"Jupyter Toolkit \u00dcberblick - ProDaBi","og_description":"Jupyter f\u00fcr interaktive Arbeitsbl\u00e4tter Jupyter Notebooks k\u00f6nnen als interaktive Arbeitsbl\u00e4tter mit Widgets, Diagrammen, Karten o.\u00e4. dienen. Der Code ist hierbei meistens versteckt. Jupyter f\u00fcr adaptierbare Arbeitsbl\u00e4tter Jupyter Notebooks kann der Code offengelegt werden, sodass Sch\u00fcler:innen darin \u00c4nderungen und Erg\u00e4nzungen vornehmen k\u00f6nnen. Jupyter f\u00fcr eigenes Programmieren Sch\u00fcler:innen k\u00f6nnen eigene Jupyter Notebooks erstellen. Zur Orientierung k\u00f6nnen hierbei [&hellip;]","og_url":"https:\/\/www.prodabi.de\/en\/jupyter-toolkit-prototyp\/","og_site_name":"ProDaBi","article_modified_time":"2025-01-16T13:11:06+00:00","og_image":[{"url":"https:\/\/www.prodabi.de\/wp-content\/uploads\/Beispielbild-Toolkit-Jupyter-Standortdaten.png","type":"","width":"","height":""}],"twitter_card":"summary_large_image","twitter_misc":{"Est. reading time":"1 minute"},"schema":{"@context":"https:\/\/schema.org","@graph":[{"@type":"WebPage","@id":"https:\/\/www.prodabi.de\/jupyter-toolkit-prototyp\/","url":"https:\/\/www.prodabi.de\/jupyter-toolkit-prototyp\/","name":"Jupyter Toolkit \u00dcberblick - ProDaBi","isPartOf":{"@id":"https:\/\/www.prodabi.de\/#website"},"primaryImageOfPage":{"@id":"https:\/\/www.prodabi.de\/jupyter-toolkit-prototyp\/#primaryimage"},"image":{"@id":"https:\/\/www.prodabi.de\/jupyter-toolkit-prototyp\/#primaryimage"},"thumbnailUrl":"https:\/\/www.prodabi.de\/wp-content\/uploads\/Beispielbild-Toolkit-Jupyter-Standortdaten.png","datePublished":"2024-05-13T06:43:26+00:00","dateModified":"2025-01-16T13:11:06+00:00","breadcrumb":{"@id":"https:\/\/www.prodabi.de\/jupyter-toolkit-prototyp\/#breadcrumb"},"inLanguage":"en-US","potentialAction":[{"@type":"ReadAction","target":["https:\/\/www.prodabi.de\/jupyter-toolkit-prototyp\/"]}]},{"@type":"ImageObject","inLanguage":"en-US","@id":"https:\/\/www.prodabi.de\/jupyter-toolkit-prototyp\/#primaryimage","url":"https:\/\/www.prodabi.de\/wp-content\/uploads\/Beispielbild-Toolkit-Jupyter-Standortdaten.png","contentUrl":"https:\/\/www.prodabi.de\/wp-content\/uploads\/Beispielbild-Toolkit-Jupyter-Standortdaten.png"},{"@type":"BreadcrumbList","@id":"https:\/\/www.prodabi.de\/jupyter-toolkit-prototyp\/#breadcrumb","itemListElement":[{"@type":"ListItem","position":1,"name":"Startseite","item":"https:\/\/www.prodabi.de\/"},{"@type":"ListItem","position":2,"name":"Jupyter Toolkit \u00dcberblick"}]},{"@type":"WebSite","@id":"https:\/\/www.prodabi.de\/#website","url":"https:\/\/www.prodabi.de\/","name":"ProDaBi","description":"","publisher":{"@id":"https:\/\/www.prodabi.de\/#organization"},"potentialAction":[{"@type":"SearchAction","target":{"@type":"EntryPoint","urlTemplate":"https:\/\/www.prodabi.de\/?s={search_term_string}"},"query-input":{"@type":"PropertyValueSpecification","valueRequired":true,"valueName":"search_term_string"}}],"inLanguage":"en-US"},{"@type":"Organization","@id":"https:\/\/www.prodabi.de\/#organization","name":"ProDaBi","url":"https:\/\/www.prodabi.de\/","logo":{"@type":"ImageObject","inLanguage":"en-US","@id":"https:\/\/www.prodabi.de\/#\/schema\/logo\/image\/","url":"https:\/\/www.prodabi.de\/wp-content\/uploads\/Logo_ProDaBi.png","contentUrl":"https:\/\/www.prodabi.de\/wp-content\/uploads\/Logo_ProDaBi.png","width":1141,"height":428,"caption":"ProDaBi"},"image":{"@id":"https:\/\/www.prodabi.de\/#\/schema\/logo\/image\/"}}]}},"_links":{"self":[{"href":"https:\/\/www.prodabi.de\/en\/wp-json\/wp\/v2\/pages\/26220","targetHints":{"allow":["GET"]}}],"collection":[{"href":"https:\/\/www.prodabi.de\/en\/wp-json\/wp\/v2\/pages"}],"about":[{"href":"https:\/\/www.prodabi.de\/en\/wp-json\/wp\/v2\/types\/page"}],"author":[{"embeddable":true,"href":"https:\/\/www.prodabi.de\/en\/wp-json\/wp\/v2\/users\/4"}],"replies":[{"embeddable":true,"href":"https:\/\/www.prodabi.de\/en\/wp-json\/wp\/v2\/comments?post=26220"}],"version-history":[{"count":0,"href":"https:\/\/www.prodabi.de\/en\/wp-json\/wp\/v2\/pages\/26220\/revisions"}],"wp:attachment":[{"href":"https:\/\/www.prodabi.de\/en\/wp-json\/wp\/v2\/media?parent=26220"}],"curies":[{"name":"wp","href":"https:\/\/api.w.org\/{rel}","templated":true}]}}