{"id":26209,"date":"2024-05-02T14:55:38","date_gmt":"2024-05-02T12:55:38","guid":{"rendered":"https:\/\/www.prodabi.de\/?page_id=26209"},"modified":"2025-12-11T11:45:46","modified_gmt":"2025-12-11T10:45:46","slug":"bestellung-datenkarten","status":"publish","type":"page","link":"https:\/\/www.prodabi.de\/en\/bestellung-datenkarten\/","title":{"rendered":"Bestellung Datenkarten"},"content":{"rendered":"\t\t<div data-elementor-type=\"wp-page\" data-elementor-id=\"26209\" class=\"elementor elementor-26209\" data-elementor-post-type=\"page\">\n\t\t\t\t<div data-particle_enable=\"false\" data-particle-mobile-disabled=\"false\" class=\"elementor-element elementor-element-38e6047 e-flex e-con-boxed e-con e-parent\" data-id=\"38e6047\" data-element_type=\"container\" data-e-type=\"container\">\n\t\t\t\t\t<div class=\"e-con-inner\">\n\t\t<div data-particle_enable=\"false\" data-particle-mobile-disabled=\"false\" class=\"elementor-element elementor-element-4978bb3 e-grid e-con-full e-con e-child\" data-id=\"4978bb3\" data-element_type=\"container\" data-e-type=\"container\">\n\t\t\t\t<div class=\"elementor-element elementor-element-cdef910 elementor-extension-display-condition-disabled elementor-widget elementor-widget-text-editor\" data-id=\"cdef910\" data-element_type=\"widget\" data-e-type=\"widget\" data-widget_type=\"text-editor.default\">\n\t\t\t\t<div class=\"elementor-widget-container\">\n\t\t\t\t\t\t\t\t\t<p>Hier k\u00f6nnen sie ein Paket mit unseren Datenkarten kostenfrei erwerben. Die Pakete wurden von der Deutsche Telekom Stiftung zu dem Zweck finanziert, dass sie an Schulen eingesetzt werden. Ein Paket enth\u00e4lt 2 Klassens\u00e4tze des Materials, d. h.:<\/p><ul><li>30 Kartenspiele<\/li><li>je 1000 rote und gr\u00fcne Klammern<\/li><\/ul><p>Falls sie nicht im Namen einer Schule bestellen, dann tragen Sie bitte in den Feldern <strong>Name der Schule<\/strong> und <strong>Schulnummer<\/strong> je &#8220;keine Schule&#8221; ein und erg\u00e4nzen im Feld <strong>Nachricht<\/strong>, warum Sie ein Paket bestellen m\u00f6chten.<\/p><p>Wir bitten Sie vor einer Bestellung unsere Unterrichtsreihe gut zu studieren, damit Sie sich sicher sind, dass Sie das Material auch wirklich ben\u00f6tigen. Bei\u00a0<span style=\"text-align: var(--text-align); font-size: 1rem; letter-spacing: 0px;\">berechtigten Zweifeln und<\/span><span style=\"font-style: inherit; font-weight: inherit; text-align: var(--text-align); letter-spacing: 0px;\">\u00a0Mehrfachbestellungen behalten wir uns vor eine Bestellung abzulehnen.\u00a0<\/span><\/p>\t\t\t\t\t\t\t\t<\/div>\n\t\t\t\t<\/div>\n\t\t\t\t<div class=\"elementor-element elementor-element-33c5e79 elementor-extension-display-condition-disabled elementor-widget elementor-widget-image\" data-id=\"33c5e79\" data-element_type=\"widget\" data-e-type=\"widget\" data-widget_type=\"image.default\">\n\t\t\t\t<div class=\"elementor-widget-container\">\n\t\t\t\t\t\t\t\t\t\t\t\t\t\t\t<img fetchpriority=\"high\" decoding=\"async\" width=\"512\" height=\"439\" src=\"https:\/\/www.prodabi.de\/wp-content\/uploads\/Apfel_und_Popcorn_Teaser-512x439.png\" class=\"attachment-medium size-medium wp-image-26065\" alt=\"\" srcset=\"https:\/\/www.prodabi.de\/wp-content\/uploads\/Apfel_und_Popcorn_Teaser-512x439.png 512w, https:\/\/www.prodabi.de\/wp-content\/uploads\/Apfel_und_Popcorn_Teaser-1024x879.png 1024w, https:\/\/www.prodabi.de\/wp-content\/uploads\/Apfel_und_Popcorn_Teaser-768x659.png 768w, https:\/\/www.prodabi.de\/wp-content\/uploads\/Apfel_und_Popcorn_Teaser-1536x1318.png 1536w, https:\/\/www.prodabi.de\/wp-content\/uploads\/Apfel_und_Popcorn_Teaser-2048x1758.png 2048w, https:\/\/www.prodabi.de\/wp-content\/uploads\/Apfel_und_Popcorn_Teaser-14x12.png 14w\" sizes=\"(max-width: 512px) 100vw, 512px\" \/>\t\t\t\t\t\t\t\t\t\t\t\t\t\t\t<\/div>\n\t\t\t\t<\/div>\n\t\t\t\t<\/div>\n\t\t\t\t<div class=\"elementor-extension-has-display-condition elementor-element elementor-element-7e0a073 elementor-extension-display-condition-show elementor-button-align-stretch elementor-widget elementor-widget-form\" data-id=\"7e0a073\" data-element_type=\"widget\" data-e-type=\"widget\" data-settings=\"{&quot;step_next_label&quot;:&quot;N\\u00e4chster&quot;,&quot;step_previous_label&quot;:&quot;Voriger&quot;,&quot;elementor_extension_dynamic_condition_conditions&quot;:[{&quot;_id&quot;:&quot;2e27eb1&quot;,&quot;_filter&quot;:&quot;&quot;,&quot;_condition&quot;:&quot;&quot;,&quot;_operator&quot;:&quot;,&quot;,&quot;_value&quot;:&quot;&quot;}],&quot;button_width&quot;:&quot;100&quot;,&quot;step_type&quot;:&quot;number_text&quot;,&quot;step_icon_shape&quot;:&quot;circle&quot;}\" data-widget_type=\"form.default\">\n\t\t\t\t<div class=\"elementor-widget-container\">\n\t\t\t\t\t\t\t<form class=\"elementor-form\" method=\"post\" name=\"Neues Formular\" aria-label=\"Neues Formular\">\n\t\t\t<input type=\"hidden\" name=\"post_id\" value=\"26209\"\/>\n\t\t\t<input type=\"hidden\" name=\"form_id\" value=\"7e0a073\"\/>\n\t\t\t<input type=\"hidden\" name=\"referer_title\" value=\"Bestellung Datenkarten - ProDaBi\" \/>\n\n\t\t\t\t\t\t\t<input type=\"hidden\" name=\"queried_id\" value=\"26209\"\/>\n\t\t\t\n\t\t\t<div class=\"elementor-form-fields-wrapper elementor-labels-above\">\n\t\t\t\t\t\t\t\t<div class=\"elementor-field-type-text elementor-field-group elementor-column elementor-field-group-name elementor-col-100 elementor-field-required elementor-mark-required\">\n\t\t\t\t\t\t\t\t\t\t\t\t<label for=\"form-field-name\" class=\"elementor-field-label\">\n\t\t\t\t\t\t\t\tName\t\t\t\t\t\t\t<\/label>\n\t\t\t\t\t\t\t\t\t\t\t\t\t\t<input size=\"1\" type=\"text\" name=\"form_fields[name]\" id=\"form-field-name\" class=\"elementor-field elementor-size-sm  elementor-field-textual\" placeholder=\"Name\" required=\"required\">\n\t\t\t\t\t\t\t\t\t\t\t<\/div>\n\t\t\t\t\t\t\t\t<div class=\"elementor-field-type-email elementor-field-group elementor-column elementor-field-group-email elementor-col-100 elementor-field-required elementor-mark-required\">\n\t\t\t\t\t\t\t\t\t\t\t\t<label for=\"form-field-email\" class=\"elementor-field-label\">\n\t\t\t\t\t\t\t\tE-Mail\t\t\t\t\t\t\t<\/label>\n\t\t\t\t\t\t\t\t\t\t\t\t\t\t<input size=\"1\" type=\"email\" name=\"form_fields[email]\" id=\"form-field-email\" class=\"elementor-field elementor-size-sm  elementor-field-textual\" placeholder=\"E-Mail\" required=\"required\">\n\t\t\t\t\t\t\t\t\t\t\t<\/div>\n\t\t\t\t\t\t\t\t<div class=\"elementor-field-type-text elementor-field-group elementor-column elementor-field-group-field_c1ef3c9 elementor-col-100 elementor-field-required elementor-mark-required\">\n\t\t\t\t\t\t\t\t\t\t\t\t<label for=\"form-field-field_c1ef3c9\" class=\"elementor-field-label\">\n\t\t\t\t\t\t\t\tAdresse - Stra\u00dfe und Hausnummer\t\t\t\t\t\t\t<\/label>\n\t\t\t\t\t\t\t\t\t\t\t\t\t\t<input size=\"1\" type=\"text\" name=\"form_fields[field_c1ef3c9]\" id=\"form-field-field_c1ef3c9\" class=\"elementor-field elementor-size-sm  elementor-field-textual\" required=\"required\">\n\t\t\t\t\t\t\t\t\t\t\t<\/div>\n\t\t\t\t\t\t\t\t<div class=\"elementor-field-type-text elementor-field-group elementor-column elementor-field-group-field_7c2aa64 elementor-col-100 elementor-field-required elementor-mark-required\">\n\t\t\t\t\t\t\t\t\t\t\t\t<label for=\"form-field-field_7c2aa64\" class=\"elementor-field-label\">\n\t\t\t\t\t\t\t\tPLZ\t\t\t\t\t\t\t<\/label>\n\t\t\t\t\t\t\t\t\t\t\t\t\t\t<input size=\"1\" type=\"text\" name=\"form_fields[field_7c2aa64]\" id=\"form-field-field_7c2aa64\" class=\"elementor-field elementor-size-sm  elementor-field-textual\" required=\"required\">\n\t\t\t\t\t\t\t\t\t\t\t<\/div>\n\t\t\t\t\t\t\t\t<div class=\"elementor-field-type-text elementor-field-group elementor-column elementor-field-group-field_d6b472a elementor-col-100 elementor-field-required elementor-mark-required\">\n\t\t\t\t\t\t\t\t\t\t\t\t<label for=\"form-field-field_d6b472a\" class=\"elementor-field-label\">\n\t\t\t\t\t\t\t\tStadt\t\t\t\t\t\t\t<\/label>\n\t\t\t\t\t\t\t\t\t\t\t\t\t\t<input size=\"1\" type=\"text\" name=\"form_fields[field_d6b472a]\" id=\"form-field-field_d6b472a\" class=\"elementor-field elementor-size-sm  elementor-field-textual\" required=\"required\">\n\t\t\t\t\t\t\t\t\t\t\t<\/div>\n\t\t\t\t\t\t\t\t<div class=\"elementor-field-type-text elementor-field-group elementor-column elementor-field-group-field_1eea34b elementor-col-100 elementor-field-required elementor-mark-required\">\n\t\t\t\t\t\t\t\t\t\t\t\t<label for=\"form-field-field_1eea34b\" class=\"elementor-field-label\">\n\t\t\t\t\t\t\t\tName der Schule\t\t\t\t\t\t\t<\/label>\n\t\t\t\t\t\t\t\t\t\t\t\t\t\t<input size=\"1\" type=\"text\" name=\"form_fields[field_1eea34b]\" id=\"form-field-field_1eea34b\" class=\"elementor-field elementor-size-sm  elementor-field-textual\" required=\"required\">\n\t\t\t\t\t\t\t\t\t\t\t<\/div>\n\t\t\t\t\t\t\t\t<div class=\"elementor-field-type-text elementor-field-group elementor-column elementor-field-group-field_15fb8c1 elementor-col-100 elementor-field-required elementor-mark-required\">\n\t\t\t\t\t\t\t\t\t\t\t\t<label for=\"form-field-field_15fb8c1\" class=\"elementor-field-label\">\n\t\t\t\t\t\t\t\tSchulnummer\t\t\t\t\t\t\t<\/label>\n\t\t\t\t\t\t\t\t\t\t\t\t\t\t<input size=\"1\" type=\"text\" name=\"form_fields[field_15fb8c1]\" id=\"form-field-field_15fb8c1\" class=\"elementor-field elementor-size-sm  elementor-field-textual\" required=\"required\">\n\t\t\t\t\t\t\t\t\t\t\t<\/div>\n\t\t\t\t\t\t\t\t<div class=\"elementor-field-type-textarea elementor-field-group elementor-column elementor-field-group-message elementor-col-100\">\n\t\t\t\t\t\t\t\t\t\t\t\t<label for=\"form-field-message\" class=\"elementor-field-label\">\n\t\t\t\t\t\t\t\tNachricht\t\t\t\t\t\t\t<\/label>\n\t\t\t\t\t\t<textarea class=\"elementor-field-textual elementor-field  elementor-size-sm\" name=\"form_fields[message]\" id=\"form-field-message\" rows=\"4\" placeholder=\"Nachricht\"><\/textarea>\t\t\t\t<\/div>\n\t\t\t\t\t\t\t\t<div class=\"elementor-field-type-acceptance elementor-field-group elementor-column elementor-field-group-field_4564b43 elementor-col-100 elementor-field-required elementor-mark-required\">\n\t\t\t\t\t\t\t<div class=\"elementor-field-subgroup\">\n\t\t\t<span class=\"elementor-field-option\">\n\t\t\t\t<input type=\"checkbox\" name=\"form_fields[field_4564b43]\" id=\"form-field-field_4564b43\" class=\"elementor-field elementor-size-sm  elementor-acceptance-field\" required=\"required\">\n\t\t\t\t<label for=\"form-field-field_4564b43\">Ich willige in die Speicherung und Verarbeitung meiner Daten zum Zweck des Versands der Datenkartenspiele ein. Dies beinhaltet die Speicherung und Verarbeitung Ihrer Daten gem\u00e4\u00df der Datenschutzbestimmungen von ProDaBi (https:\/\/www.prodabi.de\/datenschutz) und der Universit\u00e4t Paderborn (https:\/\/www.uni-paderborn.de\/en\/privacy-policy) f\u00fcr den Versand der Datenkartenspiele.<\/label>\t\t\t<\/span>\n\t\t<\/div>\n\t\t\t\t\t\t<\/div>\n\t\t\t\t\t\t\t\t<div class=\"elementor-field-type-checkbox elementor-field-group elementor-column elementor-field-group-field_f79d1fd elementor-col-100\">\n\t\t\t\t\t<div class=\"elementor-field-subgroup  \"><span class=\"elementor-field-option\"><input type=\"checkbox\" value=\"Ich m\u00f6chte mich auf die ProDaBi- Mailingliste eintragen, um \u00fcber weitere Projekte von ProDaBi informiert zu werden.\" id=\"form-field-field_f79d1fd-0\" name=\"form_fields[field_f79d1fd]\"> <label for=\"form-field-field_f79d1fd-0\">Ich m\u00f6chte mich auf die ProDaBi- Mailingliste eintragen, um \u00fcber weitere Projekte von ProDaBi informiert zu werden.<\/label><\/span><\/div>\t\t\t\t<\/div>\n\t\t\t\t\t\t\t\t<div class=\"elementor-field-group elementor-column elementor-field-type-submit elementor-col-100 e-form__buttons\">\n\t\t\t\t\t<button class=\"elementor-button elementor-size-sm\" type=\"submit\">\n\t\t\t\t\t\t<span class=\"elementor-button-content-wrapper\">\n\t\t\t\t\t\t\t\t\t\t\t\t\t\t\t\t\t\t\t\t\t\t<span class=\"elementor-button-text\">Senden<\/span>\n\t\t\t\t\t\t\t\t\t\t\t\t\t<\/span>\n\t\t\t\t\t<\/button>\n\t\t\t\t<\/div>\n\t\t\t<\/div>\n\t\t<input\n                    class=\"apbct_special_field apbct_email_id__elementor_form\"\n                    name=\"apbct__email_id__elementor_form\"\n                    aria-label=\"apbct__label_id__elementor_form\"\n                    type=\"text\" size=\"30\" maxlength=\"200\" autocomplete=\"off\"\n                    value=\"\"\n                \/><\/form>\n\t\t\t\t\t\t<\/div>\n\t\t\t\t<\/div>\n\t\t\t\t\t<\/div>\n\t\t\t\t<\/div>\n\t\t<div data-particle_enable=\"false\" data-particle-mobile-disabled=\"false\" class=\"elementor-element elementor-element-b9fe93b e-flex e-con-boxed e-con e-parent\" data-id=\"b9fe93b\" data-element_type=\"container\" data-e-type=\"container\">\n\t\t\t\t\t<div class=\"e-con-inner\">\n\t\t\t\t\t<\/div>\n\t\t\t\t<\/div>\n\t\t\t\t<\/div>\n\t\t","protected":false},"excerpt":{"rendered":"<p>Hier k\u00f6nnen sie ein Paket mit unseren Datenkarten kostenfrei erwerben. Die Pakete wurden von der Deutsche Telekom Stiftung zu dem Zweck finanziert, dass sie an Schulen eingesetzt werden. Ein Paket enth\u00e4lt 2 Klassens\u00e4tze des Materials, d. h.: 30 Kartenspiele je 1000 rote und gr\u00fcne Klammern Falls sie nicht im Namen einer Schule bestellen, dann tragen [&hellip;]<\/p>\n","protected":false},"author":5,"featured_media":0,"parent":0,"menu_order":22,"comment_status":"closed","ping_status":"closed","template":"","meta":{"site-sidebar-layout":"no-sidebar","site-content-layout":"page-builder","ast-site-content-layout":"full-width-container","site-content-style":"unboxed","site-sidebar-style":"unboxed","ast-global-header-display":"","ast-banner-title-visibility":"","ast-main-header-display":"","ast-hfb-above-header-display":"","ast-hfb-below-header-display":"","ast-hfb-mobile-header-display":"","site-post-title":"disabled","ast-breadcrumbs-content":"","ast-featured-img":"disabled","footer-sml-layout":"","ast-disable-related-posts":"","theme-transparent-header-meta":"default","adv-header-id-meta":"","stick-header-meta":"","header-above-stick-meta":"","header-main-stick-meta":"","header-below-stick-meta":"","astra-migrate-meta-layouts":"set","ast-page-background-enabled":"default","ast-page-background-meta":{"desktop":{"background-color":"","background-image":"","background-repeat":"repeat","background-position":"center center","background-size":"auto","background-attachment":"scroll","background-type":"","background-media":"","overlay-type":"","overlay-color":"","overlay-opacity":"","overlay-gradient":""},"tablet":{"background-color":"","background-image":"","background-repeat":"repeat","background-position":"center center","background-size":"auto","background-attachment":"scroll","background-type":"","background-media":"","overlay-type":"","overlay-color":"","overlay-opacity":"","overlay-gradient":""},"mobile":{"background-color":"","background-image":"","background-repeat":"repeat","background-position":"center center","background-size":"auto","background-attachment":"scroll","background-type":"","background-media":"","overlay-type":"","overlay-color":"","overlay-opacity":"","overlay-gradient":""}},"ast-content-background-meta":{"desktop":{"background-color":"var(--ast-global-color-5)","background-image":"","background-repeat":"repeat","background-position":"center center","background-size":"auto","background-attachment":"scroll","background-type":"","background-media":"","overlay-type":"","overlay-color":"","overlay-opacity":"","overlay-gradient":""},"tablet":{"background-color":"var(--ast-global-color-5)","background-image":"","background-repeat":"repeat","background-position":"center center","background-size":"auto","background-attachment":"scroll","background-type":"","background-media":"","overlay-type":"","overlay-color":"","overlay-opacity":"","overlay-gradient":""},"mobile":{"background-color":"var(--ast-global-color-5)","background-image":"","background-repeat":"repeat","background-position":"center center","background-size":"auto","background-attachment":"scroll","background-type":"","background-media":"","overlay-type":"","overlay-color":"","overlay-opacity":"","overlay-gradient":""}},"footnotes":""},"class_list":["post-26209","page","type-page","status-publish","hentry"],"yoast_head":"<!-- This site is optimized with the Yoast SEO plugin v27.1.1 - https:\/\/yoast.com\/product\/yoast-seo-wordpress\/ -->\n<title>Bestellung Datenkarten - ProDaBi<\/title>\n<meta name=\"robots\" content=\"index, follow, max-snippet:-1, max-image-preview:large, max-video-preview:-1\" \/>\n<link rel=\"canonical\" href=\"https:\/\/www.prodabi.de\/en\/bestellung-datenkarten\/\" \/>\n<meta property=\"og:locale\" content=\"en_US\" \/>\n<meta property=\"og:type\" content=\"article\" \/>\n<meta property=\"og:title\" content=\"Bestellung Datenkarten - ProDaBi\" \/>\n<meta property=\"og:description\" content=\"Hier k\u00f6nnen sie ein Paket mit unseren Datenkarten kostenfrei erwerben. Die Pakete wurden von der Deutsche Telekom Stiftung zu dem Zweck finanziert, dass sie an Schulen eingesetzt werden. Ein Paket enth\u00e4lt 2 Klassens\u00e4tze des Materials, d. h.: 30 Kartenspiele je 1000 rote und gr\u00fcne Klammern Falls sie nicht im Namen einer Schule bestellen, dann tragen [&hellip;]\" \/>\n<meta property=\"og:url\" content=\"https:\/\/www.prodabi.de\/en\/bestellung-datenkarten\/\" \/>\n<meta property=\"og:site_name\" content=\"ProDaBi\" \/>\n<meta property=\"article:modified_time\" content=\"2025-12-11T10:45:46+00:00\" \/>\n<meta property=\"og:image\" content=\"https:\/\/www.prodabi.de\/wp-content\/uploads\/Apfel_und_Popcorn_Teaser.png\" \/>\n\t<meta property=\"og:image:width\" content=\"2560\" \/>\n\t<meta property=\"og:image:height\" content=\"2197\" \/>\n\t<meta property=\"og:image:type\" content=\"image\/png\" \/>\n<meta name=\"twitter:card\" content=\"summary_large_image\" \/>\n<meta name=\"twitter:label1\" content=\"Est. reading time\" \/>\n\t<meta name=\"twitter:data1\" content=\"2 minutes\" \/>\n<script type=\"application\/ld+json\" class=\"yoast-schema-graph\">{\"@context\":\"https:\/\/schema.org\",\"@graph\":[{\"@type\":\"WebPage\",\"@id\":\"https:\/\/www.prodabi.de\/bestellung-datenkarten\/\",\"url\":\"https:\/\/www.prodabi.de\/bestellung-datenkarten\/\",\"name\":\"Bestellung Datenkarten - ProDaBi\",\"isPartOf\":{\"@id\":\"https:\/\/www.prodabi.de\/#website\"},\"primaryImageOfPage\":{\"@id\":\"https:\/\/www.prodabi.de\/bestellung-datenkarten\/#primaryimage\"},\"image\":{\"@id\":\"https:\/\/www.prodabi.de\/bestellung-datenkarten\/#primaryimage\"},\"thumbnailUrl\":\"https:\/\/www.prodabi.de\/wp-content\/uploads\/Apfel_und_Popcorn_Teaser-512x439.png\",\"datePublished\":\"2024-05-02T12:55:38+00:00\",\"dateModified\":\"2025-12-11T10:45:46+00:00\",\"breadcrumb\":{\"@id\":\"https:\/\/www.prodabi.de\/bestellung-datenkarten\/#breadcrumb\"},\"inLanguage\":\"en-US\",\"potentialAction\":[{\"@type\":\"ReadAction\",\"target\":[\"https:\/\/www.prodabi.de\/bestellung-datenkarten\/\"]}]},{\"@type\":\"ImageObject\",\"inLanguage\":\"en-US\",\"@id\":\"https:\/\/www.prodabi.de\/bestellung-datenkarten\/#primaryimage\",\"url\":\"https:\/\/www.prodabi.de\/wp-content\/uploads\/Apfel_und_Popcorn_Teaser-512x439.png\",\"contentUrl\":\"https:\/\/www.prodabi.de\/wp-content\/uploads\/Apfel_und_Popcorn_Teaser-512x439.png\"},{\"@type\":\"BreadcrumbList\",\"@id\":\"https:\/\/www.prodabi.de\/bestellung-datenkarten\/#breadcrumb\",\"itemListElement\":[{\"@type\":\"ListItem\",\"position\":1,\"name\":\"Startseite\",\"item\":\"https:\/\/www.prodabi.de\/\"},{\"@type\":\"ListItem\",\"position\":2,\"name\":\"Bestellung Datenkarten\"}]},{\"@type\":\"WebSite\",\"@id\":\"https:\/\/www.prodabi.de\/#website\",\"url\":\"https:\/\/www.prodabi.de\/\",\"name\":\"ProDaBi\",\"description\":\"\",\"publisher\":{\"@id\":\"https:\/\/www.prodabi.de\/#organization\"},\"potentialAction\":[{\"@type\":\"SearchAction\",\"target\":{\"@type\":\"EntryPoint\",\"urlTemplate\":\"https:\/\/www.prodabi.de\/?s={search_term_string}\"},\"query-input\":{\"@type\":\"PropertyValueSpecification\",\"valueRequired\":true,\"valueName\":\"search_term_string\"}}],\"inLanguage\":\"en-US\"},{\"@type\":\"Organization\",\"@id\":\"https:\/\/www.prodabi.de\/#organization\",\"name\":\"ProDaBi\",\"url\":\"https:\/\/www.prodabi.de\/\",\"logo\":{\"@type\":\"ImageObject\",\"inLanguage\":\"en-US\",\"@id\":\"https:\/\/www.prodabi.de\/#\/schema\/logo\/image\/\",\"url\":\"https:\/\/www.prodabi.de\/wp-content\/uploads\/Logo_ProDaBi.png\",\"contentUrl\":\"https:\/\/www.prodabi.de\/wp-content\/uploads\/Logo_ProDaBi.png\",\"width\":1141,\"height\":428,\"caption\":\"ProDaBi\"},\"image\":{\"@id\":\"https:\/\/www.prodabi.de\/#\/schema\/logo\/image\/\"}}]}<\/script>\n<!-- \/ Yoast SEO plugin. -->","yoast_head_json":{"title":"Bestellung Datenkarten - ProDaBi","robots":{"index":"index","follow":"follow","max-snippet":"max-snippet:-1","max-image-preview":"max-image-preview:large","max-video-preview":"max-video-preview:-1"},"canonical":"https:\/\/www.prodabi.de\/en\/bestellung-datenkarten\/","og_locale":"en_US","og_type":"article","og_title":"Bestellung Datenkarten - ProDaBi","og_description":"Hier k\u00f6nnen sie ein Paket mit unseren Datenkarten kostenfrei erwerben. Die Pakete wurden von der Deutsche Telekom Stiftung zu dem Zweck finanziert, dass sie an Schulen eingesetzt werden. Ein Paket enth\u00e4lt 2 Klassens\u00e4tze des Materials, d. h.: 30 Kartenspiele je 1000 rote und gr\u00fcne Klammern Falls sie nicht im Namen einer Schule bestellen, dann tragen [&hellip;]","og_url":"https:\/\/www.prodabi.de\/en\/bestellung-datenkarten\/","og_site_name":"ProDaBi","article_modified_time":"2025-12-11T10:45:46+00:00","og_image":[{"width":2560,"height":2197,"url":"https:\/\/www.prodabi.de\/wp-content\/uploads\/Apfel_und_Popcorn_Teaser.png","type":"image\/png"}],"twitter_card":"summary_large_image","twitter_misc":{"Est. reading time":"2 minutes"},"schema":{"@context":"https:\/\/schema.org","@graph":[{"@type":"WebPage","@id":"https:\/\/www.prodabi.de\/bestellung-datenkarten\/","url":"https:\/\/www.prodabi.de\/bestellung-datenkarten\/","name":"Bestellung Datenkarten - ProDaBi","isPartOf":{"@id":"https:\/\/www.prodabi.de\/#website"},"primaryImageOfPage":{"@id":"https:\/\/www.prodabi.de\/bestellung-datenkarten\/#primaryimage"},"image":{"@id":"https:\/\/www.prodabi.de\/bestellung-datenkarten\/#primaryimage"},"thumbnailUrl":"https:\/\/www.prodabi.de\/wp-content\/uploads\/Apfel_und_Popcorn_Teaser-512x439.png","datePublished":"2024-05-02T12:55:38+00:00","dateModified":"2025-12-11T10:45:46+00:00","breadcrumb":{"@id":"https:\/\/www.prodabi.de\/bestellung-datenkarten\/#breadcrumb"},"inLanguage":"en-US","potentialAction":[{"@type":"ReadAction","target":["https:\/\/www.prodabi.de\/bestellung-datenkarten\/"]}]},{"@type":"ImageObject","inLanguage":"en-US","@id":"https:\/\/www.prodabi.de\/bestellung-datenkarten\/#primaryimage","url":"https:\/\/www.prodabi.de\/wp-content\/uploads\/Apfel_und_Popcorn_Teaser-512x439.png","contentUrl":"https:\/\/www.prodabi.de\/wp-content\/uploads\/Apfel_und_Popcorn_Teaser-512x439.png"},{"@type":"BreadcrumbList","@id":"https:\/\/www.prodabi.de\/bestellung-datenkarten\/#breadcrumb","itemListElement":[{"@type":"ListItem","position":1,"name":"Startseite","item":"https:\/\/www.prodabi.de\/"},{"@type":"ListItem","position":2,"name":"Bestellung Datenkarten"}]},{"@type":"WebSite","@id":"https:\/\/www.prodabi.de\/#website","url":"https:\/\/www.prodabi.de\/","name":"ProDaBi","description":"","publisher":{"@id":"https:\/\/www.prodabi.de\/#organization"},"potentialAction":[{"@type":"SearchAction","target":{"@type":"EntryPoint","urlTemplate":"https:\/\/www.prodabi.de\/?s={search_term_string}"},"query-input":{"@type":"PropertyValueSpecification","valueRequired":true,"valueName":"search_term_string"}}],"inLanguage":"en-US"},{"@type":"Organization","@id":"https:\/\/www.prodabi.de\/#organization","name":"ProDaBi","url":"https:\/\/www.prodabi.de\/","logo":{"@type":"ImageObject","inLanguage":"en-US","@id":"https:\/\/www.prodabi.de\/#\/schema\/logo\/image\/","url":"https:\/\/www.prodabi.de\/wp-content\/uploads\/Logo_ProDaBi.png","contentUrl":"https:\/\/www.prodabi.de\/wp-content\/uploads\/Logo_ProDaBi.png","width":1141,"height":428,"caption":"ProDaBi"},"image":{"@id":"https:\/\/www.prodabi.de\/#\/schema\/logo\/image\/"}}]}},"_links":{"self":[{"href":"https:\/\/www.prodabi.de\/en\/wp-json\/wp\/v2\/pages\/26209","targetHints":{"allow":["GET"]}}],"collection":[{"href":"https:\/\/www.prodabi.de\/en\/wp-json\/wp\/v2\/pages"}],"about":[{"href":"https:\/\/www.prodabi.de\/en\/wp-json\/wp\/v2\/types\/page"}],"author":[{"embeddable":true,"href":"https:\/\/www.prodabi.de\/en\/wp-json\/wp\/v2\/users\/5"}],"replies":[{"embeddable":true,"href":"https:\/\/www.prodabi.de\/en\/wp-json\/wp\/v2\/comments?post=26209"}],"version-history":[{"count":0,"href":"https:\/\/www.prodabi.de\/en\/wp-json\/wp\/v2\/pages\/26209\/revisions"}],"wp:attachment":[{"href":"https:\/\/www.prodabi.de\/en\/wp-json\/wp\/v2\/media?parent=26209"}],"curies":[{"name":"wp","href":"https:\/\/api.w.org\/{rel}","templated":true}]}}