{"id":26193,"date":"2024-04-25T10:43:28","date_gmt":"2024-04-25T08:43:28","guid":{"rendered":"https:\/\/www.prodabi.de\/?page_id=26193"},"modified":"2024-04-25T11:07:56","modified_gmt":"2024-04-25T09:07:56","slug":"silp56-datenbewusstsein","status":"publish","type":"page","link":"https:\/\/www.prodabi.de\/en\/silp56-datenbewusstsein\/","title":{"rendered":"Datenbewusstsein in Informatik in den Klassen 5 und 6 in NRW"},"content":{"rendered":"<div data-elementor-type=\"wp-page\" data-elementor-id=\"26193\" class=\"elementor elementor-26193\" data-elementor-post-type=\"page\">\n\t\t\t\t<div data-particle_enable=\"false\" data-particle-mobile-disabled=\"false\" class=\"elementor-element elementor-element-9565fca e-flex e-con-boxed e-con e-parent\" data-id=\"9565fca\" data-element_type=\"container\" data-e-type=\"container\">\n\t\t\t\t\t<div class=\"e-con-inner\">\n\t\t\t\t<div class=\"elementor-element elementor-element-f3822fa elementor-widget__width-initial elementor-extension-display-condition-disabled elementor-widget elementor-widget-text-editor\" data-id=\"f3822fa\" data-element_type=\"widget\" data-e-type=\"widget\" data-widget_type=\"text-editor.default\">\n\t\t\t\t<div class=\"elementor-widget-container\">\n\t\t\t\t\t\t\t\t\t<p style=\"font-size: 16px; font-style: normal;\">Im Rahmen des ProDaBi-Projektes haben wir unter anderem ein Unterrichtsmodul zum Thema\u00a0<b>Data awareness<\/b>\u00a0entwickelt. Dieses Unterrichtsvorhaben befasst sich mit der Rolle von Standortdaten in der allt\u00e4glichen Nutzung von datengetriebenen Informatiksystemen. Exemplarisch wird daf\u00fcr zun\u00e4chst der Kontext des Mobilfunknetzes betrachtet, der einen einfachen Zugang in das Untersuchen der Rolle von Daten in Informatiksystemen bietet. Anschlie\u00dfend untersuchen die Sch\u00fclerinnen und Sch\u00fcler weitere Beispiele aus ihrem Alltag, in denen Standortdaten \u00fcber sie erhoben und verarbeitet werden.\u00a0<\/p><p style=\"font-size: 16px; font-style: normal;\">Nachfolgend finden Sie einen Steckbrief zu dem Unterrichtsmodul, in dem die Ankn\u00fcpfung an die jeweiligen Inhaltsfelder und Kompetenzerwartungen des Kernlehrplans Informatik in Klasse 5 und 6 von Nordrhein-Westfalen beschrieben werden. Au\u00dferdem finden Sie nachfolgend eine Verlinkung zur ausf\u00fchrlichen Darstellung des Unterrichtsmoduls sowie der Materialien.<\/p>\t\t\t\t\t\t\t\t<\/div>\n\t\t\t\t<\/div>\n\t\t\t\t<div class=\"elementor-element elementor-element-6a79e20 elementor-extension-display-condition-disabled elementor-widget elementor-widget-image\" data-id=\"6a79e20\" data-element_type=\"widget\" data-e-type=\"widget\" data-widget_type=\"image.default\">\n\t\t\t\t<div class=\"elementor-widget-container\">\n\t\t\t\t\t\t\t\t\t\t\t\t\t\t\t<img fetchpriority=\"high\" decoding=\"async\" width=\"512\" height=\"454\" src=\"https:\/\/www.prodabi.de\/wp-content\/uploads\/Exploration-von-Standortdaten-Web-Anwendung-512x454.png\" class=\"attachment-medium size-medium wp-image-25893\" alt=\"Web-Anwendung zur Exploration von Standortdaten\" srcset=\"https:\/\/www.prodabi.de\/wp-content\/uploads\/Exploration-von-Standortdaten-Web-Anwendung-512x454.png 512w, https:\/\/www.prodabi.de\/wp-content\/uploads\/Exploration-von-Standortdaten-Web-Anwendung-768x682.png 768w, https:\/\/www.prodabi.de\/wp-content\/uploads\/Exploration-von-Standortdaten-Web-Anwendung-14x12.png 14w, https:\/\/www.prodabi.de\/wp-content\/uploads\/Exploration-von-Standortdaten-Web-Anwendung.png 908w\" sizes=\"(max-width: 512px) 100vw, 512px\" \/>\t\t\t\t\t\t\t\t\t\t\t\t\t\t\t<\/div>\n\t\t\t\t<\/div>\n\t\t\t\t\t<\/div>\n\t\t\t\t<\/div>\n\t\t<div data-particle_enable=\"false\" data-particle-mobile-disabled=\"false\" class=\"elementor-element elementor-element-ccd84ac e-flex e-con-boxed e-con e-parent\" data-id=\"ccd84ac\" data-element_type=\"container\" data-e-type=\"container\">\n\t\t\t\t\t<div class=\"e-con-inner\">\n\t\t\t\t<div class=\"elementor-element elementor-element-5f69f00 elementor-extension-display-condition-disabled elementor-widget elementor-widget-button\" data-id=\"5f69f00\" data-element_type=\"widget\" data-e-type=\"widget\" data-widget_type=\"button.default\">\n\t\t\t\t<div class=\"elementor-widget-container\">\n\t\t\t\t\t\t\t\t\t<div class=\"elementor-button-wrapper\">\n\t\t\t\t\t<a class=\"elementor-button elementor-button-link elementor-size-sm\" href=\"https:\/\/www.prodabi.de\/en\/unterrichtsvorhaben_datenbewusstsein_5u6-2\/\">\n\t\t\t\t\t\t<span class=\"elementor-button-content-wrapper\">\n\t\t\t\t\t\t\t\t\t<span class=\"elementor-button-text\">Steckbrief mit Ankn\u00fcpfung an den KLP NRW<\/span>\n\t\t\t\t\t<\/span>\n\t\t\t\t\t<\/a>\n\t\t\t\t<\/div>\n\t\t\t\t\t\t\t\t<\/div>\n\t\t\t\t<\/div>\n\t\t\t\t\t<\/div>\n\t\t\t\t<\/div>\n\t\t<div data-particle_enable=\"false\" data-particle-mobile-disabled=\"false\" class=\"elementor-element elementor-element-ec3e703 e-flex e-con-boxed e-con e-parent\" data-id=\"ec3e703\" data-element_type=\"container\" data-e-type=\"container\">\n\t\t\t\t\t<div class=\"e-con-inner\">\n\t\t\t\t<div class=\"elementor-element elementor-element-6141126 elementor-extension-display-condition-disabled elementor-widget elementor-widget-button\" data-id=\"6141126\" data-element_type=\"widget\" data-e-type=\"widget\" data-widget_type=\"button.default\">\n\t\t\t\t<div class=\"elementor-widget-container\">\n\t\t\t\t\t\t\t\t\t<div class=\"elementor-button-wrapper\">\n\t\t\t\t\t<a class=\"elementor-button elementor-button-link elementor-size-sm\" href=\"https:\/\/www.prodabi.de\/en\/materialien\/datenbewusstsein\/\">\n\t\t\t\t\t\t<span class=\"elementor-button-content-wrapper\">\n\t\t\t\t\t\t\t\t\t<span class=\"elementor-button-text\">Weiter zum Unterrichtsmodul<\/span>\n\t\t\t\t\t<\/span>\n\t\t\t\t\t<\/a>\n\t\t\t\t<\/div>\n\t\t\t\t\t\t\t\t<\/div>\n\t\t\t\t<\/div>\n\t\t\t\t\t<\/div>\n\t\t\t\t<\/div>\n\t\t\t\t<\/div>","protected":false},"excerpt":{"rendered":"<p>Im Rahmen des ProDaBi-Projektes haben wir unter anderem ein Unterrichtsmodul zum Thema\u00a0Datenbewusstsein\u00a0entwickelt. Dieses Unterrichtsvorhaben befasst sich mit der Rolle von Standortdaten in der allt\u00e4glichen Nutzung von datengetriebenen Informatiksystemen. Exemplarisch wird daf\u00fcr zun\u00e4chst der Kontext des Mobilfunknetzes betrachtet, der einen einfachen Zugang in das Untersuchen der Rolle von Daten in Informatiksystemen bietet. Anschlie\u00dfend untersuchen die Sch\u00fclerinnen [&hellip;]<\/p>\n","protected":false},"author":4,"featured_media":0,"parent":0,"menu_order":24,"comment_status":"closed","ping_status":"closed","template":"","meta":{"site-sidebar-layout":"no-sidebar","site-content-layout":"page-builder","ast-site-content-layout":"full-width-container","site-content-style":"default","site-sidebar-style":"default","ast-global-header-display":"","ast-banner-title-visibility":"","ast-main-header-display":"","ast-hfb-above-header-display":"","ast-hfb-below-header-display":"","ast-hfb-mobile-header-display":"","site-post-title":"disabled","ast-breadcrumbs-content":"","ast-featured-img":"disabled","footer-sml-layout":"","ast-disable-related-posts":"","theme-transparent-header-meta":"default","adv-header-id-meta":"","stick-header-meta":"","header-above-stick-meta":"","header-main-stick-meta":"","header-below-stick-meta":"","astra-migrate-meta-layouts":"set","ast-page-background-enabled":"default","ast-page-background-meta":{"desktop":{"background-color":"","background-image":"","background-repeat":"repeat","background-position":"center center","background-size":"auto","background-attachment":"scroll","background-type":"","background-media":"","overlay-type":"","overlay-color":"","overlay-opacity":"","overlay-gradient":""},"tablet":{"background-color":"","background-image":"","background-repeat":"repeat","background-position":"center center","background-size":"auto","background-attachment":"scroll","background-type":"","background-media":"","overlay-type":"","overlay-color":"","overlay-opacity":"","overlay-gradient":""},"mobile":{"background-color":"","background-image":"","background-repeat":"repeat","background-position":"center center","background-size":"auto","background-attachment":"scroll","background-type":"","background-media":"","overlay-type":"","overlay-color":"","overlay-opacity":"","overlay-gradient":""}},"ast-content-background-meta":{"desktop":{"background-color":"var(--ast-global-color-5)","background-image":"","background-repeat":"repeat","background-position":"center center","background-size":"auto","background-attachment":"scroll","background-type":"","background-media":"","overlay-type":"","overlay-color":"","overlay-opacity":"","overlay-gradient":""},"tablet":{"background-color":"var(--ast-global-color-5)","background-image":"","background-repeat":"repeat","background-position":"center center","background-size":"auto","background-attachment":"scroll","background-type":"","background-media":"","overlay-type":"","overlay-color":"","overlay-opacity":"","overlay-gradient":""},"mobile":{"background-color":"var(--ast-global-color-5)","background-image":"","background-repeat":"repeat","background-position":"center center","background-size":"auto","background-attachment":"scroll","background-type":"","background-media":"","overlay-type":"","overlay-color":"","overlay-opacity":"","overlay-gradient":""}},"footnotes":""},"class_list":["post-26193","page","type-page","status-publish","hentry"],"yoast_head":"<!-- This site is optimized with the Yoast SEO plugin v27.1.1 - https:\/\/yoast.com\/product\/yoast-seo-wordpress\/ -->\n<title>Datenbewusstsein in Informatik in den Klassen 5 und 6 in NRW - ProDaBi<\/title>\n<meta name=\"robots\" content=\"index, follow, max-snippet:-1, max-image-preview:large, max-video-preview:-1\" \/>\n<link rel=\"canonical\" href=\"https:\/\/www.prodabi.de\/en\/silp56-datenbewusstsein\/\" \/>\n<meta property=\"og:locale\" content=\"en_US\" \/>\n<meta property=\"og:type\" content=\"article\" \/>\n<meta property=\"og:title\" content=\"Datenbewusstsein in Informatik in den Klassen 5 und 6 in NRW - ProDaBi\" \/>\n<meta property=\"og:description\" content=\"Im Rahmen des ProDaBi-Projektes haben wir unter anderem ein Unterrichtsmodul zum Thema\u00a0Datenbewusstsein\u00a0entwickelt. Dieses Unterrichtsvorhaben befasst sich mit der Rolle von Standortdaten in der allt\u00e4glichen Nutzung von datengetriebenen Informatiksystemen. Exemplarisch wird daf\u00fcr zun\u00e4chst der Kontext des Mobilfunknetzes betrachtet, der einen einfachen Zugang in das Untersuchen der Rolle von Daten in Informatiksystemen bietet. Anschlie\u00dfend untersuchen die Sch\u00fclerinnen [&hellip;]\" \/>\n<meta property=\"og:url\" content=\"https:\/\/www.prodabi.de\/en\/silp56-datenbewusstsein\/\" \/>\n<meta property=\"og:site_name\" content=\"ProDaBi\" \/>\n<meta property=\"article:modified_time\" content=\"2024-04-25T09:07:56+00:00\" \/>\n<meta property=\"og:image\" content=\"https:\/\/www.prodabi.de\/wp-content\/uploads\/Exploration-von-Standortdaten-Web-Anwendung-512x454.png\" \/>\n<meta name=\"twitter:card\" content=\"summary_large_image\" \/>\n<meta name=\"twitter:label1\" content=\"Est. reading time\" \/>\n\t<meta name=\"twitter:data1\" content=\"1 minute\" \/>\n<script type=\"application\/ld+json\" class=\"yoast-schema-graph\">{\"@context\":\"https:\/\/schema.org\",\"@graph\":[{\"@type\":\"WebPage\",\"@id\":\"https:\/\/www.prodabi.de\/silp56-datenbewusstsein\/\",\"url\":\"https:\/\/www.prodabi.de\/silp56-datenbewusstsein\/\",\"name\":\"Datenbewusstsein in Informatik in den Klassen 5 und 6 in NRW - ProDaBi\",\"isPartOf\":{\"@id\":\"https:\/\/www.prodabi.de\/#website\"},\"primaryImageOfPage\":{\"@id\":\"https:\/\/www.prodabi.de\/silp56-datenbewusstsein\/#primaryimage\"},\"image\":{\"@id\":\"https:\/\/www.prodabi.de\/silp56-datenbewusstsein\/#primaryimage\"},\"thumbnailUrl\":\"https:\/\/www.prodabi.de\/wp-content\/uploads\/Exploration-von-Standortdaten-Web-Anwendung-512x454.png\",\"datePublished\":\"2024-04-25T08:43:28+00:00\",\"dateModified\":\"2024-04-25T09:07:56+00:00\",\"breadcrumb\":{\"@id\":\"https:\/\/www.prodabi.de\/silp56-datenbewusstsein\/#breadcrumb\"},\"inLanguage\":\"en-US\",\"potentialAction\":[{\"@type\":\"ReadAction\",\"target\":[\"https:\/\/www.prodabi.de\/silp56-datenbewusstsein\/\"]}]},{\"@type\":\"ImageObject\",\"inLanguage\":\"en-US\",\"@id\":\"https:\/\/www.prodabi.de\/silp56-datenbewusstsein\/#primaryimage\",\"url\":\"https:\/\/www.prodabi.de\/wp-content\/uploads\/Exploration-von-Standortdaten-Web-Anwendung-512x454.png\",\"contentUrl\":\"https:\/\/www.prodabi.de\/wp-content\/uploads\/Exploration-von-Standortdaten-Web-Anwendung-512x454.png\"},{\"@type\":\"BreadcrumbList\",\"@id\":\"https:\/\/www.prodabi.de\/silp56-datenbewusstsein\/#breadcrumb\",\"itemListElement\":[{\"@type\":\"ListItem\",\"position\":1,\"name\":\"Startseite\",\"item\":\"https:\/\/www.prodabi.de\/\"},{\"@type\":\"ListItem\",\"position\":2,\"name\":\"Datenbewusstsein in Informatik in den Klassen 5 und 6 in NRW\"}]},{\"@type\":\"WebSite\",\"@id\":\"https:\/\/www.prodabi.de\/#website\",\"url\":\"https:\/\/www.prodabi.de\/\",\"name\":\"ProDaBi\",\"description\":\"\",\"publisher\":{\"@id\":\"https:\/\/www.prodabi.de\/#organization\"},\"potentialAction\":[{\"@type\":\"SearchAction\",\"target\":{\"@type\":\"EntryPoint\",\"urlTemplate\":\"https:\/\/www.prodabi.de\/?s={search_term_string}\"},\"query-input\":{\"@type\":\"PropertyValueSpecification\",\"valueRequired\":true,\"valueName\":\"search_term_string\"}}],\"inLanguage\":\"en-US\"},{\"@type\":\"Organization\",\"@id\":\"https:\/\/www.prodabi.de\/#organization\",\"name\":\"ProDaBi\",\"url\":\"https:\/\/www.prodabi.de\/\",\"logo\":{\"@type\":\"ImageObject\",\"inLanguage\":\"en-US\",\"@id\":\"https:\/\/www.prodabi.de\/#\/schema\/logo\/image\/\",\"url\":\"https:\/\/www.prodabi.de\/wp-content\/uploads\/Logo_ProDaBi.png\",\"contentUrl\":\"https:\/\/www.prodabi.de\/wp-content\/uploads\/Logo_ProDaBi.png\",\"width\":1141,\"height\":428,\"caption\":\"ProDaBi\"},\"image\":{\"@id\":\"https:\/\/www.prodabi.de\/#\/schema\/logo\/image\/\"}}]}<\/script>\n<!-- \/ Yoast SEO plugin. -->","yoast_head_json":{"title":"Datenbewusstsein in Informatik in den Klassen 5 und 6 in NRW - ProDaBi","robots":{"index":"index","follow":"follow","max-snippet":"max-snippet:-1","max-image-preview":"max-image-preview:large","max-video-preview":"max-video-preview:-1"},"canonical":"https:\/\/www.prodabi.de\/en\/silp56-datenbewusstsein\/","og_locale":"en_US","og_type":"article","og_title":"Datenbewusstsein in Informatik in den Klassen 5 und 6 in NRW - ProDaBi","og_description":"Im Rahmen des ProDaBi-Projektes haben wir unter anderem ein Unterrichtsmodul zum Thema\u00a0Datenbewusstsein\u00a0entwickelt. Dieses Unterrichtsvorhaben befasst sich mit der Rolle von Standortdaten in der allt\u00e4glichen Nutzung von datengetriebenen Informatiksystemen. Exemplarisch wird daf\u00fcr zun\u00e4chst der Kontext des Mobilfunknetzes betrachtet, der einen einfachen Zugang in das Untersuchen der Rolle von Daten in Informatiksystemen bietet. Anschlie\u00dfend untersuchen die Sch\u00fclerinnen [&hellip;]","og_url":"https:\/\/www.prodabi.de\/en\/silp56-datenbewusstsein\/","og_site_name":"ProDaBi","article_modified_time":"2024-04-25T09:07:56+00:00","og_image":[{"url":"https:\/\/www.prodabi.de\/wp-content\/uploads\/Exploration-von-Standortdaten-Web-Anwendung-512x454.png","type":"","width":"","height":""}],"twitter_card":"summary_large_image","twitter_misc":{"Est. reading time":"1 minute"},"schema":{"@context":"https:\/\/schema.org","@graph":[{"@type":"WebPage","@id":"https:\/\/www.prodabi.de\/silp56-datenbewusstsein\/","url":"https:\/\/www.prodabi.de\/silp56-datenbewusstsein\/","name":"Datenbewusstsein in Informatik in den Klassen 5 und 6 in NRW - ProDaBi","isPartOf":{"@id":"https:\/\/www.prodabi.de\/#website"},"primaryImageOfPage":{"@id":"https:\/\/www.prodabi.de\/silp56-datenbewusstsein\/#primaryimage"},"image":{"@id":"https:\/\/www.prodabi.de\/silp56-datenbewusstsein\/#primaryimage"},"thumbnailUrl":"https:\/\/www.prodabi.de\/wp-content\/uploads\/Exploration-von-Standortdaten-Web-Anwendung-512x454.png","datePublished":"2024-04-25T08:43:28+00:00","dateModified":"2024-04-25T09:07:56+00:00","breadcrumb":{"@id":"https:\/\/www.prodabi.de\/silp56-datenbewusstsein\/#breadcrumb"},"inLanguage":"en-US","potentialAction":[{"@type":"ReadAction","target":["https:\/\/www.prodabi.de\/silp56-datenbewusstsein\/"]}]},{"@type":"ImageObject","inLanguage":"en-US","@id":"https:\/\/www.prodabi.de\/silp56-datenbewusstsein\/#primaryimage","url":"https:\/\/www.prodabi.de\/wp-content\/uploads\/Exploration-von-Standortdaten-Web-Anwendung-512x454.png","contentUrl":"https:\/\/www.prodabi.de\/wp-content\/uploads\/Exploration-von-Standortdaten-Web-Anwendung-512x454.png"},{"@type":"BreadcrumbList","@id":"https:\/\/www.prodabi.de\/silp56-datenbewusstsein\/#breadcrumb","itemListElement":[{"@type":"ListItem","position":1,"name":"Startseite","item":"https:\/\/www.prodabi.de\/"},{"@type":"ListItem","position":2,"name":"Datenbewusstsein in Informatik in den Klassen 5 und 6 in NRW"}]},{"@type":"WebSite","@id":"https:\/\/www.prodabi.de\/#website","url":"https:\/\/www.prodabi.de\/","name":"ProDaBi","description":"","publisher":{"@id":"https:\/\/www.prodabi.de\/#organization"},"potentialAction":[{"@type":"SearchAction","target":{"@type":"EntryPoint","urlTemplate":"https:\/\/www.prodabi.de\/?s={search_term_string}"},"query-input":{"@type":"PropertyValueSpecification","valueRequired":true,"valueName":"search_term_string"}}],"inLanguage":"en-US"},{"@type":"Organization","@id":"https:\/\/www.prodabi.de\/#organization","name":"ProDaBi","url":"https:\/\/www.prodabi.de\/","logo":{"@type":"ImageObject","inLanguage":"en-US","@id":"https:\/\/www.prodabi.de\/#\/schema\/logo\/image\/","url":"https:\/\/www.prodabi.de\/wp-content\/uploads\/Logo_ProDaBi.png","contentUrl":"https:\/\/www.prodabi.de\/wp-content\/uploads\/Logo_ProDaBi.png","width":1141,"height":428,"caption":"ProDaBi"},"image":{"@id":"https:\/\/www.prodabi.de\/#\/schema\/logo\/image\/"}}]}},"_links":{"self":[{"href":"https:\/\/www.prodabi.de\/en\/wp-json\/wp\/v2\/pages\/26193","targetHints":{"allow":["GET"]}}],"collection":[{"href":"https:\/\/www.prodabi.de\/en\/wp-json\/wp\/v2\/pages"}],"about":[{"href":"https:\/\/www.prodabi.de\/en\/wp-json\/wp\/v2\/types\/page"}],"author":[{"embeddable":true,"href":"https:\/\/www.prodabi.de\/en\/wp-json\/wp\/v2\/users\/4"}],"replies":[{"embeddable":true,"href":"https:\/\/www.prodabi.de\/en\/wp-json\/wp\/v2\/comments?post=26193"}],"version-history":[{"count":0,"href":"https:\/\/www.prodabi.de\/en\/wp-json\/wp\/v2\/pages\/26193\/revisions"}],"wp:attachment":[{"href":"https:\/\/www.prodabi.de\/en\/wp-json\/wp\/v2\/media?parent=26193"}],"curies":[{"name":"wp","href":"https:\/\/api.w.org\/{rel}","templated":true}]}}