{"id":26011,"date":"2023-12-06T10:57:12","date_gmt":"2023-12-06T09:57:12","guid":{"rendered":"https:\/\/www.prodabi.de\/?page_id=26011"},"modified":"2024-04-11T08:32:46","modified_gmt":"2024-04-11T06:32:46","slug":"fortbildung-basismodul-epistemisches-programmieren","status":"publish","type":"page","link":"https:\/\/www.prodabi.de\/en\/fortbildungen\/informationen\/fortbildung-basismodul-epistemisches-programmieren\/","title":{"rendered":"Professional Development - Basic Module Epistemic Programming"},"content":{"rendered":"<div data-elementor-type=\"wp-page\" data-elementor-id=\"26011\" class=\"elementor elementor-26011\" data-elementor-post-type=\"page\">\n\t\t\t\t<div data-particle_enable=\"false\" data-particle-mobile-disabled=\"false\" class=\"elementor-element elementor-element-2d4c6ad e-flex e-con-boxed e-con e-parent\" data-id=\"2d4c6ad\" data-element_type=\"container\" data-e-type=\"container\">\n\t\t\t\t\t<div class=\"e-con-inner\">\n\t\t\t\t<div class=\"elementor-element elementor-element-7b3c1cc elementor-extension-display-condition-disabled elementor-widget elementor-widget-text-editor\" data-id=\"7b3c1cc\" data-element_type=\"widget\" data-e-type=\"widget\" data-widget_type=\"text-editor.default\">\n\t\t\t\t<div class=\"elementor-widget-container\">\n\t\t\t\t\t\t\t\t\t<div class=\"elementor-element elementor-element-ce0e571 e-flex e-con-boxed e-con e-child\" data-particle_enable=\"false\" data-particle-mobile-disabled=\"false\" data-id=\"ce0e571\" data-element_type=\"container\" data-settings=\"{&quot;content_width&quot;:&quot;boxed&quot;}\"><div class=\"e-con-inner\"><div class=\"elementor-element elementor-element-c29328a elementor-extension-display-condition-disabled elementor-widget elementor-widget-text-editor\" data-id=\"c29328a\" data-element_type=\"widget\" data-widget_type=\"text-editor.default\"><div class=\"elementor-widget-container\"><p>Here you will find information on the <strong>Professional Development Course for Teachers<\/strong> \"data awareness\".<\/p><\/div><\/div><\/div><\/div>\t\t\t\t\t\t\t\t<\/div>\n\t\t\t\t<\/div>\n\t\t\t\t\t<\/div>\n\t\t\t\t<\/div>\n\t\t<div data-particle_enable=\"false\" data-particle-mobile-disabled=\"false\" class=\"elementor-element elementor-element-6a44b29 e-flex e-con-boxed e-con e-parent\" data-id=\"6a44b29\" data-element_type=\"container\" data-e-type=\"container\">\n\t\t\t\t\t<div class=\"e-con-inner\">\n\t\t\t\t<div class=\"elementor-element elementor-element-981fd85 elementor-extension-display-condition-disabled elementor-widget elementor-widget-heading\" data-id=\"981fd85\" data-element_type=\"widget\" data-e-type=\"widget\" data-widget_type=\"heading.default\">\n\t\t\t\t<div class=\"elementor-widget-container\">\n\t\t\t\t\t<h2 class=\"elementor-heading-title elementor-size-default\">Target Group and Requirements<\/h2>\t\t\t\t<\/div>\n\t\t\t\t<\/div>\n\t\t\t\t\t<\/div>\n\t\t\t\t<\/div>\n\t\t<div data-particle_enable=\"false\" data-particle-mobile-disabled=\"false\" class=\"elementor-element elementor-element-7ee677c e-flex e-con-boxed e-con e-parent\" data-id=\"7ee677c\" data-element_type=\"container\" data-e-type=\"container\">\n\t\t\t\t\t<div class=\"e-con-inner\">\n\t\t\t\t<div class=\"elementor-element elementor-element-04e17b2 elementor-extension-display-condition-disabled elementor-widget elementor-widget-text-editor\" data-id=\"04e17b2\" data-element_type=\"widget\" data-e-type=\"widget\" data-widget_type=\"text-editor.default\">\n\t\t\t\t<div class=\"elementor-widget-container\">\n\t\t\t\t\t\t\t\t\t<p><span data-contrast=\"auto\">The course is aimed at teachers at lower secondary level who have already obtained a teaching qualification for lower secondary level and who teach or wish to teach computer science at lower secondary level. <\/span><span data-ccp-props=\"{&quot;201341983&quot;:0,&quot;335559739&quot;:160,&quot;335559740&quot;:259}\">\u00a0<\/span><\/p><p><span data-contrast=\"auto\">Jupyter Notebooks and Python are used in the professional development, for which basic knowledge of Jupyter Notebooks is recommended.<\/span><span data-ccp-props=\"{&quot;201341983&quot;:0,&quot;335559739&quot;:160,&quot;335559740&quot;:259}\">\u00a0<\/span><\/p>\t\t\t\t\t\t\t\t<\/div>\n\t\t\t\t<\/div>\n\t\t\t\t\t<\/div>\n\t\t\t\t<\/div>\n\t\t<div data-particle_enable=\"false\" data-particle-mobile-disabled=\"false\" class=\"elementor-element elementor-element-43c3410 e-flex e-con-boxed e-con e-parent\" data-id=\"43c3410\" data-element_type=\"container\" data-e-type=\"container\">\n\t\t\t\t\t<div class=\"e-con-inner\">\n\t\t\t\t<div class=\"elementor-element elementor-element-ab8b4de elementor-extension-display-condition-disabled elementor-widget elementor-widget-heading\" data-id=\"ab8b4de\" data-element_type=\"widget\" data-e-type=\"widget\" data-widget_type=\"heading.default\">\n\t\t\t\t<div class=\"elementor-widget-container\">\n\t\t\t\t\t<h2 class=\"elementor-heading-title elementor-size-default\">Contents<\/h2>\t\t\t\t<\/div>\n\t\t\t\t<\/div>\n\t\t\t\t\t<\/div>\n\t\t\t\t<\/div>\n\t\t<div data-particle_enable=\"false\" data-particle-mobile-disabled=\"false\" class=\"elementor-element elementor-element-bec8595 e-flex e-con-boxed e-con e-parent\" data-id=\"bec8595\" data-element_type=\"container\" data-e-type=\"container\">\n\t\t\t\t\t<div class=\"e-con-inner\">\n\t\t\t\t<div class=\"elementor-element elementor-element-c3a876c elementor-extension-display-condition-disabled elementor-widget elementor-widget-text-editor\" data-id=\"c3a876c\" data-element_type=\"widget\" data-e-type=\"widget\" data-widget_type=\"text-editor.default\">\n\t\t\t\t<div class=\"elementor-widget-container\">\n\t\t\t\t\t\t\t\t\t<p><b style=\"font-style: inherit; text-align: var(--text-align); letter-spacing: 0px;\"><span data-contrast=\"auto\">Contents<\/span><\/b><span style=\"font-style: inherit; font-weight: inherit; text-align: var(--text-align); letter-spacing: 0px;\" data-ccp-props=\"{&quot;201341983&quot;:0,&quot;335559739&quot;:160,&quot;335559740&quot;:259}\">&nbsp;<\/span><\/p>\n<p><span class=\"TextRun SCXW30318253 BCX8\" lang=\"DE-DE\" xml:lang=\"DE-DE\" data-contrast=\"none\"><span class=\"NormalTextRun SCXW30318253 BCX8\">This module focuses on the introduction to the web application \u201c<\/span><span class=\"NormalTextRun SpellingErrorV2Themed SCXW30318253 BCX8\">Jupyter<\/span><span class=\"NormalTextRun SCXW30318253 BCX8\"> Notebooks\u201d and the programming language Python. At the same time, the concept of computational essays as documentation of the programming process and the results in the context of an epistemic programming approach is discussed.<\/span><\/span><span class=\"EOP SCXW30318253 BCX8\" data-ccp-props=\"{&quot;335551550&quot;:6,&quot;335551620&quot;:6,&quot;335559737&quot;:-426}\">&nbsp;<\/span><\/p>\n<p><b><span data-contrast=\"auto\">Topics<\/span><\/b><span data-ccp-props=\"{&quot;201341983&quot;:0,&quot;335559739&quot;:160,&quot;335559740&quot;:259}\">&nbsp;<\/span><\/p>\n<ul>\n<li><span style=\"font-style: inherit; font-weight: inherit; text-align: var(--text-align); letter-spacing: 0px;\" data-contrast=\"auto\">Introduction to Python and Jupyter Notebooks<\/span><\/li>\n<li>Introduction to Computational Essays<span style=\"font-size: 16px;\" data-ccp-props=\"{&quot;134233118&quot;:true,&quot;201341983&quot;:0,&quot;335551550&quot;:6,&quot;335551620&quot;:6,&quot;335559737&quot;:-426,&quot;335559740&quot;:259}\">&nbsp;<\/span><\/li>\n<li><span data-contrast=\"auto\">Epistemic programming including data exploration as a field of application<\/span><\/li>\n<li><span data-contrast=\"auto\">Analysis and exploration of various data (environmental data, survey data (e.g. Jim study), ...)<\/span><span data-ccp-props=\"{&quot;134233118&quot;:true,&quot;201341983&quot;:0,&quot;335551550&quot;:6,&quot;335551620&quot;:6,&quot;335559737&quot;:-426,&quot;335559740&quot;:259}\">&nbsp;<\/span><\/li>\n<li><span data-contrast=\"auto\">Various cell formatting and possible customizations in Jupyter Notebooks<\/span><\/li>\n<li><span data-contrast=\"auto\">Create your own computational essay<\/span><span data-ccp-props=\"{&quot;134233118&quot;:true,&quot;201341983&quot;:0,&quot;335551550&quot;:6,&quot;335551620&quot;:6,&quot;335559737&quot;:-426,&quot;335559740&quot;:259}\">&nbsp;<\/span><\/li>\n<\/ul>\t\t\t\t\t\t\t\t<\/div>\n\t\t\t\t<\/div>\n\t\t\t\t\t<\/div>\n\t\t\t\t<\/div>\n\t\t<div data-particle_enable=\"false\" data-particle-mobile-disabled=\"false\" class=\"elementor-element elementor-element-a0fa9a1 e-flex e-con-boxed e-con e-parent\" data-id=\"a0fa9a1\" data-element_type=\"container\" data-e-type=\"container\">\n\t\t\t\t\t<div class=\"e-con-inner\">\n\t\t\t\t<div class=\"elementor-element elementor-element-f717901 elementor-extension-display-condition-disabled elementor-widget elementor-widget-heading\" data-id=\"f717901\" data-element_type=\"widget\" data-e-type=\"widget\" data-widget_type=\"heading.default\">\n\t\t\t\t<div class=\"elementor-widget-container\">\n\t\t\t\t\t<h2 class=\"elementor-heading-title elementor-size-default\">Material<\/h2>\t\t\t\t<\/div>\n\t\t\t\t<\/div>\n\t\t\t\t\t<\/div>\n\t\t\t\t<\/div>\n\t\t<div data-particle_enable=\"false\" data-particle-mobile-disabled=\"false\" class=\"elementor-element elementor-element-3ec2429 e-flex e-con-boxed e-con e-parent\" data-id=\"3ec2429\" data-element_type=\"container\" data-e-type=\"container\">\n\t\t\t\t\t<div class=\"e-con-inner\">\n\t\t\t\t<div class=\"elementor-element elementor-element-1d71943 elementor-extension-display-condition-disabled elementor-widget elementor-widget-text-editor\" data-id=\"1d71943\" data-element_type=\"widget\" data-e-type=\"widget\" data-widget_type=\"text-editor.default\">\n\t\t\t\t<div class=\"elementor-widget-container\">\n\t\t\t\t\t\t\t\t\t<p>The slides and other materials for professional development will be published here soon.<\/p>\t\t\t\t\t\t\t\t<\/div>\n\t\t\t\t<\/div>\n\t\t\t\t\t<\/div>\n\t\t\t\t<\/div>\n\t\t<div data-particle_enable=\"false\" data-particle-mobile-disabled=\"false\" class=\"elementor-element elementor-element-99e825f elementor-hidden-desktop elementor-hidden-tablet_extra elementor-hidden-tablet elementor-hidden-mobile e-flex e-con-boxed e-con e-parent\" data-id=\"99e825f\" data-element_type=\"container\" data-e-type=\"container\">\n\t\t\t\t\t<div class=\"e-con-inner\">\n\t\t<div data-particle_enable=\"false\" data-particle-mobile-disabled=\"false\" class=\"elementor-element elementor-element-12dd75b e-flex e-con-boxed e-con e-child\" data-id=\"12dd75b\" data-element_type=\"container\" data-e-type=\"container\">\n\t\t\t\t\t<div class=\"e-con-inner\">\n\t\t\t\t<div class=\"elementor-element elementor-element-62a67e4 elementor-extension-display-condition-disabled elementor-widget elementor-widget-heading\" data-id=\"62a67e4\" data-element_type=\"widget\" data-e-type=\"widget\" data-widget_type=\"heading.default\">\n\t\t\t\t<div class=\"elementor-widget-container\">\n\t\t\t\t\t<h2 class=\"elementor-heading-title elementor-size-default\">News<\/h2>\t\t\t\t<\/div>\n\t\t\t\t<\/div>\n\t\t\t\t\t<\/div>\n\t\t\t\t<\/div>\n\t\t\t\t<div class=\"elementor-element elementor-element-cc08917 elementor-grid-3 elementor-grid-tablet-2 elementor-grid-mobile-1 elementor-posts--thumbnail-top elementor-extension-display-condition-disabled elementor-widget elementor-widget-posts\" data-id=\"cc08917\" data-element_type=\"widget\" data-e-type=\"widget\" data-settings=\"{&quot;classic_columns&quot;:&quot;3&quot;,&quot;classic_columns_tablet&quot;:&quot;2&quot;,&quot;classic_columns_mobile&quot;:&quot;1&quot;,&quot;classic_row_gap&quot;:{&quot;unit&quot;:&quot;px&quot;,&quot;size&quot;:35,&quot;sizes&quot;:[]},&quot;classic_row_gap_tablet_extra&quot;:{&quot;unit&quot;:&quot;px&quot;,&quot;size&quot;:&quot;&quot;,&quot;sizes&quot;:[]},&quot;classic_row_gap_tablet&quot;:{&quot;unit&quot;:&quot;px&quot;,&quot;size&quot;:&quot;&quot;,&quot;sizes&quot;:[]},&quot;classic_row_gap_mobile&quot;:{&quot;unit&quot;:&quot;px&quot;,&quot;size&quot;:&quot;&quot;,&quot;sizes&quot;:[]}}\" data-widget_type=\"posts.classic\">\n\t\t\t\t<div class=\"elementor-widget-container\">\n\t\t\t\t\t\t\t<div class=\"elementor-posts-container elementor-posts elementor-posts--skin-classic elementor-grid\" role=\"list\">\n\t\t\t\t<article class=\"elementor-post elementor-grid-item post-25736 post type-post status-publish format-standard hentry category-fortbildung\" role=\"listitem\">\n\t\t\t\t<div class=\"elementor-post__text\">\n\t\t\t\t<h3 class=\"elementor-post__title\">\n\t\t\t<a href=\"https:\/\/www.prodabi.de\/en\/neue-fortbildung-datendetektive-startet-am-13-12-23\/\" >\n\t\t\t\tNew training course \"Data detectives at work\" starts on 13.12.2023\t\t\t<\/a>\n\t\t<\/h3>\n\t\t\t\t<div class=\"elementor-post__meta-data\">\n\t\t\t\t\t<span class=\"elementor-post-date\">\n\t\t\t15. September 2023\t\t<\/span>\n\t\t\t\t<span class=\"elementor-post-avatar\">\n\t\t\tNo Comments\t\t<\/span>\n\t\t\t\t<\/div>\n\t\t\t\t<div class=\"elementor-post__excerpt\">\n\t\t\t<p>Der n\u00e4chste Durchgang der Fortbildung &#8220;Datendetekiv*innen bei der Arbeit &#8211; Data Science und k\u00fcnstliche Intelligenz (ohne Programmieren)&#8221; findet als zweit\u00e4gige Lehrkr\u00e4ftefortbildung statt am 13.12.2023 und<\/p>\n\t\t<\/div>\n\t\t\n\t\t<a class=\"elementor-post__read-more\" href=\"https:\/\/www.prodabi.de\/en\/neue-fortbildung-datendetektive-startet-am-13-12-23\/\" aria-label=\"Read more about Neue Fortbildung &#8220;Datendetektiv:innen bei der Arbeit&#8221; startet am 13.12.2023\" tabindex=\"-1\" >\n\t\t\tWeiterlesen \u00bb\t\t<\/a>\n\n\t\t\t\t<\/div>\n\t\t\t\t<\/article>\n\t\t\t\t<\/div>\n\t\t\n\t\t\t\t\t\t<\/div>\n\t\t\t\t<\/div>\n\t\t\t\t\t<\/div>\n\t\t\t\t<\/div>\n\t\t\t\t<\/div>","protected":false},"excerpt":{"rendered":"<p>Hier finden Sie Informationen zur mehrfach durchgef\u00fchrten Lehrkr\u00e4ftefortbildung \u201cDatenbewusstsein\u201d. Zielgruppe und Voraussetzungen Das Angebot richtet sich an Lehrerinnen und Lehrer der Schulformen der Sekundarstufe I, die bereits ein Lehramt f\u00fcr die Sekundarstufe I erworben haben und in der Sekundarstufe I das Fach Informatik unterrichten bzw. unterrichten wollen. \u00a0 In der Fortbildung werden Jupyter Notebooks und [&hellip;]<\/p>\n","protected":false},"author":5,"featured_media":0,"parent":25636,"menu_order":33,"comment_status":"closed","ping_status":"closed","template":"","meta":{"site-sidebar-layout":"no-sidebar","site-content-layout":"page-builder","ast-site-content-layout":"full-width-container","site-content-style":"unboxed","site-sidebar-style":"unboxed","ast-global-header-display":"","ast-banner-title-visibility":"","ast-main-header-display":"","ast-hfb-above-header-display":"","ast-hfb-below-header-display":"","ast-hfb-mobile-header-display":"","site-post-title":"disabled","ast-breadcrumbs-content":"","ast-featured-img":"disabled","footer-sml-layout":"","ast-disable-related-posts":"","theme-transparent-header-meta":"default","adv-header-id-meta":"","stick-header-meta":"","header-above-stick-meta":"","header-main-stick-meta":"","header-below-stick-meta":"","astra-migrate-meta-layouts":"set","ast-page-background-enabled":"default","ast-page-background-meta":{"desktop":{"background-color":"","background-image":"","background-repeat":"repeat","background-position":"center center","background-size":"auto","background-attachment":"scroll","background-type":"","background-media":"","overlay-type":"","overlay-color":"","overlay-opacity":"","overlay-gradient":""},"tablet":{"background-color":"","background-image":"","background-repeat":"repeat","background-position":"center center","background-size":"auto","background-attachment":"scroll","background-type":"","background-media":"","overlay-type":"","overlay-color":"","overlay-opacity":"","overlay-gradient":""},"mobile":{"background-color":"","background-image":"","background-repeat":"repeat","background-position":"center center","background-size":"auto","background-attachment":"scroll","background-type":"","background-media":"","overlay-type":"","overlay-color":"","overlay-opacity":"","overlay-gradient":""}},"ast-content-background-meta":{"desktop":{"background-color":"var(--ast-global-color-5)","background-image":"","background-repeat":"repeat","background-position":"center center","background-size":"auto","background-attachment":"scroll","background-type":"","background-media":"","overlay-type":"","overlay-color":"","overlay-opacity":"","overlay-gradient":""},"tablet":{"background-color":"var(--ast-global-color-5)","background-image":"","background-repeat":"repeat","background-position":"center center","background-size":"auto","background-attachment":"scroll","background-type":"","background-media":"","overlay-type":"","overlay-color":"","overlay-opacity":"","overlay-gradient":""},"mobile":{"background-color":"var(--ast-global-color-5)","background-image":"","background-repeat":"repeat","background-position":"center center","background-size":"auto","background-attachment":"scroll","background-type":"","background-media":"","overlay-type":"","overlay-color":"","overlay-opacity":"","overlay-gradient":""}},"footnotes":""},"class_list":["post-26011","page","type-page","status-publish","hentry"],"yoast_head":"<!-- This site is optimized with the Yoast SEO plugin v27.1.1 - https:\/\/yoast.com\/product\/yoast-seo-wordpress\/ -->\n<title>Fortbildung - Basismodul Epistemisches Programmieren - ProDaBi<\/title>\n<meta name=\"robots\" content=\"index, follow, max-snippet:-1, max-image-preview:large, max-video-preview:-1\" \/>\n<link rel=\"canonical\" href=\"https:\/\/www.prodabi.de\/en\/fortbildungen\/informationen\/fortbildung-basismodul-epistemisches-programmieren\/\" \/>\n<meta property=\"og:locale\" content=\"en_US\" \/>\n<meta property=\"og:type\" content=\"article\" \/>\n<meta property=\"og:title\" content=\"Fortbildung - Basismodul Epistemisches Programmieren - ProDaBi\" \/>\n<meta property=\"og:description\" content=\"Hier finden Sie Informationen zur mehrfach durchgef\u00fchrten Lehrkr\u00e4ftefortbildung \u201cDatenbewusstsein\u201d. Zielgruppe und Voraussetzungen Das Angebot richtet sich an Lehrerinnen und Lehrer der Schulformen der Sekundarstufe I, die bereits ein Lehramt f\u00fcr die Sekundarstufe I erworben haben und in der Sekundarstufe I das Fach Informatik unterrichten bzw. unterrichten wollen. \u00a0 In der Fortbildung werden Jupyter Notebooks und [&hellip;]\" \/>\n<meta property=\"og:url\" content=\"https:\/\/www.prodabi.de\/en\/fortbildungen\/informationen\/fortbildung-basismodul-epistemisches-programmieren\/\" \/>\n<meta property=\"og:site_name\" content=\"ProDaBi\" \/>\n<meta property=\"article:modified_time\" content=\"2024-04-11T06:32:46+00:00\" \/>\n<meta name=\"twitter:card\" content=\"summary_large_image\" \/>\n<meta name=\"twitter:label1\" content=\"Est. reading time\" \/>\n\t<meta name=\"twitter:data1\" content=\"2 minutes\" \/>\n<script type=\"application\/ld+json\" class=\"yoast-schema-graph\">{\"@context\":\"https:\/\/schema.org\",\"@graph\":[{\"@type\":\"WebPage\",\"@id\":\"https:\/\/www.prodabi.de\/fortbildungen\/informationen\/fortbildung-basismodul-epistemisches-programmieren\/\",\"url\":\"https:\/\/www.prodabi.de\/fortbildungen\/informationen\/fortbildung-basismodul-epistemisches-programmieren\/\",\"name\":\"Fortbildung - Basismodul Epistemisches Programmieren - ProDaBi\",\"isPartOf\":{\"@id\":\"https:\/\/www.prodabi.de\/#website\"},\"datePublished\":\"2023-12-06T09:57:12+00:00\",\"dateModified\":\"2024-04-11T06:32:46+00:00\",\"breadcrumb\":{\"@id\":\"https:\/\/www.prodabi.de\/fortbildungen\/informationen\/fortbildung-basismodul-epistemisches-programmieren\/#breadcrumb\"},\"inLanguage\":\"en-US\",\"potentialAction\":[{\"@type\":\"ReadAction\",\"target\":[\"https:\/\/www.prodabi.de\/fortbildungen\/informationen\/fortbildung-basismodul-epistemisches-programmieren\/\"]}]},{\"@type\":\"BreadcrumbList\",\"@id\":\"https:\/\/www.prodabi.de\/fortbildungen\/informationen\/fortbildung-basismodul-epistemisches-programmieren\/#breadcrumb\",\"itemListElement\":[{\"@type\":\"ListItem\",\"position\":1,\"name\":\"Startseite\",\"item\":\"https:\/\/www.prodabi.de\/\"},{\"@type\":\"ListItem\",\"position\":2,\"name\":\"Fortbildungen\",\"item\":\"https:\/\/www.prodabi.de\/fortbildungen\/\"},{\"@type\":\"ListItem\",\"position\":3,\"name\":\"Fortbildungskatalog\",\"item\":\"https:\/\/www.prodabi.de\/fortbildungen\/informationen\/\"},{\"@type\":\"ListItem\",\"position\":4,\"name\":\"Fortbildung &#8211; Basismodul Epistemisches Programmieren\"}]},{\"@type\":\"WebSite\",\"@id\":\"https:\/\/www.prodabi.de\/#website\",\"url\":\"https:\/\/www.prodabi.de\/\",\"name\":\"ProDaBi\",\"description\":\"\",\"publisher\":{\"@id\":\"https:\/\/www.prodabi.de\/#organization\"},\"potentialAction\":[{\"@type\":\"SearchAction\",\"target\":{\"@type\":\"EntryPoint\",\"urlTemplate\":\"https:\/\/www.prodabi.de\/?s={search_term_string}\"},\"query-input\":{\"@type\":\"PropertyValueSpecification\",\"valueRequired\":true,\"valueName\":\"search_term_string\"}}],\"inLanguage\":\"en-US\"},{\"@type\":\"Organization\",\"@id\":\"https:\/\/www.prodabi.de\/#organization\",\"name\":\"ProDaBi\",\"url\":\"https:\/\/www.prodabi.de\/\",\"logo\":{\"@type\":\"ImageObject\",\"inLanguage\":\"en-US\",\"@id\":\"https:\/\/www.prodabi.de\/#\/schema\/logo\/image\/\",\"url\":\"https:\/\/www.prodabi.de\/wp-content\/uploads\/Logo_ProDaBi.png\",\"contentUrl\":\"https:\/\/www.prodabi.de\/wp-content\/uploads\/Logo_ProDaBi.png\",\"width\":1141,\"height\":428,\"caption\":\"ProDaBi\"},\"image\":{\"@id\":\"https:\/\/www.prodabi.de\/#\/schema\/logo\/image\/\"}}]}<\/script>\n<!-- \/ Yoast SEO plugin. -->","yoast_head_json":{"title":"Fortbildung - Basismodul Epistemisches Programmieren - ProDaBi","robots":{"index":"index","follow":"follow","max-snippet":"max-snippet:-1","max-image-preview":"max-image-preview:large","max-video-preview":"max-video-preview:-1"},"canonical":"https:\/\/www.prodabi.de\/en\/fortbildungen\/informationen\/fortbildung-basismodul-epistemisches-programmieren\/","og_locale":"en_US","og_type":"article","og_title":"Fortbildung - Basismodul Epistemisches Programmieren - ProDaBi","og_description":"Hier finden Sie Informationen zur mehrfach durchgef\u00fchrten Lehrkr\u00e4ftefortbildung \u201cDatenbewusstsein\u201d. Zielgruppe und Voraussetzungen Das Angebot richtet sich an Lehrerinnen und Lehrer der Schulformen der Sekundarstufe I, die bereits ein Lehramt f\u00fcr die Sekundarstufe I erworben haben und in der Sekundarstufe I das Fach Informatik unterrichten bzw. unterrichten wollen. \u00a0 In der Fortbildung werden Jupyter Notebooks und [&hellip;]","og_url":"https:\/\/www.prodabi.de\/en\/fortbildungen\/informationen\/fortbildung-basismodul-epistemisches-programmieren\/","og_site_name":"ProDaBi","article_modified_time":"2024-04-11T06:32:46+00:00","twitter_card":"summary_large_image","twitter_misc":{"Est. reading time":"2 minutes"},"schema":{"@context":"https:\/\/schema.org","@graph":[{"@type":"WebPage","@id":"https:\/\/www.prodabi.de\/fortbildungen\/informationen\/fortbildung-basismodul-epistemisches-programmieren\/","url":"https:\/\/www.prodabi.de\/fortbildungen\/informationen\/fortbildung-basismodul-epistemisches-programmieren\/","name":"Fortbildung - Basismodul Epistemisches Programmieren - ProDaBi","isPartOf":{"@id":"https:\/\/www.prodabi.de\/#website"},"datePublished":"2023-12-06T09:57:12+00:00","dateModified":"2024-04-11T06:32:46+00:00","breadcrumb":{"@id":"https:\/\/www.prodabi.de\/fortbildungen\/informationen\/fortbildung-basismodul-epistemisches-programmieren\/#breadcrumb"},"inLanguage":"en-US","potentialAction":[{"@type":"ReadAction","target":["https:\/\/www.prodabi.de\/fortbildungen\/informationen\/fortbildung-basismodul-epistemisches-programmieren\/"]}]},{"@type":"BreadcrumbList","@id":"https:\/\/www.prodabi.de\/fortbildungen\/informationen\/fortbildung-basismodul-epistemisches-programmieren\/#breadcrumb","itemListElement":[{"@type":"ListItem","position":1,"name":"Startseite","item":"https:\/\/www.prodabi.de\/"},{"@type":"ListItem","position":2,"name":"Fortbildungen","item":"https:\/\/www.prodabi.de\/fortbildungen\/"},{"@type":"ListItem","position":3,"name":"Fortbildungskatalog","item":"https:\/\/www.prodabi.de\/fortbildungen\/informationen\/"},{"@type":"ListItem","position":4,"name":"Fortbildung &#8211; Basismodul Epistemisches Programmieren"}]},{"@type":"WebSite","@id":"https:\/\/www.prodabi.de\/#website","url":"https:\/\/www.prodabi.de\/","name":"ProDaBi","description":"","publisher":{"@id":"https:\/\/www.prodabi.de\/#organization"},"potentialAction":[{"@type":"SearchAction","target":{"@type":"EntryPoint","urlTemplate":"https:\/\/www.prodabi.de\/?s={search_term_string}"},"query-input":{"@type":"PropertyValueSpecification","valueRequired":true,"valueName":"search_term_string"}}],"inLanguage":"en-US"},{"@type":"Organization","@id":"https:\/\/www.prodabi.de\/#organization","name":"ProDaBi","url":"https:\/\/www.prodabi.de\/","logo":{"@type":"ImageObject","inLanguage":"en-US","@id":"https:\/\/www.prodabi.de\/#\/schema\/logo\/image\/","url":"https:\/\/www.prodabi.de\/wp-content\/uploads\/Logo_ProDaBi.png","contentUrl":"https:\/\/www.prodabi.de\/wp-content\/uploads\/Logo_ProDaBi.png","width":1141,"height":428,"caption":"ProDaBi"},"image":{"@id":"https:\/\/www.prodabi.de\/#\/schema\/logo\/image\/"}}]}},"_links":{"self":[{"href":"https:\/\/www.prodabi.de\/en\/wp-json\/wp\/v2\/pages\/26011","targetHints":{"allow":["GET"]}}],"collection":[{"href":"https:\/\/www.prodabi.de\/en\/wp-json\/wp\/v2\/pages"}],"about":[{"href":"https:\/\/www.prodabi.de\/en\/wp-json\/wp\/v2\/types\/page"}],"author":[{"embeddable":true,"href":"https:\/\/www.prodabi.de\/en\/wp-json\/wp\/v2\/users\/5"}],"replies":[{"embeddable":true,"href":"https:\/\/www.prodabi.de\/en\/wp-json\/wp\/v2\/comments?post=26011"}],"version-history":[{"count":0,"href":"https:\/\/www.prodabi.de\/en\/wp-json\/wp\/v2\/pages\/26011\/revisions"}],"up":[{"embeddable":true,"href":"https:\/\/www.prodabi.de\/en\/wp-json\/wp\/v2\/pages\/25636"}],"wp:attachment":[{"href":"https:\/\/www.prodabi.de\/en\/wp-json\/wp\/v2\/media?parent=26011"}],"curies":[{"name":"wp","href":"https:\/\/api.w.org\/{rel}","templated":true}]}}