{"id":25620,"date":"2023-08-28T10:48:03","date_gmt":"2023-08-28T08:48:03","guid":{"rendered":"https:\/\/www.prodabi.de\/?page_id=25620"},"modified":"2023-09-01T09:51:09","modified_gmt":"2023-09-01T07:51:09","slug":"kooperationen","status":"publish","type":"page","link":"https:\/\/www.prodabi.de\/en\/kooperationen\/","title":{"rendered":"Kooperationen&#8221;"},"content":{"rendered":"<div data-elementor-type=\"wp-page\" data-elementor-id=\"25620\" class=\"elementor elementor-25620\" data-elementor-post-type=\"page\">\n\t\t\t\t<div data-particle_enable=\"false\" data-particle-mobile-disabled=\"false\" class=\"elementor-element elementor-element-115b4c7 e-flex e-con-boxed e-con e-parent\" data-id=\"115b4c7\" data-element_type=\"container\" data-e-type=\"container\">\n\t\t\t\t\t<div class=\"e-con-inner\">\n\t\t\t\t<div class=\"elementor-element elementor-element-e7f29dd elementor-extension-display-condition-disabled elementor-widget elementor-widget-heading\" data-id=\"e7f29dd\" data-element_type=\"widget\" data-e-type=\"widget\" data-widget_type=\"heading.default\">\n\t\t\t\t<div class=\"elementor-widget-container\">\n\t\t\t\t\t<h2 class=\"elementor-heading-title elementor-size-default\">N\u00fctzliche gesammelte Links<\/h2>\t\t\t\t<\/div>\n\t\t\t\t<\/div>\n\t\t<div data-particle_enable=\"false\" data-particle-mobile-disabled=\"false\" class=\"elementor-element elementor-element-800412e e-flex e-con-boxed e-con e-child\" data-id=\"800412e\" data-element_type=\"container\" data-e-type=\"container\" data-settings=\"{&quot;background_background&quot;:&quot;classic&quot;}\">\n\t\t\t\t\t<div class=\"e-con-inner\">\n\t\t\t\t<div class=\"elementor-element elementor-element-1069e2e elementor-extension-display-condition-disabled elementor-widget elementor-widget-heading\" data-id=\"1069e2e\" data-element_type=\"widget\" data-e-type=\"widget\" data-widget_type=\"heading.default\">\n\t\t\t\t<div class=\"elementor-widget-container\">\n\t\t\t\t\t<h2 class=\"elementor-heading-title elementor-size-default\">Hier steht eine \u00dcberschrift f\u00fcr einen Themenkomplex<\/h2>\t\t\t\t<\/div>\n\t\t\t\t<\/div>\n\t\t\t\t<div class=\"elementor-element elementor-element-a2c76e6 elementor-extension-display-condition-disabled elementor-widget elementor-widget-heading\" data-id=\"a2c76e6\" data-element_type=\"widget\" data-e-type=\"widget\" data-widget_type=\"heading.default\">\n\t\t\t\t<div class=\"elementor-widget-container\">\n\t\t\t\t\t<h3 class=\"elementor-heading-title elementor-size-default\">Hier steht eine Sub-Headline<\/h3>\t\t\t\t<\/div>\n\t\t\t\t<\/div>\n\t\t\t\t<div class=\"elementor-element elementor-element-369e4d0 elementor-extension-display-condition-disabled elementor-widget elementor-widget-text-editor\" data-id=\"369e4d0\" data-element_type=\"widget\" data-e-type=\"widget\" data-widget_type=\"text-editor.default\">\n\t\t\t\t<div class=\"elementor-widget-container\">\n\t\t\t\t\t\t\t\t\t<div><div><div>Hier steht etwas redaktioneller Text umm die Linkks ggf. zu beschreiben. Lorem ipsum dolor sit amet, consetetur sadipscing elitr, sed diam nonumy eirmod tempor invidunt ut labore et dolore magna aliquyam erat, sed diam voluptua. At vero eos et accusam et justo duo dolores et ea rebum. Stet clita kasd gubergren, no sea takimata sanctus est Lorem ipsum dolor sit amet. Lorem ipsum dolor sit amet, consetetur sadipscing elitr, sed diam nonumy eirmod tempor invidunt ut labore et dolore magna aliquyam erat, sed diam voluptua. At vero eos et accusam et justo duo dolores et ea rebum.<\/div><\/div><\/div>\t\t\t\t\t\t\t\t<\/div>\n\t\t\t\t<\/div>\n\t\t\t\t<div class=\"elementor-element elementor-element-322a3d4 elementor-extension-display-condition-disabled elementor-widget elementor-widget-text-editor\" data-id=\"322a3d4\" data-element_type=\"widget\" data-e-type=\"widget\" data-widget_type=\"text-editor.default\">\n\t\t\t\t<div class=\"elementor-widget-container\">\n\t\t\t\t\t\t\t\t\t<div><div><h4><strong><em>Links:<\/em><\/strong><\/h4><\/div><\/div>\t\t\t\t\t\t\t\t<\/div>\n\t\t\t\t<\/div>\n\t\t\t\t<div class=\"elementor-element elementor-element-e16bfdc elementor-icon-list--layout-traditional elementor-list-item-link-full_width elementor-extension-display-condition-disabled elementor-widget elementor-widget-icon-list\" data-id=\"e16bfdc\" data-element_type=\"widget\" data-e-type=\"widget\" data-widget_type=\"icon-list.default\">\n\t\t\t\t<div class=\"elementor-widget-container\">\n\t\t\t\t\t\t\t<ul class=\"elementor-icon-list-items\">\n\t\t\t\t\t\t\t<li class=\"elementor-icon-list-item\">\n\t\t\t\t\t\t\t\t\t\t\t<a href=\"https:\/\/www.zeit.de\/zustimmung?url=https%3A%2F%2Fwww.zeit.de%2Fdigital%2Fdatenschutz%2F2011-02%2Fvorratsdaten-malte-spitz\">\n\n\t\t\t\t\t\t\t\t\t\t\t\t<span class=\"elementor-icon-list-icon\">\n\t\t\t\t\t\t\t<i aria-hidden=\"true\" class=\"far fa-external-link\"><\/i>\t\t\t\t\t\t<\/span>\n\t\t\t\t\t\t\t\t\t\t<span class=\"elementor-icon-list-text\">https:\/\/www.zeit.de\/zustimmung?url=https%3A%2F%2Fwww.zeit.de%2Fdigital%2Fdatensc<\/span>\n\t\t\t\t\t\t\t\t\t\t\t<\/a>\n\t\t\t\t\t\t\t\t\t<\/li>\n\t\t\t\t\t\t\t\t<li class=\"elementor-icon-list-item\">\n\t\t\t\t\t\t\t\t\t\t\t<a href=\"https:\/\/www.zeit.de\/zustimmung?url=https%3A%2F%2Fwww.zeit.de%2Fdigital%2Fdatenschutz%2F2011-02%2Fvorratsdaten-malte-spitz\">\n\n\t\t\t\t\t\t\t\t\t\t\t\t<span class=\"elementor-icon-list-icon\">\n\t\t\t\t\t\t\t<i aria-hidden=\"true\" class=\"far fa-external-link\"><\/i>\t\t\t\t\t\t<\/span>\n\t\t\t\t\t\t\t\t\t\t<span class=\"elementor-icon-list-text\">https:\/\/www.zeit.de\/datenschutz\/malte-spitz-vorratsdaten<\/span>\n\t\t\t\t\t\t\t\t\t\t\t<\/a>\n\t\t\t\t\t\t\t\t\t<\/li>\n\t\t\t\t\t\t<\/ul>\n\t\t\t\t\t\t<\/div>\n\t\t\t\t<\/div>\n\t\t\t\t<div class=\"elementor-element elementor-element-964c4a8 elementor-extension-display-condition-disabled elementor-widget elementor-widget-heading\" data-id=\"964c4a8\" data-element_type=\"widget\" data-e-type=\"widget\" data-widget_type=\"heading.default\">\n\t\t\t\t<div class=\"elementor-widget-container\">\n\t\t\t\t\t<h3 class=\"elementor-heading-title elementor-size-default\">Hier steht vielleicht noch eine weitere Sub-Headline<\/h3>\t\t\t\t<\/div>\n\t\t\t\t<\/div>\n\t\t\t\t<div class=\"elementor-element elementor-element-7c6b541 elementor-extension-display-condition-disabled elementor-widget elementor-widget-text-editor\" data-id=\"7c6b541\" data-element_type=\"widget\" data-e-type=\"widget\" data-widget_type=\"text-editor.default\">\n\t\t\t\t<div class=\"elementor-widget-container\">\n\t\t\t\t\t\t\t\t\t<div><div><div>Hier steht etwas redaktioneller Text umm die Linkks ggf. zu beschreiben. Lorem ipsum dolor sit amet, consetetur sadipscing elitr, sed diam nonumy eirmod tempor invidunt ut labore et dolore magna aliquyam erat, sed diam voluptua. At vero eos et accusam et justo duo dolores et ea rebum. Stet clita kasd gubergren, no sea takimata sanctus est Lorem ipsum dolor sit amet. Lorem ipsum dolor sit amet, consetetur sadipscing elitr, sed diam nonumy eirmod tempor invidunt ut labore et dolore magna aliquyam erat, sed diam voluptua. At vero eos et accusam et justo duo dolores et ea rebum.<\/div><\/div><\/div>\t\t\t\t\t\t\t\t<\/div>\n\t\t\t\t<\/div>\n\t\t\t\t<div class=\"elementor-element elementor-element-dca71e6 elementor-extension-display-condition-disabled elementor-widget elementor-widget-text-editor\" data-id=\"dca71e6\" data-element_type=\"widget\" data-e-type=\"widget\" data-widget_type=\"text-editor.default\">\n\t\t\t\t<div class=\"elementor-widget-container\">\n\t\t\t\t\t\t\t\t\t<div><div><h4><strong><em>Links:<\/em><\/strong><\/h4><\/div><\/div>\t\t\t\t\t\t\t\t<\/div>\n\t\t\t\t<\/div>\n\t\t\t\t<div class=\"elementor-element elementor-element-8ad11e5 elementor-icon-list--layout-traditional elementor-list-item-link-full_width elementor-extension-display-condition-disabled elementor-widget elementor-widget-icon-list\" data-id=\"8ad11e5\" data-element_type=\"widget\" data-e-type=\"widget\" data-widget_type=\"icon-list.default\">\n\t\t\t\t<div class=\"elementor-widget-container\">\n\t\t\t\t\t\t\t<ul class=\"elementor-icon-list-items\">\n\t\t\t\t\t\t\t<li class=\"elementor-icon-list-item\">\n\t\t\t\t\t\t\t\t\t\t\t<a href=\"https:\/\/www.zeit.de\/zustimmung?url=https%3A%2F%2Fwww.zeit.de%2Fdigital%2Fdatenschutz%2F2011-02%2Fvorratsdaten-malte-spitz\">\n\n\t\t\t\t\t\t\t\t\t\t\t\t<span class=\"elementor-icon-list-icon\">\n\t\t\t\t\t\t\t<i aria-hidden=\"true\" class=\"far fa-external-link\"><\/i>\t\t\t\t\t\t<\/span>\n\t\t\t\t\t\t\t\t\t\t<span class=\"elementor-icon-list-text\">https:\/\/www.zeit.de\/zustimmung?url=https%3A%2F%2Fwww.zeit.de%2Fdigital%2Fdatensc<\/span>\n\t\t\t\t\t\t\t\t\t\t\t<\/a>\n\t\t\t\t\t\t\t\t\t<\/li>\n\t\t\t\t\t\t\t\t<li class=\"elementor-icon-list-item\">\n\t\t\t\t\t\t\t\t\t\t\t<a href=\"https:\/\/www.zeit.de\/zustimmung?url=https%3A%2F%2Fwww.zeit.de%2Fdigital%2Fdatenschutz%2F2011-02%2Fvorratsdaten-malte-spitz\">\n\n\t\t\t\t\t\t\t\t\t\t\t\t<span class=\"elementor-icon-list-icon\">\n\t\t\t\t\t\t\t<i aria-hidden=\"true\" class=\"far fa-external-link\"><\/i>\t\t\t\t\t\t<\/span>\n\t\t\t\t\t\t\t\t\t\t<span class=\"elementor-icon-list-text\">https:\/\/www.zeit.de\/datenschutz\/malte-spitz-vorratsdaten<\/span>\n\t\t\t\t\t\t\t\t\t\t\t<\/a>\n\t\t\t\t\t\t\t\t\t<\/li>\n\t\t\t\t\t\t<\/ul>\n\t\t\t\t\t\t<\/div>\n\t\t\t\t<\/div>\n\t\t\t\t\t<\/div>\n\t\t\t\t<\/div>\n\t\t<div data-particle_enable=\"false\" data-particle-mobile-disabled=\"false\" class=\"elementor-element elementor-element-f1cbb14 e-flex e-con-boxed e-con e-child\" data-id=\"f1cbb14\" data-element_type=\"container\" data-e-type=\"container\" data-settings=\"{&quot;background_background&quot;:&quot;classic&quot;}\">\n\t\t\t\t\t<div class=\"e-con-inner\">\n\t\t\t\t<div class=\"elementor-element elementor-element-7d33100 elementor-extension-display-condition-disabled elementor-widget elementor-widget-heading\" data-id=\"7d33100\" data-element_type=\"widget\" data-e-type=\"widget\" data-widget_type=\"heading.default\">\n\t\t\t\t<div class=\"elementor-widget-container\">\n\t\t\t\t\t<h2 class=\"elementor-heading-title elementor-size-default\">Hier steht eine \u00dcberschrift f\u00fcr einen Themenkomplex<\/h2>\t\t\t\t<\/div>\n\t\t\t\t<\/div>\n\t\t\t\t<div class=\"elementor-element elementor-element-7a3e15e elementor-extension-display-condition-disabled elementor-widget elementor-widget-heading\" data-id=\"7a3e15e\" data-element_type=\"widget\" data-e-type=\"widget\" data-widget_type=\"heading.default\">\n\t\t\t\t<div class=\"elementor-widget-container\">\n\t\t\t\t\t<h3 class=\"elementor-heading-title elementor-size-default\">Hier steht eine Sub-Headline<\/h3>\t\t\t\t<\/div>\n\t\t\t\t<\/div>\n\t\t\t\t<div class=\"elementor-element elementor-element-6aae6ad elementor-extension-display-condition-disabled elementor-widget elementor-widget-text-editor\" data-id=\"6aae6ad\" data-element_type=\"widget\" data-e-type=\"widget\" data-widget_type=\"text-editor.default\">\n\t\t\t\t<div class=\"elementor-widget-container\">\n\t\t\t\t\t\t\t\t\t<div><div><div>Hier steht etwas redaktioneller Text umm die Linkks ggf. zu beschreiben. Lorem ipsum dolor sit amet, consetetur sadipscing elitr, sed diam nonumy eirmod tempor invidunt ut labore et dolore magna aliquyam erat, sed diam voluptua. At vero eos et accusam et justo duo dolores et ea rebum. Stet clita kasd gubergren, no sea takimata sanctus est Lorem ipsum dolor sit amet. Lorem ipsum dolor sit amet, consetetur sadipscing elitr, sed diam nonumy eirmod tempor invidunt ut labore et dolore magna aliquyam erat, sed diam voluptua. At vero eos et accusam et justo duo dolores et ea rebum.<\/div><\/div><\/div>\t\t\t\t\t\t\t\t<\/div>\n\t\t\t\t<\/div>\n\t\t\t\t<div class=\"elementor-element elementor-element-b3ec3d4 elementor-extension-display-condition-disabled elementor-widget elementor-widget-text-editor\" data-id=\"b3ec3d4\" data-element_type=\"widget\" data-e-type=\"widget\" data-widget_type=\"text-editor.default\">\n\t\t\t\t<div class=\"elementor-widget-container\">\n\t\t\t\t\t\t\t\t\t<div><div><h4><strong><em>Links:<\/em><\/strong><\/h4><\/div><\/div>\t\t\t\t\t\t\t\t<\/div>\n\t\t\t\t<\/div>\n\t\t\t\t<div class=\"elementor-element elementor-element-ce031e2 elementor-icon-list--layout-traditional elementor-list-item-link-full_width elementor-extension-display-condition-disabled elementor-widget elementor-widget-icon-list\" data-id=\"ce031e2\" data-element_type=\"widget\" data-e-type=\"widget\" data-widget_type=\"icon-list.default\">\n\t\t\t\t<div class=\"elementor-widget-container\">\n\t\t\t\t\t\t\t<ul class=\"elementor-icon-list-items\">\n\t\t\t\t\t\t\t<li class=\"elementor-icon-list-item\">\n\t\t\t\t\t\t\t\t\t\t\t<a href=\"https:\/\/www.zeit.de\/zustimmung?url=https%3A%2F%2Fwww.zeit.de%2Fdigital%2Fdatenschutz%2F2011-02%2Fvorratsdaten-malte-spitz\">\n\n\t\t\t\t\t\t\t\t\t\t\t\t<span class=\"elementor-icon-list-icon\">\n\t\t\t\t\t\t\t<i aria-hidden=\"true\" class=\"far fa-external-link\"><\/i>\t\t\t\t\t\t<\/span>\n\t\t\t\t\t\t\t\t\t\t<span class=\"elementor-icon-list-text\">https:\/\/www.zeit.de\/zustimmung?url=https%3A%2F%2Fwww.zeit.de%2Fdigital%2Fdatensc<\/span>\n\t\t\t\t\t\t\t\t\t\t\t<\/a>\n\t\t\t\t\t\t\t\t\t<\/li>\n\t\t\t\t\t\t\t\t<li class=\"elementor-icon-list-item\">\n\t\t\t\t\t\t\t\t\t\t\t<a href=\"https:\/\/www.zeit.de\/zustimmung?url=https%3A%2F%2Fwww.zeit.de%2Fdigital%2Fdatenschutz%2F2011-02%2Fvorratsdaten-malte-spitz\">\n\n\t\t\t\t\t\t\t\t\t\t\t\t<span class=\"elementor-icon-list-icon\">\n\t\t\t\t\t\t\t<i aria-hidden=\"true\" class=\"far fa-external-link\"><\/i>\t\t\t\t\t\t<\/span>\n\t\t\t\t\t\t\t\t\t\t<span class=\"elementor-icon-list-text\">https:\/\/www.zeit.de\/datenschutz\/malte-spitz-vorratsdaten<\/span>\n\t\t\t\t\t\t\t\t\t\t\t<\/a>\n\t\t\t\t\t\t\t\t\t<\/li>\n\t\t\t\t\t\t<\/ul>\n\t\t\t\t\t\t<\/div>\n\t\t\t\t<\/div>\n\t\t\t\t<div class=\"elementor-element elementor-element-49983a6 elementor-extension-display-condition-disabled elementor-widget elementor-widget-heading\" data-id=\"49983a6\" data-element_type=\"widget\" data-e-type=\"widget\" data-widget_type=\"heading.default\">\n\t\t\t\t<div class=\"elementor-widget-container\">\n\t\t\t\t\t<h3 class=\"elementor-heading-title elementor-size-default\">Hier steht vielleicht noch eine weitere Sub-Headline<\/h3>\t\t\t\t<\/div>\n\t\t\t\t<\/div>\n\t\t\t\t<div class=\"elementor-element elementor-element-a7d1844 elementor-extension-display-condition-disabled elementor-widget elementor-widget-text-editor\" data-id=\"a7d1844\" data-element_type=\"widget\" data-e-type=\"widget\" data-widget_type=\"text-editor.default\">\n\t\t\t\t<div class=\"elementor-widget-container\">\n\t\t\t\t\t\t\t\t\t<div><div><div>Hier steht etwas redaktioneller Text umm die Linkks ggf. zu beschreiben. Lorem ipsum dolor sit amet, consetetur sadipscing elitr, sed diam nonumy eirmod tempor invidunt ut labore et dolore magna aliquyam erat, sed diam voluptua. At vero eos et accusam et justo duo dolores et ea rebum. Stet clita kasd gubergren, no sea takimata sanctus est Lorem ipsum dolor sit amet. Lorem ipsum dolor sit amet, consetetur sadipscing elitr, sed diam nonumy eirmod tempor invidunt ut labore et dolore magna aliquyam erat, sed diam voluptua. At vero eos et accusam et justo duo dolores et ea rebum.<\/div><\/div><\/div>\t\t\t\t\t\t\t\t<\/div>\n\t\t\t\t<\/div>\n\t\t\t\t<div class=\"elementor-element elementor-element-9b4134e elementor-extension-display-condition-disabled elementor-widget elementor-widget-text-editor\" data-id=\"9b4134e\" data-element_type=\"widget\" data-e-type=\"widget\" data-widget_type=\"text-editor.default\">\n\t\t\t\t<div class=\"elementor-widget-container\">\n\t\t\t\t\t\t\t\t\t<div><div><h4><strong><em>Links:<\/em><\/strong><\/h4><\/div><\/div>\t\t\t\t\t\t\t\t<\/div>\n\t\t\t\t<\/div>\n\t\t\t\t<div class=\"elementor-element elementor-element-9b79274 elementor-icon-list--layout-traditional elementor-list-item-link-full_width elementor-extension-display-condition-disabled elementor-widget elementor-widget-icon-list\" data-id=\"9b79274\" data-element_type=\"widget\" data-e-type=\"widget\" data-widget_type=\"icon-list.default\">\n\t\t\t\t<div class=\"elementor-widget-container\">\n\t\t\t\t\t\t\t<ul class=\"elementor-icon-list-items\">\n\t\t\t\t\t\t\t<li class=\"elementor-icon-list-item\">\n\t\t\t\t\t\t\t\t\t\t\t<a href=\"https:\/\/www.zeit.de\/zustimmung?url=https%3A%2F%2Fwww.zeit.de%2Fdigital%2Fdatenschutz%2F2011-02%2Fvorratsdaten-malte-spitz\">\n\n\t\t\t\t\t\t\t\t\t\t\t\t<span class=\"elementor-icon-list-icon\">\n\t\t\t\t\t\t\t<i aria-hidden=\"true\" class=\"far fa-external-link\"><\/i>\t\t\t\t\t\t<\/span>\n\t\t\t\t\t\t\t\t\t\t<span class=\"elementor-icon-list-text\">https:\/\/www.zeit.de\/zustimmung?url=https%3A%2F%2Fwww.zeit.de%2Fdigital%2Fdatensc<\/span>\n\t\t\t\t\t\t\t\t\t\t\t<\/a>\n\t\t\t\t\t\t\t\t\t<\/li>\n\t\t\t\t\t\t\t\t<li class=\"elementor-icon-list-item\">\n\t\t\t\t\t\t\t\t\t\t\t<a href=\"https:\/\/www.zeit.de\/zustimmung?url=https%3A%2F%2Fwww.zeit.de%2Fdigital%2Fdatenschutz%2F2011-02%2Fvorratsdaten-malte-spitz\">\n\n\t\t\t\t\t\t\t\t\t\t\t\t<span class=\"elementor-icon-list-icon\">\n\t\t\t\t\t\t\t<i aria-hidden=\"true\" class=\"far fa-external-link\"><\/i>\t\t\t\t\t\t<\/span>\n\t\t\t\t\t\t\t\t\t\t<span class=\"elementor-icon-list-text\">https:\/\/www.zeit.de\/datenschutz\/malte-spitz-vorratsdaten<\/span>\n\t\t\t\t\t\t\t\t\t\t\t<\/a>\n\t\t\t\t\t\t\t\t\t<\/li>\n\t\t\t\t\t\t<\/ul>\n\t\t\t\t\t\t<\/div>\n\t\t\t\t<\/div>\n\t\t\t\t\t<\/div>\n\t\t\t\t<\/div>\n\t\t\t\t\t<\/div>\n\t\t\t\t<\/div>\n\t\t\t\t<\/div>","protected":false},"excerpt":{"rendered":"<p>N\u00fctzliche gesammelte Links Hier steht eine \u00dcberschrift f\u00fcr einen Themenkomplex Hier steht eine Sub-Headline Hier steht etwas redaktioneller Text umm die Linkks ggf. zu beschreiben. Lorem ipsum dolor sit amet, consetetur sadipscing elitr, sed diam nonumy eirmod tempor invidunt ut labore et dolore magna aliquyam erat, sed diam voluptua. At vero eos et accusam et [&hellip;]<\/p>\n","protected":false},"author":7,"featured_media":0,"parent":0,"menu_order":39,"comment_status":"closed","ping_status":"closed","template":"","meta":{"site-sidebar-layout":"no-sidebar","site-content-layout":"page-builder","ast-site-content-layout":"default","site-content-style":"default","site-sidebar-style":"default","ast-global-header-display":"","ast-banner-title-visibility":"","ast-main-header-display":"","ast-hfb-above-header-display":"","ast-hfb-below-header-display":"","ast-hfb-mobile-header-display":"","site-post-title":"disabled","ast-breadcrumbs-content":"","ast-featured-img":"disabled","footer-sml-layout":"","ast-disable-related-posts":"","theme-transparent-header-meta":"default","adv-header-id-meta":"","stick-header-meta":"","header-above-stick-meta":"","header-main-stick-meta":"","header-below-stick-meta":"","astra-migrate-meta-layouts":"default","ast-page-background-enabled":"default","ast-page-background-meta":{"desktop":{"background-color":"","background-image":"","background-repeat":"repeat","background-position":"center center","background-size":"auto","background-attachment":"scroll","background-type":"","background-media":"","overlay-type":"","overlay-color":"","overlay-opacity":"","overlay-gradient":""},"tablet":{"background-color":"","background-image":"","background-repeat":"repeat","background-position":"center center","background-size":"auto","background-attachment":"scroll","background-type":"","background-media":"","overlay-type":"","overlay-color":"","overlay-opacity":"","overlay-gradient":""},"mobile":{"background-color":"","background-image":"","background-repeat":"repeat","background-position":"center center","background-size":"auto","background-attachment":"scroll","background-type":"","background-media":"","overlay-type":"","overlay-color":"","overlay-opacity":"","overlay-gradient":""}},"ast-content-background-meta":{"desktop":{"background-color":"var(--ast-global-color-5)","background-image":"","background-repeat":"repeat","background-position":"center center","background-size":"auto","background-attachment":"scroll","background-type":"","background-media":"","overlay-type":"","overlay-color":"","overlay-opacity":"","overlay-gradient":""},"tablet":{"background-color":"var(--ast-global-color-5)","background-image":"","background-repeat":"repeat","background-position":"center center","background-size":"auto","background-attachment":"scroll","background-type":"","background-media":"","overlay-type":"","overlay-color":"","overlay-opacity":"","overlay-gradient":""},"mobile":{"background-color":"var(--ast-global-color-5)","background-image":"","background-repeat":"repeat","background-position":"center center","background-size":"auto","background-attachment":"scroll","background-type":"","background-media":"","overlay-type":"","overlay-color":"","overlay-opacity":"","overlay-gradient":""}},"footnotes":""},"class_list":["post-25620","page","type-page","status-publish","hentry"],"yoast_head":"<!-- This site is optimized with the Yoast SEO plugin v27.1.1 - https:\/\/yoast.com\/product\/yoast-seo-wordpress\/ -->\n<title>Kooperationen&quot; - ProDaBi<\/title>\n<meta name=\"robots\" content=\"index, follow, max-snippet:-1, max-image-preview:large, max-video-preview:-1\" \/>\n<link rel=\"canonical\" href=\"https:\/\/www.prodabi.de\/en\/kooperationen\/\" \/>\n<meta property=\"og:locale\" content=\"en_US\" \/>\n<meta property=\"og:type\" content=\"article\" \/>\n<meta property=\"og:title\" content=\"Kooperationen&quot; - ProDaBi\" \/>\n<meta property=\"og:description\" content=\"N\u00fctzliche gesammelte Links Hier steht eine \u00dcberschrift f\u00fcr einen Themenkomplex Hier steht eine Sub-Headline Hier steht etwas redaktioneller Text umm die Linkks ggf. zu beschreiben. Lorem ipsum dolor sit amet, consetetur sadipscing elitr, sed diam nonumy eirmod tempor invidunt ut labore et dolore magna aliquyam erat, sed diam voluptua. At vero eos et accusam et [&hellip;]\" \/>\n<meta property=\"og:url\" content=\"https:\/\/www.prodabi.de\/en\/kooperationen\/\" \/>\n<meta property=\"og:site_name\" content=\"ProDaBi\" \/>\n<meta property=\"article:modified_time\" content=\"2023-09-01T07:51:09+00:00\" \/>\n<meta name=\"twitter:card\" content=\"summary_large_image\" \/>\n<meta name=\"twitter:label1\" content=\"Est. reading time\" \/>\n\t<meta name=\"twitter:data1\" content=\"3 minutes\" \/>\n<script type=\"application\/ld+json\" class=\"yoast-schema-graph\">{\"@context\":\"https:\/\/schema.org\",\"@graph\":[{\"@type\":\"WebPage\",\"@id\":\"https:\/\/www.prodabi.de\/kooperationen\/\",\"url\":\"https:\/\/www.prodabi.de\/kooperationen\/\",\"name\":\"Kooperationen\\\" - ProDaBi\",\"isPartOf\":{\"@id\":\"https:\/\/www.prodabi.de\/#website\"},\"datePublished\":\"2023-08-28T08:48:03+00:00\",\"dateModified\":\"2023-09-01T07:51:09+00:00\",\"breadcrumb\":{\"@id\":\"https:\/\/www.prodabi.de\/kooperationen\/#breadcrumb\"},\"inLanguage\":\"en-US\",\"potentialAction\":[{\"@type\":\"ReadAction\",\"target\":[\"https:\/\/www.prodabi.de\/kooperationen\/\"]}]},{\"@type\":\"BreadcrumbList\",\"@id\":\"https:\/\/www.prodabi.de\/kooperationen\/#breadcrumb\",\"itemListElement\":[{\"@type\":\"ListItem\",\"position\":1,\"name\":\"Startseite\",\"item\":\"https:\/\/www.prodabi.de\/\"},{\"@type\":\"ListItem\",\"position\":2,\"name\":\"Kooperationen&#8221;\"}]},{\"@type\":\"WebSite\",\"@id\":\"https:\/\/www.prodabi.de\/#website\",\"url\":\"https:\/\/www.prodabi.de\/\",\"name\":\"ProDaBi\",\"description\":\"\",\"publisher\":{\"@id\":\"https:\/\/www.prodabi.de\/#organization\"},\"potentialAction\":[{\"@type\":\"SearchAction\",\"target\":{\"@type\":\"EntryPoint\",\"urlTemplate\":\"https:\/\/www.prodabi.de\/?s={search_term_string}\"},\"query-input\":{\"@type\":\"PropertyValueSpecification\",\"valueRequired\":true,\"valueName\":\"search_term_string\"}}],\"inLanguage\":\"en-US\"},{\"@type\":\"Organization\",\"@id\":\"https:\/\/www.prodabi.de\/#organization\",\"name\":\"ProDaBi\",\"url\":\"https:\/\/www.prodabi.de\/\",\"logo\":{\"@type\":\"ImageObject\",\"inLanguage\":\"en-US\",\"@id\":\"https:\/\/www.prodabi.de\/#\/schema\/logo\/image\/\",\"url\":\"https:\/\/www.prodabi.de\/wp-content\/uploads\/Logo_ProDaBi.png\",\"contentUrl\":\"https:\/\/www.prodabi.de\/wp-content\/uploads\/Logo_ProDaBi.png\",\"width\":1141,\"height\":428,\"caption\":\"ProDaBi\"},\"image\":{\"@id\":\"https:\/\/www.prodabi.de\/#\/schema\/logo\/image\/\"}}]}<\/script>\n<!-- \/ Yoast SEO plugin. -->","yoast_head_json":{"title":"Kooperationen\" - ProDaBi","robots":{"index":"index","follow":"follow","max-snippet":"max-snippet:-1","max-image-preview":"max-image-preview:large","max-video-preview":"max-video-preview:-1"},"canonical":"https:\/\/www.prodabi.de\/en\/kooperationen\/","og_locale":"en_US","og_type":"article","og_title":"Kooperationen\" - ProDaBi","og_description":"N\u00fctzliche gesammelte Links Hier steht eine \u00dcberschrift f\u00fcr einen Themenkomplex Hier steht eine Sub-Headline Hier steht etwas redaktioneller Text umm die Linkks ggf. zu beschreiben. Lorem ipsum dolor sit amet, consetetur sadipscing elitr, sed diam nonumy eirmod tempor invidunt ut labore et dolore magna aliquyam erat, sed diam voluptua. At vero eos et accusam et [&hellip;]","og_url":"https:\/\/www.prodabi.de\/en\/kooperationen\/","og_site_name":"ProDaBi","article_modified_time":"2023-09-01T07:51:09+00:00","twitter_card":"summary_large_image","twitter_misc":{"Est. reading time":"3 minutes"},"schema":{"@context":"https:\/\/schema.org","@graph":[{"@type":"WebPage","@id":"https:\/\/www.prodabi.de\/kooperationen\/","url":"https:\/\/www.prodabi.de\/kooperationen\/","name":"Kooperationen\" - ProDaBi","isPartOf":{"@id":"https:\/\/www.prodabi.de\/#website"},"datePublished":"2023-08-28T08:48:03+00:00","dateModified":"2023-09-01T07:51:09+00:00","breadcrumb":{"@id":"https:\/\/www.prodabi.de\/kooperationen\/#breadcrumb"},"inLanguage":"en-US","potentialAction":[{"@type":"ReadAction","target":["https:\/\/www.prodabi.de\/kooperationen\/"]}]},{"@type":"BreadcrumbList","@id":"https:\/\/www.prodabi.de\/kooperationen\/#breadcrumb","itemListElement":[{"@type":"ListItem","position":1,"name":"Startseite","item":"https:\/\/www.prodabi.de\/"},{"@type":"ListItem","position":2,"name":"Kooperationen&#8221;"}]},{"@type":"WebSite","@id":"https:\/\/www.prodabi.de\/#website","url":"https:\/\/www.prodabi.de\/","name":"ProDaBi","description":"","publisher":{"@id":"https:\/\/www.prodabi.de\/#organization"},"potentialAction":[{"@type":"SearchAction","target":{"@type":"EntryPoint","urlTemplate":"https:\/\/www.prodabi.de\/?s={search_term_string}"},"query-input":{"@type":"PropertyValueSpecification","valueRequired":true,"valueName":"search_term_string"}}],"inLanguage":"en-US"},{"@type":"Organization","@id":"https:\/\/www.prodabi.de\/#organization","name":"ProDaBi","url":"https:\/\/www.prodabi.de\/","logo":{"@type":"ImageObject","inLanguage":"en-US","@id":"https:\/\/www.prodabi.de\/#\/schema\/logo\/image\/","url":"https:\/\/www.prodabi.de\/wp-content\/uploads\/Logo_ProDaBi.png","contentUrl":"https:\/\/www.prodabi.de\/wp-content\/uploads\/Logo_ProDaBi.png","width":1141,"height":428,"caption":"ProDaBi"},"image":{"@id":"https:\/\/www.prodabi.de\/#\/schema\/logo\/image\/"}}]}},"_links":{"self":[{"href":"https:\/\/www.prodabi.de\/en\/wp-json\/wp\/v2\/pages\/25620","targetHints":{"allow":["GET"]}}],"collection":[{"href":"https:\/\/www.prodabi.de\/en\/wp-json\/wp\/v2\/pages"}],"about":[{"href":"https:\/\/www.prodabi.de\/en\/wp-json\/wp\/v2\/types\/page"}],"author":[{"embeddable":true,"href":"https:\/\/www.prodabi.de\/en\/wp-json\/wp\/v2\/users\/7"}],"replies":[{"embeddable":true,"href":"https:\/\/www.prodabi.de\/en\/wp-json\/wp\/v2\/comments?post=25620"}],"version-history":[{"count":0,"href":"https:\/\/www.prodabi.de\/en\/wp-json\/wp\/v2\/pages\/25620\/revisions"}],"wp:attachment":[{"href":"https:\/\/www.prodabi.de\/en\/wp-json\/wp\/v2\/media?parent=25620"}],"curies":[{"name":"wp","href":"https:\/\/api.w.org\/{rel}","templated":true}]}}