{"id":25598,"date":"2023-08-21T14:54:43","date_gmt":"2023-08-21T12:54:43","guid":{"rendered":"https:\/\/www.prodabi.de\/?page_id=25598"},"modified":"2026-03-05T13:46:25","modified_gmt":"2026-03-05T12:46:25","slug":"forschungsprogramm","status":"publish","type":"page","link":"https:\/\/www.prodabi.de\/en\/forschung\/forschungsprogramm\/","title":{"rendered":"Focus Areas"},"content":{"rendered":"<div data-elementor-type=\"wp-page\" data-elementor-id=\"25598\" class=\"elementor elementor-25598\" data-elementor-post-type=\"page\">\n\t\t\t\t<div data-particle_enable=\"false\" data-particle-mobile-disabled=\"false\" class=\"elementor-element elementor-element-db2a79e e-flex e-con-boxed e-con e-parent\" data-id=\"db2a79e\" data-element_type=\"container\" data-e-type=\"container\">\n\t\t\t\t\t<div class=\"e-con-inner\">\n\t\t<div data-particle_enable=\"false\" data-particle-mobile-disabled=\"false\" class=\"elementor-element elementor-element-0228830 e-flex e-con-boxed e-con e-child\" data-id=\"0228830\" data-element_type=\"container\" data-e-type=\"container\" data-settings=\"{&quot;background_background&quot;:&quot;classic&quot;}\">\n\t\t\t\t\t<div class=\"e-con-inner\">\n\t\t\t\t<div class=\"elementor-element elementor-element-e97dcf1 elementor-extension-display-condition-disabled elementor-widget elementor-widget-heading\" data-id=\"e97dcf1\" data-element_type=\"widget\" data-e-type=\"widget\" data-widget_type=\"heading.default\">\n\t\t\t\t<div class=\"elementor-widget-container\">\n\t\t\t\t\t<h2 class=\"elementor-heading-title elementor-size-default\">Research in the ProDaBi Project<\/h2>\t\t\t\t<\/div>\n\t\t\t\t<\/div>\n\t\t\t\t<div class=\"elementor-element elementor-element-1a8b21c elementor-extension-display-condition-disabled elementor-widget elementor-widget-text-editor\" data-id=\"1a8b21c\" data-element_type=\"widget\" data-e-type=\"widget\" data-widget_type=\"text-editor.default\">\n\t\t\t\t<div class=\"elementor-widget-container\">\n\t\t\t\t\t\t\t\t\t<p>The ProDaBi project aims to prepare pupils for the challenges and opportunities that data science and AI bring with them today. This includes teaching technical skills and abilities as well as discussing the ethical and social implications of these technologies. The professional development of teachers is also of great importance for the project in order to help ensure that the topics of data science and AI can be taught in a well-founded manner in the classroom.<\/p><p>The ProDaBi project combines the development of theoretical concepts with the design of concrete lessons and professional development courses, as well as the empirical investigation of their use and impact.\u00a0<span style=\"font-style: inherit; font-weight: inherit; background-color: var( --e-global-color-9bc1b4e ); letter-spacing: 0px;\">Research in the project is driven to a large extent by the dissertations and research projects of the employees, who are supervised by the project managers.\u00a0<\/span><span style=\"background-color: var( --e-global-color-9bc1b4e ); font-style: inherit; font-weight: inherit; letter-spacing: 0px;\">The ProDaBi project is therefore pursuing the following research priorities:<\/span><\/p>\t\t\t\t\t\t\t\t<\/div>\n\t\t\t\t<\/div>\n\t\t\t\t<div class=\"elementor-element elementor-element-46e4ce1 elementor-extension-display-condition-disabled elementor-widget elementor-widget-n-accordion\" data-id=\"46e4ce1\" data-element_type=\"widget\" data-e-type=\"widget\" data-settings=\"{&quot;default_state&quot;:&quot;all_collapsed&quot;,&quot;max_items_expended&quot;:&quot;one&quot;,&quot;n_accordion_animation_duration&quot;:{&quot;unit&quot;:&quot;ms&quot;,&quot;size&quot;:400,&quot;sizes&quot;:[]}}\" data-widget_type=\"nested-accordion.default\">\n\t\t\t\t<div class=\"elementor-widget-container\">\n\t\t\t\t\t\t\t<div class=\"e-n-accordion\" aria-label=\"Accordion. Open links with Enter or Space, close with Escape, and navigate with Arrow Keys\">\n\t\t\t\t\t\t<details id=\"e-n-accordion-item-7430\" class=\"e-n-accordion-item\" >\n\t\t\t\t<summary class=\"e-n-accordion-item-title\" data-accordion-index=\"1\" tabindex=\"0\" aria-expanded=\"false\" aria-controls=\"e-n-accordion-item-7430\" >\n\t\t\t\t\t<span class='e-n-accordion-item-title-header'><div class=\"e-n-accordion-item-title-text\"> Data awareness <\/div><\/span>\n\t\t\t\t\t\t\t<span class='e-n-accordion-item-title-icon'>\n\t\t\t<span class='e-opened' ><i aria-hidden=\"true\" class=\"fas fa-minus\"><\/i><\/span>\n\t\t\t<span class='e-closed'><i aria-hidden=\"true\" class=\"fas fa-plus\"><\/i><\/span>\n\t\t<\/span>\n\n\t\t\t\t\t\t<\/summary>\n\t\t\t\t<div data-particle_enable=\"false\" data-particle-mobile-disabled=\"false\" role=\"region\" aria-labelledby=\"e-n-accordion-item-7430\" class=\"elementor-element elementor-element-a63053a e-con-full e-flex e-con e-child\" data-id=\"a63053a\" data-element_type=\"container\" data-e-type=\"container\">\n\t\t\t\t<div class=\"elementor-element elementor-element-9b0fa6a elementor-extension-display-condition-disabled elementor-widget elementor-widget-text-editor\" data-id=\"9b0fa6a\" data-element_type=\"widget\" data-e-type=\"widget\" data-widget_type=\"text-editor.default\">\n\t\t\t\t<div class=\"elementor-widget-container\">\n\t\t\t\t\t\t\t\t\t<p>Data awareness is a didactic concept for promoting maturity in a data-driven society and is a focus of the project. It takes the pupils' perspective on their everyday interactions with data-driven digital artifacts as a starting point. This enables them to understand the role of data in these data-driven digital artefacts and to critically reflect on their everyday interactions with these artefacts. Such reflection also includes, for example, taking a position on these technologies and their role in our everyday lives.<\/p><p>The development and evaluation of the concept of data awareness is part of a dissertation project associated with this project. The focus is on teaching computer science at lower secondary level. As part of the research, a didactic approach will be developed and implemented in several teaching modules. Pupils learn an explanatory model about the role of data in data-driven digital artefacts, which serves as a tool for analyzing and reflecting on digital artefacts. The development and evaluation of the concept is based on several empirical studies in which, among other things, a measurement instrument for the understanding of and attitude towards data-driven digital artifacts is developed. In particular, these studies also examine the promotion of pupils' active engagement with data-driven digital artifacts that they encounter in everyday life.<\/p><p><span style=\"font-style: inherit; text-align: var(--text-align); letter-spacing: 0px;\">If you are interested in this research project, please contact <a href=\"https:\/\/www.uni-paderborn.de\/person\/58041\">Lukas H\u00f6per<\/a>: lukas.hoeper<\/span><span style=\"font-style: inherit; text-align: var(--text-align); letter-spacing: 0px;\">@uni-paderborn.de<\/span><span style=\"font-style: inherit; text-align: var(--text-align); letter-spacing: 0px;\">\u00a0<\/span><\/p>\t\t\t\t\t\t\t\t<\/div>\n\t\t\t\t<\/div>\n\t\t\t\t<\/div>\n\t\t\t\t\t<\/details>\n\t\t\t\t\t\t<details id=\"e-n-accordion-item-7431\" class=\"e-n-accordion-item\" >\n\t\t\t\t<summary class=\"e-n-accordion-item-title\" data-accordion-index=\"2\" tabindex=\"-1\" aria-expanded=\"false\" aria-controls=\"e-n-accordion-item-7431\" >\n\t\t\t\t\t<span class='e-n-accordion-item-title-header'><div class=\"e-n-accordion-item-title-text\"> Epistemic programming <\/div><\/span>\n\t\t\t\t\t\t\t<span class='e-n-accordion-item-title-icon'>\n\t\t\t<span class='e-opened' ><i aria-hidden=\"true\" class=\"fas fa-minus\"><\/i><\/span>\n\t\t\t<span class='e-closed'><i aria-hidden=\"true\" class=\"fas fa-plus\"><\/i><\/span>\n\t\t<\/span>\n\n\t\t\t\t\t\t<\/summary>\n\t\t\t\t<div data-particle_enable=\"false\" data-particle-mobile-disabled=\"false\" role=\"region\" aria-labelledby=\"e-n-accordion-item-7431\" class=\"elementor-element elementor-element-78bafb3 e-con-full e-flex e-con e-child\" data-id=\"78bafb3\" data-element_type=\"container\" data-e-type=\"container\">\n\t\t\t\t<div class=\"elementor-element elementor-element-42de8f0 elementor-extension-display-condition-disabled elementor-widget elementor-widget-text-editor\" data-id=\"42de8f0\" data-element_type=\"widget\" data-e-type=\"widget\" data-widget_type=\"text-editor.default\">\n\t\t\t\t<div class=\"elementor-widget-container\">\n\t\t\t\t\t\t\t\t\t<p><span style=\"text-align: var(--text-align); font-style: inherit; font-weight: inherit; letter-spacing: 0px;\">Epistemic programming describes an insight-centered view of (data-driven) programming. The aim of the approach is to make programming accessible as an epistemic tool for everyone with regard to their own interests and thus to be able to use it for personal data exploration and self-expression. In the ProDaBi project, interdisciplinary citizen science teaching modules for data-driven environmental exploration are being developed and researched.\n\nTranslated with DeepL.com (free version)<\/span><br><\/p>\n<p>The focus of the research is on identifying,<\/p>\n<ol>\n<li>how pupils' views on programming change as they go through data-driven epistemic programming projects,&nbsp;<\/li>\n<li>how pupils engage in epistemic programming,<\/li>\n<li>how pupils can be supported in their epistemic programming processes through the use of worked examples.<\/li>\n<\/ol>\n<p>Based on the research results, the approaches and didactic tools used are to be further developed in order to make this perspective on programming as a cultural technique accessible and tangible for pupils.<\/p>\n<p style=\"font-size: 16px;\"><span style=\"font-style: inherit; font-weight: inherit; text-align: var(--text-align); letter-spacing: 0px;\">If you are interested in this research project, please contact <a href=\"https:\/\/www.uni-paderborn.de\/person\/58465\">Sven H\u00fcsing<\/a>:<\/span><span style=\"font-style: inherit; font-weight: inherit; text-align: var(--text-align); letter-spacing: 0px;\">&nbsp;<a href=\"mailto:sven.huesing@uni-paderborn.de\">sven.huesing@uni-paderborn.de<\/a><\/span><span style=\"font-style: inherit; font-weight: inherit; text-align: var(--text-align); letter-spacing: 0px;\">&nbsp;<\/span><\/p>\t\t\t\t\t\t\t\t<\/div>\n\t\t\t\t<\/div>\n\t\t\t\t<\/div>\n\t\t\t\t\t<\/details>\n\t\t\t\t\t\t<details id=\"e-n-accordion-item-7432\" class=\"e-n-accordion-item\" >\n\t\t\t\t<summary class=\"e-n-accordion-item-title\" data-accordion-index=\"3\" tabindex=\"-1\" aria-expanded=\"false\" aria-controls=\"e-n-accordion-item-7432\" >\n\t\t\t\t\t<span class='e-n-accordion-item-title-header'><div class=\"e-n-accordion-item-title-text\"> Machine learning with decision trees <\/div><\/span>\n\t\t\t\t\t\t\t<span class='e-n-accordion-item-title-icon'>\n\t\t\t<span class='e-opened' ><i aria-hidden=\"true\" class=\"fas fa-minus\"><\/i><\/span>\n\t\t\t<span class='e-closed'><i aria-hidden=\"true\" class=\"fas fa-plus\"><\/i><\/span>\n\t\t<\/span>\n\n\t\t\t\t\t\t<\/summary>\n\t\t\t\t<div data-particle_enable=\"false\" data-particle-mobile-disabled=\"false\" role=\"region\" aria-labelledby=\"e-n-accordion-item-7432\" class=\"elementor-element elementor-element-4626253 e-con-full e-flex e-con e-child\" data-id=\"4626253\" data-element_type=\"container\" data-e-type=\"container\">\n\t\t\t\t<div class=\"elementor-element elementor-element-c7c988b elementor-extension-display-condition-disabled elementor-widget elementor-widget-text-editor\" data-id=\"c7c988b\" data-element_type=\"widget\" data-e-type=\"widget\" data-widget_type=\"text-editor.default\">\n\t\t\t\t<div class=\"elementor-widget-container\">\n\t\t\t\t\t\t\t\t\t<p>One focus of ProDaBi since the start of the project has been to address the topic of machine learning in school education. This involves selecting suitable content and designing and researching specific learning arrangements.<\/p><p>The research project \u201cMachine learning with decision trees\u201d aims to develop a concept for teaching methods of supervised machine learning and to implement this in practice using the example of data-based decision trees. This includes the selection and appropriate adaptation of content, the development of (digital) tools for teaching, the design of lessons and the investigation of learning processes and outcomes for learners. The core of this research project is teaching at upper secondary level, although the concepts are also being tested and researched in an adapted form at lower secondary level.\n\nTranslated with DeepL.com (free version)<\/p><p>If you are interested in this research project, please contact\u00a0<a href=\"https:\/\/fddm.uni-paderborn.de\/personen\/details\/42660\" target=\"_blank\" rel=\"noopener\">Yannik Fleischer<\/a>: <a href=\"mailto: yanflei@math.uni-paderborn.de\">yanflei@math.uni-paderborn.de<span style=\"font-style: inherit; font-weight: inherit; text-align: var(--text-align); letter-spacing: 0px;\">\u00a0<\/span><\/a><\/p>\t\t\t\t\t\t\t\t<\/div>\n\t\t\t\t<\/div>\n\t\t\t\t<\/div>\n\t\t\t\t\t<\/details>\n\t\t\t\t\t<\/div>\n\t\t\t\t\t\t<\/div>\n\t\t\t\t<\/div>\n\t\t\t\t<div class=\"elementor-element elementor-element-8dd6c5d elementor-extension-display-condition-disabled elementor-widget elementor-widget-text-editor\" data-id=\"8dd6c5d\" data-element_type=\"widget\" data-e-type=\"widget\" data-widget_type=\"text-editor.default\">\n\t\t\t\t<div class=\"elementor-widget-container\">\n\t\t\t\t\t\t\t\t\t<p><span style=\"font-style: inherit; font-weight: inherit; letter-spacing: 0px; text-align: center; background-color: #fafafa;\"><br \/>Scientific publications of the project can be found\u00a0<\/span><a style=\"font-style: inherit; font-weight: inherit; letter-spacing: 0px; box-sizing: inherit; background-color: #fafafa; text-align: center;\" href=\"https:\/\/www.prodabi.de\/en\/forschung\/publikationen\/\">here<\/a><span style=\"font-style: inherit; font-weight: inherit; letter-spacing: 0px; text-align: center; background-color: #fafafa;\">.<\/span><\/p>\t\t\t\t\t\t\t\t<\/div>\n\t\t\t\t<\/div>\n\t\t\t\t\t<\/div>\n\t\t\t\t<\/div>\n\t\t\t\t\t<\/div>\n\t\t\t\t<\/div>\n\t\t\t\t<\/div>","protected":false},"excerpt":{"rendered":"<p>Forschung im ProDaBi-Projekt Das ProDaBi-Projekt zielt darauf ab, Sch\u00fclerinnen und Sch\u00fcler auf die Herausforderungen und M\u00f6glichkeiten vorzubereiten, die Data Science und KI heute mit sich bringen. Dazu geh\u00f6rt sowohl das Vermitteln technischer F\u00e4higkeiten und Fertigkeiten als auch die Diskussion von ethischen und gesellschaftlichen Implekationen dieser Technologien. Auch die Fortbildung von Lehrkr\u00e4ften ist f\u00fcr das Projekt [&hellip;]<\/p>\n","protected":false},"author":7,"featured_media":25745,"parent":25569,"menu_order":62,"comment_status":"closed","ping_status":"closed","template":"","meta":{"site-sidebar-layout":"default","site-content-layout":"default","ast-site-content-layout":"default","site-content-style":"default","site-sidebar-style":"default","ast-global-header-display":"","ast-banner-title-visibility":"","ast-main-header-display":"","ast-hfb-above-header-display":"","ast-hfb-below-header-display":"","ast-hfb-mobile-header-display":"","site-post-title":"","ast-breadcrumbs-content":"","ast-featured-img":"","footer-sml-layout":"","ast-disable-related-posts":"","theme-transparent-header-meta":"default","adv-header-id-meta":"","stick-header-meta":"","header-above-stick-meta":"","header-main-stick-meta":"","header-below-stick-meta":"","astra-migrate-meta-layouts":"default","ast-page-background-enabled":"default","ast-page-background-meta":{"desktop":{"background-color":"","background-image":"","background-repeat":"repeat","background-position":"center center","background-size":"auto","background-attachment":"scroll","background-type":"","background-media":"","overlay-type":"","overlay-color":"","overlay-opacity":"","overlay-gradient":""},"tablet":{"background-color":"","background-image":"","background-repeat":"repeat","background-position":"center center","background-size":"auto","background-attachment":"scroll","background-type":"","background-media":"","overlay-type":"","overlay-color":"","overlay-opacity":"","overlay-gradient":""},"mobile":{"background-color":"","background-image":"","background-repeat":"repeat","background-position":"center center","background-size":"auto","background-attachment":"scroll","background-type":"","background-media":"","overlay-type":"","overlay-color":"","overlay-opacity":"","overlay-gradient":""}},"ast-content-background-meta":{"desktop":{"background-color":"var(--ast-global-color-5)","background-image":"","background-repeat":"repeat","background-position":"center center","background-size":"auto","background-attachment":"scroll","background-type":"","background-media":"","overlay-type":"","overlay-color":"","overlay-opacity":"","overlay-gradient":""},"tablet":{"background-color":"var(--ast-global-color-5)","background-image":"","background-repeat":"repeat","background-position":"center center","background-size":"auto","background-attachment":"scroll","background-type":"","background-media":"","overlay-type":"","overlay-color":"","overlay-opacity":"","overlay-gradient":""},"mobile":{"background-color":"var(--ast-global-color-5)","background-image":"","background-repeat":"repeat","background-position":"center center","background-size":"auto","background-attachment":"scroll","background-type":"","background-media":"","overlay-type":"","overlay-color":"","overlay-opacity":"","overlay-gradient":""}},"footnotes":""},"class_list":["post-25598","page","type-page","status-publish","has-post-thumbnail","hentry"],"yoast_head":"<!-- This site is optimized with the Yoast SEO plugin v27.1.1 - https:\/\/yoast.com\/product\/yoast-seo-wordpress\/ -->\n<title>Schwerpunkte - ProDaBi<\/title>\n<meta name=\"robots\" content=\"index, follow, max-snippet:-1, max-image-preview:large, max-video-preview:-1\" \/>\n<link rel=\"canonical\" href=\"https:\/\/www.prodabi.de\/en\/forschung\/forschungsprogramm\/\" \/>\n<meta property=\"og:locale\" content=\"en_US\" \/>\n<meta property=\"og:type\" content=\"article\" \/>\n<meta property=\"og:title\" content=\"Schwerpunkte - ProDaBi\" \/>\n<meta property=\"og:description\" content=\"Forschung im ProDaBi-Projekt Das ProDaBi-Projekt zielt darauf ab, Sch\u00fclerinnen und Sch\u00fcler auf die Herausforderungen und M\u00f6glichkeiten vorzubereiten, die Data Science und KI heute mit sich bringen. Dazu geh\u00f6rt sowohl das Vermitteln technischer F\u00e4higkeiten und Fertigkeiten als auch die Diskussion von ethischen und gesellschaftlichen Implekationen dieser Technologien. Auch die Fortbildung von Lehrkr\u00e4ften ist f\u00fcr das Projekt [&hellip;]\" \/>\n<meta property=\"og:url\" content=\"https:\/\/www.prodabi.de\/en\/forschung\/forschungsprogramm\/\" \/>\n<meta property=\"og:site_name\" content=\"ProDaBi\" \/>\n<meta property=\"article:modified_time\" content=\"2026-03-05T12:46:25+00:00\" \/>\n<meta name=\"twitter:card\" content=\"summary_large_image\" \/>\n<meta name=\"twitter:label1\" content=\"Est. reading time\" \/>\n\t<meta name=\"twitter:data1\" content=\"7 minutes\" \/>\n<script type=\"application\/ld+json\" class=\"yoast-schema-graph\">{\"@context\":\"https:\/\/schema.org\",\"@graph\":[{\"@type\":\"WebPage\",\"@id\":\"https:\/\/www.prodabi.de\/forschung\/forschungsprogramm\/\",\"url\":\"https:\/\/www.prodabi.de\/forschung\/forschungsprogramm\/\",\"name\":\"Schwerpunkte - ProDaBi\",\"isPartOf\":{\"@id\":\"https:\/\/www.prodabi.de\/#website\"},\"primaryImageOfPage\":{\"@id\":\"https:\/\/www.prodabi.de\/forschung\/forschungsprogramm\/#primaryimage\"},\"image\":{\"@id\":\"https:\/\/www.prodabi.de\/forschung\/forschungsprogramm\/#primaryimage\"},\"thumbnailUrl\":\"https:\/\/www.prodabi.de\/wp-content\/uploads\/noun-goal-1267858-103685.svg\",\"datePublished\":\"2023-08-21T12:54:43+00:00\",\"dateModified\":\"2026-03-05T12:46:25+00:00\",\"breadcrumb\":{\"@id\":\"https:\/\/www.prodabi.de\/forschung\/forschungsprogramm\/#breadcrumb\"},\"inLanguage\":\"en-US\",\"potentialAction\":[{\"@type\":\"ReadAction\",\"target\":[\"https:\/\/www.prodabi.de\/forschung\/forschungsprogramm\/\"]}]},{\"@type\":\"ImageObject\",\"inLanguage\":\"en-US\",\"@id\":\"https:\/\/www.prodabi.de\/forschung\/forschungsprogramm\/#primaryimage\",\"url\":\"https:\/\/www.prodabi.de\/wp-content\/uploads\/noun-goal-1267858-103685.svg\",\"contentUrl\":\"https:\/\/www.prodabi.de\/wp-content\/uploads\/noun-goal-1267858-103685.svg\"},{\"@type\":\"BreadcrumbList\",\"@id\":\"https:\/\/www.prodabi.de\/forschung\/forschungsprogramm\/#breadcrumb\",\"itemListElement\":[{\"@type\":\"ListItem\",\"position\":1,\"name\":\"Startseite\",\"item\":\"https:\/\/www.prodabi.de\/\"},{\"@type\":\"ListItem\",\"position\":2,\"name\":\"Forschung\",\"item\":\"https:\/\/www.prodabi.de\/forschung\/\"},{\"@type\":\"ListItem\",\"position\":3,\"name\":\"Schwerpunkte\"}]},{\"@type\":\"WebSite\",\"@id\":\"https:\/\/www.prodabi.de\/#website\",\"url\":\"https:\/\/www.prodabi.de\/\",\"name\":\"ProDaBi\",\"description\":\"\",\"publisher\":{\"@id\":\"https:\/\/www.prodabi.de\/#organization\"},\"potentialAction\":[{\"@type\":\"SearchAction\",\"target\":{\"@type\":\"EntryPoint\",\"urlTemplate\":\"https:\/\/www.prodabi.de\/?s={search_term_string}\"},\"query-input\":{\"@type\":\"PropertyValueSpecification\",\"valueRequired\":true,\"valueName\":\"search_term_string\"}}],\"inLanguage\":\"en-US\"},{\"@type\":\"Organization\",\"@id\":\"https:\/\/www.prodabi.de\/#organization\",\"name\":\"ProDaBi\",\"url\":\"https:\/\/www.prodabi.de\/\",\"logo\":{\"@type\":\"ImageObject\",\"inLanguage\":\"en-US\",\"@id\":\"https:\/\/www.prodabi.de\/#\/schema\/logo\/image\/\",\"url\":\"https:\/\/www.prodabi.de\/wp-content\/uploads\/Logo_ProDaBi.png\",\"contentUrl\":\"https:\/\/www.prodabi.de\/wp-content\/uploads\/Logo_ProDaBi.png\",\"width\":1141,\"height\":428,\"caption\":\"ProDaBi\"},\"image\":{\"@id\":\"https:\/\/www.prodabi.de\/#\/schema\/logo\/image\/\"}}]}<\/script>\n<!-- \/ Yoast SEO plugin. -->","yoast_head_json":{"title":"Schwerpunkte - ProDaBi","robots":{"index":"index","follow":"follow","max-snippet":"max-snippet:-1","max-image-preview":"max-image-preview:large","max-video-preview":"max-video-preview:-1"},"canonical":"https:\/\/www.prodabi.de\/en\/forschung\/forschungsprogramm\/","og_locale":"en_US","og_type":"article","og_title":"Schwerpunkte - ProDaBi","og_description":"Forschung im ProDaBi-Projekt Das ProDaBi-Projekt zielt darauf ab, Sch\u00fclerinnen und Sch\u00fcler auf die Herausforderungen und M\u00f6glichkeiten vorzubereiten, die Data Science und KI heute mit sich bringen. Dazu geh\u00f6rt sowohl das Vermitteln technischer F\u00e4higkeiten und Fertigkeiten als auch die Diskussion von ethischen und gesellschaftlichen Implekationen dieser Technologien. Auch die Fortbildung von Lehrkr\u00e4ften ist f\u00fcr das Projekt [&hellip;]","og_url":"https:\/\/www.prodabi.de\/en\/forschung\/forschungsprogramm\/","og_site_name":"ProDaBi","article_modified_time":"2026-03-05T12:46:25+00:00","twitter_card":"summary_large_image","twitter_misc":{"Est. reading time":"7 minutes"},"schema":{"@context":"https:\/\/schema.org","@graph":[{"@type":"WebPage","@id":"https:\/\/www.prodabi.de\/forschung\/forschungsprogramm\/","url":"https:\/\/www.prodabi.de\/forschung\/forschungsprogramm\/","name":"Schwerpunkte - ProDaBi","isPartOf":{"@id":"https:\/\/www.prodabi.de\/#website"},"primaryImageOfPage":{"@id":"https:\/\/www.prodabi.de\/forschung\/forschungsprogramm\/#primaryimage"},"image":{"@id":"https:\/\/www.prodabi.de\/forschung\/forschungsprogramm\/#primaryimage"},"thumbnailUrl":"https:\/\/www.prodabi.de\/wp-content\/uploads\/noun-goal-1267858-103685.svg","datePublished":"2023-08-21T12:54:43+00:00","dateModified":"2026-03-05T12:46:25+00:00","breadcrumb":{"@id":"https:\/\/www.prodabi.de\/forschung\/forschungsprogramm\/#breadcrumb"},"inLanguage":"en-US","potentialAction":[{"@type":"ReadAction","target":["https:\/\/www.prodabi.de\/forschung\/forschungsprogramm\/"]}]},{"@type":"ImageObject","inLanguage":"en-US","@id":"https:\/\/www.prodabi.de\/forschung\/forschungsprogramm\/#primaryimage","url":"https:\/\/www.prodabi.de\/wp-content\/uploads\/noun-goal-1267858-103685.svg","contentUrl":"https:\/\/www.prodabi.de\/wp-content\/uploads\/noun-goal-1267858-103685.svg"},{"@type":"BreadcrumbList","@id":"https:\/\/www.prodabi.de\/forschung\/forschungsprogramm\/#breadcrumb","itemListElement":[{"@type":"ListItem","position":1,"name":"Startseite","item":"https:\/\/www.prodabi.de\/"},{"@type":"ListItem","position":2,"name":"Forschung","item":"https:\/\/www.prodabi.de\/forschung\/"},{"@type":"ListItem","position":3,"name":"Schwerpunkte"}]},{"@type":"WebSite","@id":"https:\/\/www.prodabi.de\/#website","url":"https:\/\/www.prodabi.de\/","name":"ProDaBi","description":"","publisher":{"@id":"https:\/\/www.prodabi.de\/#organization"},"potentialAction":[{"@type":"SearchAction","target":{"@type":"EntryPoint","urlTemplate":"https:\/\/www.prodabi.de\/?s={search_term_string}"},"query-input":{"@type":"PropertyValueSpecification","valueRequired":true,"valueName":"search_term_string"}}],"inLanguage":"en-US"},{"@type":"Organization","@id":"https:\/\/www.prodabi.de\/#organization","name":"ProDaBi","url":"https:\/\/www.prodabi.de\/","logo":{"@type":"ImageObject","inLanguage":"en-US","@id":"https:\/\/www.prodabi.de\/#\/schema\/logo\/image\/","url":"https:\/\/www.prodabi.de\/wp-content\/uploads\/Logo_ProDaBi.png","contentUrl":"https:\/\/www.prodabi.de\/wp-content\/uploads\/Logo_ProDaBi.png","width":1141,"height":428,"caption":"ProDaBi"},"image":{"@id":"https:\/\/www.prodabi.de\/#\/schema\/logo\/image\/"}}]}},"_links":{"self":[{"href":"https:\/\/www.prodabi.de\/en\/wp-json\/wp\/v2\/pages\/25598","targetHints":{"allow":["GET"]}}],"collection":[{"href":"https:\/\/www.prodabi.de\/en\/wp-json\/wp\/v2\/pages"}],"about":[{"href":"https:\/\/www.prodabi.de\/en\/wp-json\/wp\/v2\/types\/page"}],"author":[{"embeddable":true,"href":"https:\/\/www.prodabi.de\/en\/wp-json\/wp\/v2\/users\/7"}],"replies":[{"embeddable":true,"href":"https:\/\/www.prodabi.de\/en\/wp-json\/wp\/v2\/comments?post=25598"}],"version-history":[{"count":0,"href":"https:\/\/www.prodabi.de\/en\/wp-json\/wp\/v2\/pages\/25598\/revisions"}],"up":[{"embeddable":true,"href":"https:\/\/www.prodabi.de\/en\/wp-json\/wp\/v2\/pages\/25569"}],"wp:featuredmedia":[{"embeddable":true,"href":"https:\/\/www.prodabi.de\/en\/wp-json\/wp\/v2\/media\/25745"}],"wp:attachment":[{"href":"https:\/\/www.prodabi.de\/en\/wp-json\/wp\/v2\/media?parent=25598"}],"curies":[{"name":"wp","href":"https:\/\/api.w.org\/{rel}","templated":true}]}}