{"id":25370,"date":"2023-08-15T09:41:51","date_gmt":"2023-08-15T07:41:51","guid":{"rendered":"https:\/\/www.prodabi.de\/?page_id=25370"},"modified":"2026-03-05T14:08:03","modified_gmt":"2026-03-05T13:08:03","slug":"fortbildungen","status":"publish","type":"page","link":"https:\/\/www.prodabi.de\/en\/fortbildungen\/","title":{"rendered":"Professional Development"},"content":{"rendered":"<div data-elementor-type=\"wp-page\" data-elementor-id=\"25370\" class=\"elementor elementor-25370\" data-elementor-post-type=\"page\">\n\t\t\t\t<div data-particle_enable=\"false\" data-particle-mobile-disabled=\"false\" class=\"elementor-element elementor-element-190263b e-flex e-con-boxed e-con e-parent\" data-id=\"190263b\" data-element_type=\"container\" data-e-type=\"container\">\n\t\t\t\t\t<div class=\"e-con-inner\">\n\t\t<div data-particle_enable=\"false\" data-particle-mobile-disabled=\"false\" class=\"elementor-element elementor-element-2dc535e e-flex e-con-boxed e-con e-child\" data-id=\"2dc535e\" data-element_type=\"container\" data-e-type=\"container\">\n\t\t\t\t\t<div class=\"e-con-inner\">\n\t\t<div data-particle_enable=\"false\" data-particle-mobile-disabled=\"false\" class=\"elementor-element elementor-element-fee12b9 e-con-full e-flex e-con e-child\" data-id=\"fee12b9\" data-element_type=\"container\" data-e-type=\"container\">\n\t\t\t\t<div class=\"elementor-element elementor-element-bd7184d elementor-cta--skin-classic elementor-animated-content elementor-bg-transform elementor-bg-transform-zoom-in elementor-extension-display-condition-disabled elementor-widget elementor-widget-call-to-action\" data-id=\"bd7184d\" data-element_type=\"widget\" data-e-type=\"widget\" data-widget_type=\"call-to-action.default\">\n\t\t\t\t<div class=\"elementor-widget-container\">\n\t\t\t\t\t\t\t<a class=\"elementor-cta\" href=\"https:\/\/www.prodabi.de\/en\/fortbildungen\/informationen\/\">\n\t\t\t\t\t\t\t<div class=\"elementor-cta__content\">\n\t\t\t\t\t\t\t\t\t<div class=\"elementor-content-item elementor-cta__content-item elementor-icon-wrapper elementor-cta__icon elementor-view-default\">\n\t\t\t\t\t\t<div class=\"elementor-icon\">\n\t\t\t\t\t\t\t<i aria-hidden=\"true\" class=\"far fa-chart-network\"><\/i>\t\t\t\t\t\t<\/div>\n\t\t\t\t\t<\/div>\n\t\t\t\t\n\t\t\t\t\t\t\t\t\t<h2 class=\"elementor-cta__title elementor-cta__content-item elementor-content-item\">\n\t\t\t\t\t\tProfessional Development Catalog\t\t\t\t\t<\/h2>\n\t\t\t\t\n\t\t\t\t\t\t\t\t\t<div class=\"elementor-cta__description elementor-cta__content-item elementor-content-item\">\n\t\t\t\t\t\tHere you will find our developed professional development courses that you can request as a school or educational institution\n\t\t\t\t\t<\/div>\n\t\t\t\t\n\t\t\t\t\t\t\t<\/div>\n\t\t\t\t\t\t<\/a>\n\t\t\t\t\t\t<\/div>\n\t\t\t\t<\/div>\n\t\t\t\t<\/div>\n\t\t<div data-particle_enable=\"false\" data-particle-mobile-disabled=\"false\" class=\"elementor-element elementor-element-f4bb816 e-con-full e-flex e-con e-child\" data-id=\"f4bb816\" data-element_type=\"container\" data-e-type=\"container\">\n\t\t\t\t<div class=\"elementor-element elementor-element-d45d373 elementor-cta--skin-classic elementor-animated-content elementor-bg-transform elementor-bg-transform-zoom-in elementor-extension-display-condition-disabled elementor-widget elementor-widget-call-to-action\" data-id=\"d45d373\" data-element_type=\"widget\" data-e-type=\"widget\" data-widget_type=\"call-to-action.default\">\n\t\t\t\t<div class=\"elementor-widget-container\">\n\t\t\t\t\t\t\t<a class=\"elementor-cta\" href=\"https:\/\/www.prodabi.de\/en\/fortbildungen\/anmeldung\/\">\n\t\t\t\t\t\t\t<div class=\"elementor-cta__content\">\n\t\t\t\t\t\t\t\t\t<div class=\"elementor-content-item elementor-cta__content-item elementor-icon-wrapper elementor-cta__icon elementor-view-default\">\n\t\t\t\t\t\t<div class=\"elementor-icon\">\n\t\t\t\t\t\t\t<svg xmlns=\"http:\/\/www.w3.org\/2000\/svg\" width=\"1200pt\" height=\"1200pt\" viewbox=\"0 0 1200 1200\"><path d=\"m666.69 192.42c59.742 0 113.86 24.238 153 63.383 39.148 39.148 63.383 93.273 63.383 153.02 0 59.684-24.25 113.8-63.426 152.96-39.105 39.188-93.219 63.426-152.96 63.426-59.742 0-113.86-24.223-153-63.367-39.148-39.148-63.367-93.262-63.367-153.02 0-59.742 24.223-113.87 63.367-153.02 39.148-39.148 93.262-63.383 153-63.383zm-404.76-120.43c48.359 0 92.168 19.629 123.86 51.32s51.309 75.5 51.309 123.86-19.617 92.168-51.309 123.86-75.5 51.309-123.86 51.309-92.184-19.617-123.88-51.309c-31.691-31.691-51.309-75.5-51.309-123.86s19.617-92.184 51.309-123.88c31.691-31.691 75.516-51.309 123.88-51.309zm98.406 76.777c-25.172-25.172-59.98-40.777-98.406-40.777s-73.246 15.59-98.418 40.762c-25.172 25.172-40.762 59.996-40.762 98.418 0 38.426 15.59 73.234 40.762 98.406 25.172 25.172 59.996 40.762 98.418 40.762 38.426 0 73.234-15.59 98.406-40.762s40.762-59.98 40.762-98.406-15.59-73.234-40.762-98.406zm-116.41 29.043c0-9.9336 8.0664-18 18-18 9.9336 0 18 8.0664 18 18v51.363h51.352c9.9336 0 18 8.0664 18 18s-8.0664 18-18 18h-51.352v51.352c0 9.9336-8.0664 18-18 18-9.9336 0-18-8.0664-18-18v-51.352h-51.363c-9.9336 0-18-8.0664-18-18s8.0664-18 18-18h51.363zm550.31 103.45c-32.641-32.641-77.742-52.84-127.55-52.84s-94.906 20.195-127.55 52.84c-32.641 32.641-52.824 77.754-52.824 127.56 0 49.82 20.184 94.918 52.824 127.56s77.742 52.824 127.55 52.824 94.906-20.195 127.55-52.84c32.656-32.586 52.84-77.699 52.84-127.55 0-49.805-20.195-94.918-52.84-127.56zm-538.15 810.76h821.18v-95.898c0-80.32-32.895-153.38-85.82-206.31-52.965-52.965-126-85.832-206.32-85.832h-236.89c-80.32 0-153.37 32.867-206.32 85.82-52.953 52.953-85.82 126-85.82 206.32zm839.18 36h-857.18c-9.9336 0-18-8.0664-18-18v-113.9c0-90.254 36.906-172.32 96.363-231.78s141.52-96.363 231.78-96.363h236.89c90.254 0 172.32 36.922 231.78 96.379 59.43 59.43 96.363 141.51 96.363 231.76v113.9c0 9.9336-8.0664 18-18 18z\" fill=\"#103685\"><\/path><\/svg>\t\t\t\t\t\t<\/div>\n\t\t\t\t\t<\/div>\n\t\t\t\t\n\t\t\t\t\t\t\t\t\t<h2 class=\"elementor-cta__title elementor-cta__content-item elementor-content-item\">\n\t\t\t\t\t\tCurrent Professional Development Program <br>Registration\t\t\t\t\t<\/h2>\n\t\t\t\t\n\t\t\t\t\t\t\t\t\t<div class=\"elementor-cta__description elementor-cta__content-item elementor-content-item\">\n\t\t\t\t\t\tHier k\u00f6nnen Sie sich f\u00fcr die einzelnen Fortbildungen und E-Fortbildungen anmelden. \n\n\t\t\t\t\t<\/div>\n\t\t\t\t\n\t\t\t\t\t\t\t<\/div>\n\t\t\t\t\t\t<\/a>\n\t\t\t\t\t\t<\/div>\n\t\t\t\t<\/div>\n\t\t\t\t<\/div>\n\t\t<div data-particle_enable=\"false\" data-particle-mobile-disabled=\"false\" class=\"elementor-element elementor-element-f5675da e-con-full e-flex e-con e-child\" data-id=\"f5675da\" data-element_type=\"container\" data-e-type=\"container\">\n\t\t\t\t<div class=\"elementor-element elementor-element-db5f473 elementor-hidden-desktop elementor-hidden-tablet_extra elementor-hidden-tablet elementor-hidden-mobile elementor-cta--skin-classic elementor-animated-content elementor-bg-transform elementor-bg-transform-zoom-in elementor-extension-display-condition-disabled elementor-widget elementor-widget-call-to-action\" data-id=\"db5f473\" data-element_type=\"widget\" data-e-type=\"widget\" data-widget_type=\"call-to-action.default\">\n\t\t\t\t<div class=\"elementor-widget-container\">\n\t\t\t\t\t\t\t<a class=\"elementor-cta\" href=\"https:\/\/www.prodabi.de\/en\/fortbildungen\/archiv\/\">\n\t\t\t\t\t\t\t<div class=\"elementor-cta__content\">\n\t\t\t\t\t\t\t\t\t<div class=\"elementor-content-item elementor-cta__content-item elementor-icon-wrapper elementor-cta__icon elementor-view-default\">\n\t\t\t\t\t\t<div class=\"elementor-icon\">\n\t\t\t\t\t\t\t<svg xmlns=\"http:\/\/www.w3.org\/2000\/svg\" width=\"1200pt\" height=\"1200pt\" viewbox=\"0 0 1200 1200\"><g fill=\"#103685\"><path d=\"m946.9 600c0-191.29-155.61-346.9-346.9-346.9s-346.9 155.61-346.9 346.9 155.61 346.9 346.9 346.9 346.9-155.61 346.9-346.9zm-620.21 171.62 50.438-29.109c5.7422-3.3164 7.7109-10.652 4.3945-16.395-3.3281-5.7422-10.676-7.7109-16.395-4.3945l-50.488 29.141c-23.918-45.062-37.531-96.391-37.531-150.86 0-54.488 13.621-105.84 37.555-150.91l50.488 29.141c1.8867 1.0898 3.9492 1.6055 5.9883 1.6055 4.1484 0 8.1797-2.1562 10.406-6 3.3164-5.7422 1.3477-13.078-4.3945-16.395l-50.43-29.109c55.219-87.594 151.3-146.89 261.31-150.93v58.324c0 6.6328 5.3672 12 12 12 6.6328 0 12-5.3672 12-12v-58.324c110 4.0547 206.08 63.367 261.29 150.97l-50.438 29.109c-5.7422 3.3164-7.7109 10.652-4.3945 16.395 2.2266 3.8438 6.2578 6 10.406 6 2.0391 0 4.1016-0.51562 5.9883-1.6055l50.488-29.141c23.918 45.066 37.531 96.395 37.531 150.87 0 54.488-13.621 105.84-37.555 150.91l-50.488-29.141c-5.7305-3.3164-13.078-1.3477-16.395 4.3945-3.3164 5.7422-1.3477 13.078 4.3945 16.395l50.43 29.109c-55.219 87.594-151.3 146.89-261.31 150.93v-58.324c0-6.6328-5.3672-12-12-12-6.6328 0-12 5.3672-12 12v58.324c-110-4.0586-206.08-63.371-261.29-150.98z\"><\/path><path d=\"m600.02 120c-264.67 0-480 215.33-480 480 0 141.09 60.277 272.01 166.35 363.38h-66.672c-6.6328 0-12 5.3672-12 12s5.3672 12 12 12h98.789c6.6328 0 12-5.3672 12-12v-96.082c0-6.6328-5.3672-12-12-12-6.6328 0-12 5.3672-12 12v69.535c-103.46-86.961-162.47-212.87-162.47-348.83 0-251.44 204.56-456 456-456s456 204.56 456 456-204.56 456-456 456c-6.6328 0-12 5.3672-12 12s5.3672 12 12 12c264.67 0 480-215.33 480-480s-215.33-480-480-480z\"><\/path><path d=\"m594.04 610.41 104.55 59.941c1.875 1.0781 3.9258 1.5938 5.9531 1.5938 4.1602 0 8.2031-2.168 10.418-6.0352 3.3047-5.7422 1.3125-13.078-4.4414-16.371l-98.52-56.484v-116.29c0-6.6328-5.3672-12-12-12s-12 5.3672-12 12v123.23c0 4.3008 2.2969 8.2734 6.0352 10.406z\"><\/path><\/g><\/svg>\t\t\t\t\t\t<\/div>\n\t\t\t\t\t<\/div>\n\t\t\t\t\n\t\t\t\t\t\t\t\t\t<h2 class=\"elementor-cta__title elementor-cta__content-item elementor-content-item\">\n\t\t\t\t\t\tArchive\t\t\t\t\t<\/h2>\n\t\t\t\t\n\t\t\t\t\t\t\t\t\t<div class=\"elementor-cta__description elementor-cta__content-item elementor-content-item\">\n\t\t\t\t\t\tOverview of <b>Professional Development Courses held<\/b>\t\t\t\t\t<\/div>\n\t\t\t\t\n\t\t\t\t\t\t\t<\/div>\n\t\t\t\t\t\t<\/a>\n\t\t\t\t\t\t<\/div>\n\t\t\t\t<\/div>\n\t\t\t\t<\/div>\n\t\t<div data-particle_enable=\"false\" data-particle-mobile-disabled=\"false\" class=\"elementor-element elementor-element-5f1b536 e-con-full e-flex e-con e-child\" data-id=\"5f1b536\" data-element_type=\"container\" data-e-type=\"container\">\n\t\t\t\t<div class=\"elementor-element elementor-element-1e65707 elementor-hidden-desktop elementor-hidden-tablet_extra elementor-hidden-tablet elementor-hidden-mobile elementor-cta--skin-classic elementor-animated-content elementor-bg-transform elementor-bg-transform-zoom-in elementor-extension-display-condition-disabled elementor-widget elementor-widget-call-to-action\" data-id=\"1e65707\" data-element_type=\"widget\" data-e-type=\"widget\" data-widget_type=\"call-to-action.default\">\n\t\t\t\t<div class=\"elementor-widget-container\">\n\t\t\t\t\t\t\t<a class=\"elementor-cta\" href=\"https:\/\/www.prodabi.de\/en\/fortbildungen\/material\/\">\n\t\t\t\t\t\t\t<div class=\"elementor-cta__content\">\n\t\t\t\t\t\t\t\t\t<div class=\"elementor-content-item elementor-cta__content-item elementor-icon-wrapper elementor-cta__icon elementor-view-default\">\n\t\t\t\t\t\t<div class=\"elementor-icon\">\n\t\t\t\t\t\t\t<svg xmlns=\"http:\/\/www.w3.org\/2000\/svg\" width=\"1200pt\" height=\"1200pt\" viewbox=\"0 0 1200 1200\"><path d=\"m948 279.6h-696c-7.1992 0-12 4.8008-12 12v111.6c0 7.1992 4.8008 12 12 12h24v493.2c0 7.1992 4.8008 12 12 12l624-0.003906c7.1992 0 12-4.8008 12-12v-493.2h24c7.1992 0 12-4.8008 12-12v-111.6c0-5.9961-4.8008-11.996-12-11.996zm-648 616.8v-481.2h600v481.2zm636-505.2h-672v-87.602h672zm-285.6 93.602h-99.602c-26.398 0-48 21.602-48 48 0 26.398 21.602 48 48 48h99.602c26.398 0 48-21.602 48-48 0-26.402-21.598-48-48-48zm0 70.801h-99.602c-13.199 0-24-10.801-24-24 0-13.199 10.801-24 24-24h99.602c13.199 0 24 10.801 24 24 0 13.199-12 24-24 24z\" fill=\"#103685\"><\/path><\/svg>\t\t\t\t\t\t<\/div>\n\t\t\t\t\t<\/div>\n\t\t\t\t\n\t\t\t\t\t\t\t\t\t<h2 class=\"elementor-cta__title elementor-cta__content-item elementor-content-item\">\n\t\t\t\t\t\tMaterial\t\t\t\t\t<\/h2>\n\t\t\t\t\n\t\t\t\t\t\t\t\t\t<div class=\"elementor-cta__description elementor-cta__content-item elementor-content-item\">\n\t\t\t\t\t\tMaterials <b>zum Download<\/b> aus unserem Fortbildungsangebot\t\t\t\t\t<\/div>\n\t\t\t\t\n\t\t\t\t\t\t\t<\/div>\n\t\t\t\t\t\t<\/a>\n\t\t\t\t\t\t<\/div>\n\t\t\t\t<\/div>\n\t\t\t\t<\/div>\n\t\t\t\t\t<\/div>\n\t\t\t\t<\/div>\n\t\t\t\t\t<\/div>\n\t\t\t\t<\/div>\n\t\t\t\t<\/div>","protected":false},"excerpt":{"rendered":"<p>Fortbildungskatalog Hier finden Sie unsere entwickelten Fortbildungen, die Sie als Schule oder Bildungseinrichtung anfragen k\u00f6nnen Aktuelles Fortbildungsangebot Anmeldung Hier k\u00f6nnen Sie sich f\u00fcr die einzelnen Fortbildungen und E-Fortbildungen anmelden. Archiv \u00dcbersicht \u00fcber durchgef\u00fchrte Fortbildungen Material Materialien zum Download aus unserem Fortbildungsangebot<\/p>","protected":false},"author":7,"featured_media":25675,"parent":0,"menu_order":51,"comment_status":"closed","ping_status":"closed","template":"","meta":{"site-sidebar-layout":"no-sidebar","site-content-layout":"page-builder","ast-site-content-layout":"default","site-content-style":"default","site-sidebar-style":"default","ast-global-header-display":"","ast-banner-title-visibility":"","ast-main-header-display":"","ast-hfb-above-header-display":"","ast-hfb-below-header-display":"","ast-hfb-mobile-header-display":"","site-post-title":"disabled","ast-breadcrumbs-content":"","ast-featured-img":"disabled","footer-sml-layout":"","ast-disable-related-posts":"","theme-transparent-header-meta":"default","adv-header-id-meta":"","stick-header-meta":"","header-above-stick-meta":"","header-main-stick-meta":"","header-below-stick-meta":"","astra-migrate-meta-layouts":"default","ast-page-background-enabled":"default","ast-page-background-meta":{"desktop":{"background-color":"","background-image":"","background-repeat":"repeat","background-position":"center center","background-size":"auto","background-attachment":"scroll","background-type":"","background-media":"","overlay-type":"","overlay-color":"","overlay-opacity":"","overlay-gradient":""},"tablet":{"background-color":"","background-image":"","background-repeat":"repeat","background-position":"center center","background-size":"auto","background-attachment":"scroll","background-type":"","background-media":"","overlay-type":"","overlay-color":"","overlay-opacity":"","overlay-gradient":""},"mobile":{"background-color":"","background-image":"","background-repeat":"repeat","background-position":"center center","background-size":"auto","background-attachment":"scroll","background-type":"","background-media":"","overlay-type":"","overlay-color":"","overlay-opacity":"","overlay-gradient":""}},"ast-content-background-meta":{"desktop":{"background-color":"var(--ast-global-color-5)","background-image":"","background-repeat":"repeat","background-position":"center center","background-size":"auto","background-attachment":"scroll","background-type":"","background-media":"","overlay-type":"","overlay-color":"","overlay-opacity":"","overlay-gradient":""},"tablet":{"background-color":"var(--ast-global-color-5)","background-image":"","background-repeat":"repeat","background-position":"center center","background-size":"auto","background-attachment":"scroll","background-type":"","background-media":"","overlay-type":"","overlay-color":"","overlay-opacity":"","overlay-gradient":""},"mobile":{"background-color":"var(--ast-global-color-5)","background-image":"","background-repeat":"repeat","background-position":"center center","background-size":"auto","background-attachment":"scroll","background-type":"","background-media":"","overlay-type":"","overlay-color":"","overlay-opacity":"","overlay-gradient":""}},"footnotes":""},"class_list":["post-25370","page","type-page","status-publish","has-post-thumbnail","hentry"],"yoast_head":"<!-- This site is optimized with the Yoast SEO plugin v27.1.1 - https:\/\/yoast.com\/product\/yoast-seo-wordpress\/ -->\n<title>Fortbildungen - ProDaBi<\/title>\n<meta name=\"robots\" content=\"index, follow, max-snippet:-1, max-image-preview:large, max-video-preview:-1\" \/>\n<link rel=\"canonical\" href=\"https:\/\/www.prodabi.de\/en\/fortbildungen\/\" \/>\n<meta property=\"og:locale\" content=\"en_US\" \/>\n<meta property=\"og:type\" content=\"article\" \/>\n<meta property=\"og:title\" content=\"Fortbildungen - ProDaBi\" \/>\n<meta property=\"og:description\" content=\"Fortbildungskatalog Hier finden Sie unsere entwickelten Fortbildungen, die Sie als Schule oder Bildungseinrichtung anfragen k\u00f6nnen Aktuelles Fortbildungsangebot Anmeldung Hier k\u00f6nnen Sie sich f\u00fcr die einzelnen Fortbildungen und E-Fortbildungen anmelden. Archiv \u00dcbersicht \u00fcber durchgef\u00fchrte Fortbildungen Material Materialien zum Download aus unserem Fortbildungsangebot\" \/>\n<meta property=\"og:url\" content=\"https:\/\/www.prodabi.de\/en\/fortbildungen\/\" \/>\n<meta property=\"og:site_name\" content=\"ProDaBi\" \/>\n<meta property=\"article:modified_time\" content=\"2026-03-05T13:08:03+00:00\" \/>\n<meta name=\"twitter:card\" content=\"summary_large_image\" \/>\n<meta name=\"twitter:label1\" content=\"Est. reading time\" \/>\n\t<meta name=\"twitter:data1\" content=\"1 minute\" \/>\n<script type=\"application\/ld+json\" class=\"yoast-schema-graph\">{\"@context\":\"https:\/\/schema.org\",\"@graph\":[{\"@type\":\"WebPage\",\"@id\":\"https:\/\/www.prodabi.de\/fortbildungen\/\",\"url\":\"https:\/\/www.prodabi.de\/fortbildungen\/\",\"name\":\"Fortbildungen - ProDaBi\",\"isPartOf\":{\"@id\":\"https:\/\/www.prodabi.de\/#website\"},\"primaryImageOfPage\":{\"@id\":\"https:\/\/www.prodabi.de\/fortbildungen\/#primaryimage\"},\"image\":{\"@id\":\"https:\/\/www.prodabi.de\/fortbildungen\/#primaryimage\"},\"thumbnailUrl\":\"https:\/\/www.prodabi.de\/wp-content\/uploads\/noun-win-badge-2370799-103685.svg\",\"datePublished\":\"2023-08-15T07:41:51+00:00\",\"dateModified\":\"2026-03-05T13:08:03+00:00\",\"breadcrumb\":{\"@id\":\"https:\/\/www.prodabi.de\/fortbildungen\/#breadcrumb\"},\"inLanguage\":\"en-US\",\"potentialAction\":[{\"@type\":\"ReadAction\",\"target\":[\"https:\/\/www.prodabi.de\/fortbildungen\/\"]}]},{\"@type\":\"ImageObject\",\"inLanguage\":\"en-US\",\"@id\":\"https:\/\/www.prodabi.de\/fortbildungen\/#primaryimage\",\"url\":\"https:\/\/www.prodabi.de\/wp-content\/uploads\/noun-win-badge-2370799-103685.svg\",\"contentUrl\":\"https:\/\/www.prodabi.de\/wp-content\/uploads\/noun-win-badge-2370799-103685.svg\"},{\"@type\":\"BreadcrumbList\",\"@id\":\"https:\/\/www.prodabi.de\/fortbildungen\/#breadcrumb\",\"itemListElement\":[{\"@type\":\"ListItem\",\"position\":1,\"name\":\"Startseite\",\"item\":\"https:\/\/www.prodabi.de\/\"},{\"@type\":\"ListItem\",\"position\":2,\"name\":\"Fortbildungen\"}]},{\"@type\":\"WebSite\",\"@id\":\"https:\/\/www.prodabi.de\/#website\",\"url\":\"https:\/\/www.prodabi.de\/\",\"name\":\"ProDaBi\",\"description\":\"\",\"publisher\":{\"@id\":\"https:\/\/www.prodabi.de\/#organization\"},\"potentialAction\":[{\"@type\":\"SearchAction\",\"target\":{\"@type\":\"EntryPoint\",\"urlTemplate\":\"https:\/\/www.prodabi.de\/?s={search_term_string}\"},\"query-input\":{\"@type\":\"PropertyValueSpecification\",\"valueRequired\":true,\"valueName\":\"search_term_string\"}}],\"inLanguage\":\"en-US\"},{\"@type\":\"Organization\",\"@id\":\"https:\/\/www.prodabi.de\/#organization\",\"name\":\"ProDaBi\",\"url\":\"https:\/\/www.prodabi.de\/\",\"logo\":{\"@type\":\"ImageObject\",\"inLanguage\":\"en-US\",\"@id\":\"https:\/\/www.prodabi.de\/#\/schema\/logo\/image\/\",\"url\":\"https:\/\/www.prodabi.de\/wp-content\/uploads\/Logo_ProDaBi.png\",\"contentUrl\":\"https:\/\/www.prodabi.de\/wp-content\/uploads\/Logo_ProDaBi.png\",\"width\":1141,\"height\":428,\"caption\":\"ProDaBi\"},\"image\":{\"@id\":\"https:\/\/www.prodabi.de\/#\/schema\/logo\/image\/\"}}]}<\/script>\n<!-- \/ Yoast SEO plugin. -->","yoast_head_json":{"title":"Fortbildungen - ProDaBi","robots":{"index":"index","follow":"follow","max-snippet":"max-snippet:-1","max-image-preview":"max-image-preview:large","max-video-preview":"max-video-preview:-1"},"canonical":"https:\/\/www.prodabi.de\/en\/fortbildungen\/","og_locale":"en_US","og_type":"article","og_title":"Fortbildungen - ProDaBi","og_description":"Fortbildungskatalog Hier finden Sie unsere entwickelten Fortbildungen, die Sie als Schule oder Bildungseinrichtung anfragen k\u00f6nnen Aktuelles Fortbildungsangebot Anmeldung Hier k\u00f6nnen Sie sich f\u00fcr die einzelnen Fortbildungen und E-Fortbildungen anmelden. Archiv \u00dcbersicht \u00fcber durchgef\u00fchrte Fortbildungen Material Materialien zum Download aus unserem Fortbildungsangebot","og_url":"https:\/\/www.prodabi.de\/en\/fortbildungen\/","og_site_name":"ProDaBi","article_modified_time":"2026-03-05T13:08:03+00:00","twitter_card":"summary_large_image","twitter_misc":{"Est. reading time":"1 minute"},"schema":{"@context":"https:\/\/schema.org","@graph":[{"@type":"WebPage","@id":"https:\/\/www.prodabi.de\/fortbildungen\/","url":"https:\/\/www.prodabi.de\/fortbildungen\/","name":"Fortbildungen - ProDaBi","isPartOf":{"@id":"https:\/\/www.prodabi.de\/#website"},"primaryImageOfPage":{"@id":"https:\/\/www.prodabi.de\/fortbildungen\/#primaryimage"},"image":{"@id":"https:\/\/www.prodabi.de\/fortbildungen\/#primaryimage"},"thumbnailUrl":"https:\/\/www.prodabi.de\/wp-content\/uploads\/noun-win-badge-2370799-103685.svg","datePublished":"2023-08-15T07:41:51+00:00","dateModified":"2026-03-05T13:08:03+00:00","breadcrumb":{"@id":"https:\/\/www.prodabi.de\/fortbildungen\/#breadcrumb"},"inLanguage":"en-US","potentialAction":[{"@type":"ReadAction","target":["https:\/\/www.prodabi.de\/fortbildungen\/"]}]},{"@type":"ImageObject","inLanguage":"en-US","@id":"https:\/\/www.prodabi.de\/fortbildungen\/#primaryimage","url":"https:\/\/www.prodabi.de\/wp-content\/uploads\/noun-win-badge-2370799-103685.svg","contentUrl":"https:\/\/www.prodabi.de\/wp-content\/uploads\/noun-win-badge-2370799-103685.svg"},{"@type":"BreadcrumbList","@id":"https:\/\/www.prodabi.de\/fortbildungen\/#breadcrumb","itemListElement":[{"@type":"ListItem","position":1,"name":"Startseite","item":"https:\/\/www.prodabi.de\/"},{"@type":"ListItem","position":2,"name":"Fortbildungen"}]},{"@type":"WebSite","@id":"https:\/\/www.prodabi.de\/#website","url":"https:\/\/www.prodabi.de\/","name":"ProDaBi","description":"","publisher":{"@id":"https:\/\/www.prodabi.de\/#organization"},"potentialAction":[{"@type":"SearchAction","target":{"@type":"EntryPoint","urlTemplate":"https:\/\/www.prodabi.de\/?s={search_term_string}"},"query-input":{"@type":"PropertyValueSpecification","valueRequired":true,"valueName":"search_term_string"}}],"inLanguage":"en-US"},{"@type":"Organization","@id":"https:\/\/www.prodabi.de\/#organization","name":"ProDaBi","url":"https:\/\/www.prodabi.de\/","logo":{"@type":"ImageObject","inLanguage":"en-US","@id":"https:\/\/www.prodabi.de\/#\/schema\/logo\/image\/","url":"https:\/\/www.prodabi.de\/wp-content\/uploads\/Logo_ProDaBi.png","contentUrl":"https:\/\/www.prodabi.de\/wp-content\/uploads\/Logo_ProDaBi.png","width":1141,"height":428,"caption":"ProDaBi"},"image":{"@id":"https:\/\/www.prodabi.de\/#\/schema\/logo\/image\/"}}]}},"_links":{"self":[{"href":"https:\/\/www.prodabi.de\/en\/wp-json\/wp\/v2\/pages\/25370","targetHints":{"allow":["GET"]}}],"collection":[{"href":"https:\/\/www.prodabi.de\/en\/wp-json\/wp\/v2\/pages"}],"about":[{"href":"https:\/\/www.prodabi.de\/en\/wp-json\/wp\/v2\/types\/page"}],"author":[{"embeddable":true,"href":"https:\/\/www.prodabi.de\/en\/wp-json\/wp\/v2\/users\/7"}],"replies":[{"embeddable":true,"href":"https:\/\/www.prodabi.de\/en\/wp-json\/wp\/v2\/comments?post=25370"}],"version-history":[{"count":0,"href":"https:\/\/www.prodabi.de\/en\/wp-json\/wp\/v2\/pages\/25370\/revisions"}],"wp:featuredmedia":[{"embeddable":true,"href":"https:\/\/www.prodabi.de\/en\/wp-json\/wp\/v2\/media\/25675"}],"wp:attachment":[{"href":"https:\/\/www.prodabi.de\/en\/wp-json\/wp\/v2\/media?parent=25370"}],"curies":[{"name":"wp","href":"https:\/\/api.w.org\/{rel}","templated":true}]}}