{"id":25258,"date":"2023-08-11T10:30:49","date_gmt":"2023-08-11T08:30:49","guid":{"rendered":"https:\/\/www.prodabi.de\/?page_id=25258"},"modified":"2026-03-05T13:33:45","modified_gmt":"2026-03-05T12:33:45","slug":"kontakt","status":"publish","type":"page","link":"https:\/\/www.prodabi.de\/en\/ueber-uns\/kontakt\/","title":{"rendered":"Contact"},"content":{"rendered":"<div data-elementor-type=\"wp-page\" data-elementor-id=\"25258\" class=\"elementor elementor-25258\" data-elementor-post-type=\"page\">\n\t\t\t\t<div data-particle_enable=\"false\" data-particle-mobile-disabled=\"false\" class=\"elementor-element elementor-element-e89e0a0 e-flex e-con-boxed e-con e-parent\" data-id=\"e89e0a0\" data-element_type=\"container\" data-e-type=\"container\">\n\t\t\t\t\t<div class=\"e-con-inner\">\n\t\t<div data-particle_enable=\"false\" data-particle-mobile-disabled=\"false\" class=\"elementor-element elementor-element-2e0d08e e-con-full e-flex e-con e-child\" data-id=\"2e0d08e\" data-element_type=\"container\" data-e-type=\"container\">\n\t\t\t\t<div class=\"elementor-element elementor-element-9eeb06f h-100 elementor-view-default elementor-position-block-start elementor-mobile-position-block-start elementor-extension-display-condition-disabled elementor-widget elementor-widget-icon-box\" data-id=\"9eeb06f\" data-element_type=\"widget\" data-e-type=\"widget\" data-widget_type=\"icon-box.default\">\n\t\t\t\t<div class=\"elementor-widget-container\">\n\t\t\t\t\t\t\t<div class=\"elementor-icon-box-wrapper\">\n\n\t\t\t\t\t\t<div class=\"elementor-icon-box-icon\">\n\t\t\t\t<a href=\"mailto:%20prodabi@campus.uni-paderborn.de\" class=\"elementor-icon\" tabindex=\"-1\">\n\t\t\t\t<i aria-hidden=\"true\" class=\"fas fa-envelope\"><\/i>\t\t\t\t<\/a>\n\t\t\t<\/div>\n\t\t\t\n\t\t\t\t\t\t<div class=\"elementor-icon-box-content\">\n\n\t\t\t\t\n\t\t\t\t\t\t\t\t\t<p class=\"elementor-icon-box-description\">\n\t\t\t\t\t\tprodabi@campus.uni-paderborn.de\t\t\t\t\t<\/p>\n\t\t\t\t\n\t\t\t<\/div>\n\t\t\t\n\t\t<\/div>\n\t\t\t\t\t\t<\/div>\n\t\t\t\t<\/div>\n\t\t\t\t<\/div>\n\t\t<div data-particle_enable=\"false\" data-particle-mobile-disabled=\"false\" class=\"elementor-element elementor-element-80698f5 e-con-full e-flex e-con e-child\" data-id=\"80698f5\" data-element_type=\"container\" data-e-type=\"container\">\n\t\t\t\t<div class=\"elementor-element elementor-element-e1dbecb elementor-view-default elementor-position-block-start elementor-mobile-position-block-start elementor-extension-display-condition-disabled elementor-widget elementor-widget-icon-box\" data-id=\"e1dbecb\" data-element_type=\"widget\" data-e-type=\"widget\" data-widget_type=\"icon-box.default\">\n\t\t\t\t<div class=\"elementor-widget-container\">\n\t\t\t\t\t\t\t<div class=\"elementor-icon-box-wrapper\">\n\n\t\t\t\t\t\t<div class=\"elementor-icon-box-icon\">\n\t\t\t\t<a href=\"https:\/\/www.uni-paderborn.de\/universitaet\/anreise-lageplan\" target=\"_blank\" class=\"elementor-icon\" tabindex=\"-1\" aria-label=\"Standort Campus: &lt;br&gt;&lt;br&gt;Rolf Biehler, Karin Binder, Yannik Fleischer, Luca Jotzo   &lt;br&gt;\">\n\t\t\t\t<i aria-hidden=\"true\" class=\"fas fa-map-marker-alt\"><\/i>\t\t\t\t<\/a>\n\t\t\t<\/div>\n\t\t\t\n\t\t\t\t\t\t<div class=\"elementor-icon-box-content\">\n\n\t\t\t\t\t\t\t\t\t<h3 class=\"elementor-icon-box-title\">\n\t\t\t\t\t\t<a href=\"https:\/\/www.uni-paderborn.de\/universitaet\/anreise-lageplan\" target=\"_blank\" >\n\t\t\t\t\t\t\tStandort Campus: <br><br>Rolf Biehler, Karin Binder, Yannik Fleischer, Luca Jotzo   <br>\t\t\t\t\t\t<\/a>\n\t\t\t\t\t<\/h3>\n\t\t\t\t\n\t\t\t\t\t\t\t\t\t<p class=\"elementor-icon-box-description\">\n\t\t\t\t\t\tUniversity of Paderborn\n<br>Warburger Str. 100\n<br>33098 Paderborn\t\t\t\t\t<\/p>\n\t\t\t\t\n\t\t\t<\/div>\n\t\t\t\n\t\t<\/div>\n\t\t\t\t\t\t<\/div>\n\t\t\t\t<\/div>\n\t\t\t\t<\/div>\n\t\t<div data-particle_enable=\"false\" data-particle-mobile-disabled=\"false\" class=\"elementor-element elementor-element-8e4d47d e-con-full e-flex e-con e-child\" data-id=\"8e4d47d\" data-element_type=\"container\" data-e-type=\"container\">\n\t\t\t\t<div class=\"elementor-element elementor-element-6dfe60d elementor-view-default elementor-position-block-start elementor-mobile-position-block-start elementor-extension-display-condition-disabled elementor-widget elementor-widget-icon-box\" data-id=\"6dfe60d\" data-element_type=\"widget\" data-e-type=\"widget\" data-widget_type=\"icon-box.default\">\n\t\t\t\t<div class=\"elementor-widget-container\">\n\t\t\t\t\t\t\t<div class=\"elementor-icon-box-wrapper\">\n\n\t\t\t\t\t\t<div class=\"elementor-icon-box-icon\">\n\t\t\t\t<a href=\"https:\/\/www.uni-paderborn.de\/universitaet\/anreise-lageplan\" target=\"_blank\" class=\"elementor-icon\" tabindex=\"-1\" aria-label=\"Standort F&uuml;rstenallee: &lt;br&gt;&lt;br&gt; Carsten Schulte, Sven H&uuml;sing, Patrick Sch&uuml;ren\">\n\t\t\t\t<i aria-hidden=\"true\" class=\"fas fa-map-marker-alt\"><\/i>\t\t\t\t<\/a>\n\t\t\t<\/div>\n\t\t\t\n\t\t\t\t\t\t<div class=\"elementor-icon-box-content\">\n\n\t\t\t\t\t\t\t\t\t<h3 class=\"elementor-icon-box-title\">\n\t\t\t\t\t\t<a href=\"https:\/\/www.uni-paderborn.de\/universitaet\/anreise-lageplan\" target=\"_blank\" >\n\t\t\t\t\t\t\tStandort F\u00fcrstenallee: <br><br> Carsten Schulte, Sven H\u00fcsing, Patrick Sch\u00fcren\t\t\t\t\t\t<\/a>\n\t\t\t\t\t<\/h3>\n\t\t\t\t\n\t\t\t\t\t\t\t\t\t<p class=\"elementor-icon-box-description\">\n\t\t\t\t\t\tUniversity of Paderborn\n<br>F\u00fcrstenallee 11\n<br>33102 Paderborn\t\t\t\t\t<\/p>\n\t\t\t\t\n\t\t\t<\/div>\n\t\t\t\n\t\t<\/div>\n\t\t\t\t\t\t<\/div>\n\t\t\t\t<\/div>\n\t\t\t\t<\/div>\n\t\t\t\t\t<\/div>\n\t\t\t\t<\/div>\n\t\t<div data-particle_enable=\"false\" data-particle-mobile-disabled=\"false\" class=\"elementor-element elementor-element-fbd09a3 e-flex e-con-boxed e-con e-parent\" data-id=\"fbd09a3\" data-element_type=\"container\" data-e-type=\"container\">\n\t\t\t\t\t<div class=\"e-con-inner\">\n\t\t\t\t<div class=\"elementor-element elementor-element-d600660 elementor-extension-display-condition-disabled elementor-widget elementor-widget-spacer\" data-id=\"d600660\" data-element_type=\"widget\" data-e-type=\"widget\" data-widget_type=\"spacer.default\">\n\t\t\t\t<div class=\"elementor-widget-container\">\n\t\t\t\t\t\t\t<div class=\"elementor-spacer\">\n\t\t\t<div class=\"elementor-spacer-inner\"><\/div>\n\t\t<\/div>\n\t\t\t\t\t\t<\/div>\n\t\t\t\t<\/div>\n\t\t\t\t\t<\/div>\n\t\t\t\t<\/div>\n\t\t<div data-particle_enable=\"false\" data-particle-mobile-disabled=\"false\" class=\"elementor-element elementor-element-136b2dc e-flex e-con-boxed e-con e-parent\" data-id=\"136b2dc\" data-element_type=\"container\" data-e-type=\"container\">\n\t\t\t\t\t<div class=\"e-con-inner\">\n\t\t\t\t\t<\/div>\n\t\t\t\t<\/div>\n\t\t<div data-particle_enable=\"false\" data-particle-mobile-disabled=\"false\" class=\"elementor-element elementor-element-7672b01 e-flex e-con-boxed e-con e-parent\" data-id=\"7672b01\" data-element_type=\"container\" data-e-type=\"container\">\n\t\t\t\t\t<div class=\"e-con-inner\">\n\t\t\t\t\t<\/div>\n\t\t\t\t<\/div>\n\t\t<div data-particle_enable=\"false\" data-particle-mobile-disabled=\"false\" class=\"elementor-element elementor-element-fc63374 e-flex e-con-boxed e-con e-parent\" data-id=\"fc63374\" data-element_type=\"container\" data-e-type=\"container\">\n\t\t\t\t\t<div class=\"e-con-inner\">\n\t\t\t\t\t<\/div>\n\t\t\t\t<\/div>\n\t\t<div data-particle_enable=\"false\" data-particle-mobile-disabled=\"false\" class=\"elementor-element elementor-element-91cd1e2 e-flex e-con-boxed e-con e-parent\" data-id=\"91cd1e2\" data-element_type=\"container\" data-e-type=\"container\">\n\t\t\t\t\t<div class=\"e-con-inner\">\n\t\t\t\t\t<\/div>\n\t\t\t\t<\/div>\n\t\t<div data-particle_enable=\"false\" data-particle-mobile-disabled=\"false\" class=\"elementor-element elementor-element-219bf74 e-flex e-con-boxed e-con e-parent\" data-id=\"219bf74\" data-element_type=\"container\" data-e-type=\"container\">\n\t\t\t\t\t<div class=\"e-con-inner\">\n\t\t\t\t\t<\/div>\n\t\t\t\t<\/div>\n\t\t<div data-particle_enable=\"false\" data-particle-mobile-disabled=\"false\" class=\"elementor-element elementor-element-305bb39 e-flex e-con-boxed e-con e-parent\" data-id=\"305bb39\" data-element_type=\"container\" data-e-type=\"container\">\n\t\t\t\t\t<div class=\"e-con-inner\">\n\t\t\t\t\t<\/div>\n\t\t\t\t<\/div>\n\t\t\t\t<\/div>","protected":false},"excerpt":{"rendered":"<p>prodabi@campus.uni-paderborn.de Standort Campus: Rolf Biehler, Karin Binder, Yannik Fleischer, Luca Jotzo Universit\u00e4t Paderborn Warburger Str. 100 33098 Paderborn Standort F\u00fcrstenallee: Carsten Schulte, Sven H\u00fcsing, Patrick Sch\u00fcren Universit\u00e4t Paderborn F\u00fcrstenallee 11 33102 Paderborn<\/p>","protected":false},"author":7,"featured_media":25738,"parent":25213,"menu_order":84,"comment_status":"closed","ping_status":"closed","template":"","meta":{"site-sidebar-layout":"default","site-content-layout":"default","ast-site-content-layout":"default","site-content-style":"default","site-sidebar-style":"default","ast-global-header-display":"","ast-banner-title-visibility":"","ast-main-header-display":"","ast-hfb-above-header-display":"","ast-hfb-below-header-display":"","ast-hfb-mobile-header-display":"","site-post-title":"","ast-breadcrumbs-content":"","ast-featured-img":"","footer-sml-layout":"","ast-disable-related-posts":"","theme-transparent-header-meta":"default","adv-header-id-meta":"","stick-header-meta":"","header-above-stick-meta":"","header-main-stick-meta":"","header-below-stick-meta":"","astra-migrate-meta-layouts":"set","ast-page-background-enabled":"default","ast-page-background-meta":{"desktop":{"background-color":"","background-image":"","background-repeat":"repeat","background-position":"center center","background-size":"auto","background-attachment":"scroll","background-type":"","background-media":"","overlay-type":"","overlay-color":"","overlay-opacity":"","overlay-gradient":""},"tablet":{"background-color":"","background-image":"","background-repeat":"repeat","background-position":"center center","background-size":"auto","background-attachment":"scroll","background-type":"","background-media":"","overlay-type":"","overlay-color":"","overlay-opacity":"","overlay-gradient":""},"mobile":{"background-color":"","background-image":"","background-repeat":"repeat","background-position":"center center","background-size":"auto","background-attachment":"scroll","background-type":"","background-media":"","overlay-type":"","overlay-color":"","overlay-opacity":"","overlay-gradient":""}},"ast-content-background-meta":{"desktop":{"background-color":"var(--ast-global-color-5)","background-image":"","background-repeat":"repeat","background-position":"center center","background-size":"auto","background-attachment":"scroll","background-type":"","background-media":"","overlay-type":"","overlay-color":"","overlay-opacity":"","overlay-gradient":""},"tablet":{"background-color":"var(--ast-global-color-5)","background-image":"","background-repeat":"repeat","background-position":"center center","background-size":"auto","background-attachment":"scroll","background-type":"","background-media":"","overlay-type":"","overlay-color":"","overlay-opacity":"","overlay-gradient":""},"mobile":{"background-color":"var(--ast-global-color-5)","background-image":"","background-repeat":"repeat","background-position":"center center","background-size":"auto","background-attachment":"scroll","background-type":"","background-media":"","overlay-type":"","overlay-color":"","overlay-opacity":"","overlay-gradient":""}},"footnotes":""},"class_list":["post-25258","page","type-page","status-publish","has-post-thumbnail","hentry"],"yoast_head":"<!-- This site is optimized with the Yoast SEO plugin v27.5 - https:\/\/yoast.com\/product\/yoast-seo-wordpress\/ -->\n<title>Kontakt - ProDaBi<\/title>\n<meta name=\"robots\" content=\"index, follow, max-snippet:-1, max-image-preview:large, max-video-preview:-1\" \/>\n<link rel=\"canonical\" href=\"https:\/\/www.prodabi.de\/en\/ueber-uns\/kontakt\/\" \/>\n<meta property=\"og:locale\" content=\"en_US\" \/>\n<meta property=\"og:type\" content=\"article\" \/>\n<meta property=\"og:title\" content=\"Kontakt - ProDaBi\" \/>\n<meta property=\"og:description\" content=\"prodabi@campus.uni-paderborn.de Standort Campus: Rolf Biehler, Karin Binder, Yannik Fleischer, Luca Jotzo Universit\u00e4t Paderborn Warburger Str. 100 33098 Paderborn Standort F\u00fcrstenallee: Carsten Schulte, Sven H\u00fcsing, Patrick Sch\u00fcren Universit\u00e4t Paderborn F\u00fcrstenallee 11 33102 Paderborn\" \/>\n<meta property=\"og:url\" content=\"https:\/\/www.prodabi.de\/en\/ueber-uns\/kontakt\/\" \/>\n<meta property=\"og:site_name\" content=\"ProDaBi\" \/>\n<meta property=\"article:modified_time\" content=\"2026-03-05T12:33:45+00:00\" \/>\n<meta name=\"twitter:card\" content=\"summary_large_image\" \/>\n<script type=\"application\/ld+json\" class=\"yoast-schema-graph\">{\"@context\":\"https:\\\/\\\/schema.org\",\"@graph\":[{\"@type\":\"WebPage\",\"@id\":\"https:\\\/\\\/www.prodabi.de\\\/ueber-uns\\\/kontakt\\\/\",\"url\":\"https:\\\/\\\/www.prodabi.de\\\/ueber-uns\\\/kontakt\\\/\",\"name\":\"Kontakt - ProDaBi\",\"isPartOf\":{\"@id\":\"https:\\\/\\\/www.prodabi.de\\\/#website\"},\"primaryImageOfPage\":{\"@id\":\"https:\\\/\\\/www.prodabi.de\\\/ueber-uns\\\/kontakt\\\/#primaryimage\"},\"image\":{\"@id\":\"https:\\\/\\\/www.prodabi.de\\\/ueber-uns\\\/kontakt\\\/#primaryimage\"},\"thumbnailUrl\":\"https:\\\/\\\/www.prodabi.de\\\/wp-content\\\/uploads\\\/noun-contact-5750104-103685.svg\",\"datePublished\":\"2023-08-11T08:30:49+00:00\",\"dateModified\":\"2026-03-05T12:33:45+00:00\",\"breadcrumb\":{\"@id\":\"https:\\\/\\\/www.prodabi.de\\\/ueber-uns\\\/kontakt\\\/#breadcrumb\"},\"inLanguage\":\"en-US\",\"potentialAction\":[{\"@type\":\"ReadAction\",\"target\":[\"https:\\\/\\\/www.prodabi.de\\\/ueber-uns\\\/kontakt\\\/\"]}]},{\"@type\":\"ImageObject\",\"inLanguage\":\"en-US\",\"@id\":\"https:\\\/\\\/www.prodabi.de\\\/ueber-uns\\\/kontakt\\\/#primaryimage\",\"url\":\"https:\\\/\\\/www.prodabi.de\\\/wp-content\\\/uploads\\\/noun-contact-5750104-103685.svg\",\"contentUrl\":\"https:\\\/\\\/www.prodabi.de\\\/wp-content\\\/uploads\\\/noun-contact-5750104-103685.svg\"},{\"@type\":\"BreadcrumbList\",\"@id\":\"https:\\\/\\\/www.prodabi.de\\\/ueber-uns\\\/kontakt\\\/#breadcrumb\",\"itemListElement\":[{\"@type\":\"ListItem\",\"position\":1,\"name\":\"Startseite\",\"item\":\"https:\\\/\\\/www.prodabi.de\\\/\"},{\"@type\":\"ListItem\",\"position\":2,\"name\":\"\u00dcber Uns\",\"item\":\"https:\\\/\\\/www.prodabi.de\\\/ueber-uns\\\/\"},{\"@type\":\"ListItem\",\"position\":3,\"name\":\"Kontakt\"}]},{\"@type\":\"WebSite\",\"@id\":\"https:\\\/\\\/www.prodabi.de\\\/#website\",\"url\":\"https:\\\/\\\/www.prodabi.de\\\/\",\"name\":\"ProDaBi\",\"description\":\"\",\"publisher\":{\"@id\":\"https:\\\/\\\/www.prodabi.de\\\/#organization\"},\"potentialAction\":[{\"@type\":\"SearchAction\",\"target\":{\"@type\":\"EntryPoint\",\"urlTemplate\":\"https:\\\/\\\/www.prodabi.de\\\/?s={search_term_string}\"},\"query-input\":{\"@type\":\"PropertyValueSpecification\",\"valueRequired\":true,\"valueName\":\"search_term_string\"}}],\"inLanguage\":\"en-US\"},{\"@type\":\"Organization\",\"@id\":\"https:\\\/\\\/www.prodabi.de\\\/#organization\",\"name\":\"ProDaBi\",\"url\":\"https:\\\/\\\/www.prodabi.de\\\/\",\"logo\":{\"@type\":\"ImageObject\",\"inLanguage\":\"en-US\",\"@id\":\"https:\\\/\\\/www.prodabi.de\\\/#\\\/schema\\\/logo\\\/image\\\/\",\"url\":\"https:\\\/\\\/www.prodabi.de\\\/wp-content\\\/uploads\\\/Logo_ProDaBi.png\",\"contentUrl\":\"https:\\\/\\\/www.prodabi.de\\\/wp-content\\\/uploads\\\/Logo_ProDaBi.png\",\"width\":1141,\"height\":428,\"caption\":\"ProDaBi\"},\"image\":{\"@id\":\"https:\\\/\\\/www.prodabi.de\\\/#\\\/schema\\\/logo\\\/image\\\/\"}}]}<\/script>\n<!-- \/ Yoast SEO plugin. -->","yoast_head_json":{"title":"Kontakt - ProDaBi","robots":{"index":"index","follow":"follow","max-snippet":"max-snippet:-1","max-image-preview":"max-image-preview:large","max-video-preview":"max-video-preview:-1"},"canonical":"https:\/\/www.prodabi.de\/en\/ueber-uns\/kontakt\/","og_locale":"en_US","og_type":"article","og_title":"Kontakt - ProDaBi","og_description":"prodabi@campus.uni-paderborn.de Standort Campus: Rolf Biehler, Karin Binder, Yannik Fleischer, Luca Jotzo Universit\u00e4t Paderborn Warburger Str. 100 33098 Paderborn Standort F\u00fcrstenallee: Carsten Schulte, Sven H\u00fcsing, Patrick Sch\u00fcren Universit\u00e4t Paderborn F\u00fcrstenallee 11 33102 Paderborn","og_url":"https:\/\/www.prodabi.de\/en\/ueber-uns\/kontakt\/","og_site_name":"ProDaBi","article_modified_time":"2026-03-05T12:33:45+00:00","twitter_card":"summary_large_image","schema":{"@context":"https:\/\/schema.org","@graph":[{"@type":"WebPage","@id":"https:\/\/www.prodabi.de\/ueber-uns\/kontakt\/","url":"https:\/\/www.prodabi.de\/ueber-uns\/kontakt\/","name":"Kontakt - ProDaBi","isPartOf":{"@id":"https:\/\/www.prodabi.de\/#website"},"primaryImageOfPage":{"@id":"https:\/\/www.prodabi.de\/ueber-uns\/kontakt\/#primaryimage"},"image":{"@id":"https:\/\/www.prodabi.de\/ueber-uns\/kontakt\/#primaryimage"},"thumbnailUrl":"https:\/\/www.prodabi.de\/wp-content\/uploads\/noun-contact-5750104-103685.svg","datePublished":"2023-08-11T08:30:49+00:00","dateModified":"2026-03-05T12:33:45+00:00","breadcrumb":{"@id":"https:\/\/www.prodabi.de\/ueber-uns\/kontakt\/#breadcrumb"},"inLanguage":"en-US","potentialAction":[{"@type":"ReadAction","target":["https:\/\/www.prodabi.de\/ueber-uns\/kontakt\/"]}]},{"@type":"ImageObject","inLanguage":"en-US","@id":"https:\/\/www.prodabi.de\/ueber-uns\/kontakt\/#primaryimage","url":"https:\/\/www.prodabi.de\/wp-content\/uploads\/noun-contact-5750104-103685.svg","contentUrl":"https:\/\/www.prodabi.de\/wp-content\/uploads\/noun-contact-5750104-103685.svg"},{"@type":"BreadcrumbList","@id":"https:\/\/www.prodabi.de\/ueber-uns\/kontakt\/#breadcrumb","itemListElement":[{"@type":"ListItem","position":1,"name":"Startseite","item":"https:\/\/www.prodabi.de\/"},{"@type":"ListItem","position":2,"name":"\u00dcber Uns","item":"https:\/\/www.prodabi.de\/ueber-uns\/"},{"@type":"ListItem","position":3,"name":"Kontakt"}]},{"@type":"WebSite","@id":"https:\/\/www.prodabi.de\/#website","url":"https:\/\/www.prodabi.de\/","name":"ProDaBi","description":"","publisher":{"@id":"https:\/\/www.prodabi.de\/#organization"},"potentialAction":[{"@type":"SearchAction","target":{"@type":"EntryPoint","urlTemplate":"https:\/\/www.prodabi.de\/?s={search_term_string}"},"query-input":{"@type":"PropertyValueSpecification","valueRequired":true,"valueName":"search_term_string"}}],"inLanguage":"en-US"},{"@type":"Organization","@id":"https:\/\/www.prodabi.de\/#organization","name":"ProDaBi","url":"https:\/\/www.prodabi.de\/","logo":{"@type":"ImageObject","inLanguage":"en-US","@id":"https:\/\/www.prodabi.de\/#\/schema\/logo\/image\/","url":"https:\/\/www.prodabi.de\/wp-content\/uploads\/Logo_ProDaBi.png","contentUrl":"https:\/\/www.prodabi.de\/wp-content\/uploads\/Logo_ProDaBi.png","width":1141,"height":428,"caption":"ProDaBi"},"image":{"@id":"https:\/\/www.prodabi.de\/#\/schema\/logo\/image\/"}}]}},"_links":{"self":[{"href":"https:\/\/www.prodabi.de\/en\/wp-json\/wp\/v2\/pages\/25258","targetHints":{"allow":["GET"]}}],"collection":[{"href":"https:\/\/www.prodabi.de\/en\/wp-json\/wp\/v2\/pages"}],"about":[{"href":"https:\/\/www.prodabi.de\/en\/wp-json\/wp\/v2\/types\/page"}],"author":[{"embeddable":true,"href":"https:\/\/www.prodabi.de\/en\/wp-json\/wp\/v2\/users\/7"}],"replies":[{"embeddable":true,"href":"https:\/\/www.prodabi.de\/en\/wp-json\/wp\/v2\/comments?post=25258"}],"version-history":[{"count":0,"href":"https:\/\/www.prodabi.de\/en\/wp-json\/wp\/v2\/pages\/25258\/revisions"}],"up":[{"embeddable":true,"href":"https:\/\/www.prodabi.de\/en\/wp-json\/wp\/v2\/pages\/25213"}],"wp:featuredmedia":[{"embeddable":true,"href":"https:\/\/www.prodabi.de\/en\/wp-json\/wp\/v2\/media\/25738"}],"wp:attachment":[{"href":"https:\/\/www.prodabi.de\/en\/wp-json\/wp\/v2\/media?parent=25258"}],"curies":[{"name":"wp","href":"https:\/\/api.w.org\/{rel}","templated":true}]}}