{"id":25255,"date":"2023-08-11T10:28:15","date_gmt":"2023-08-11T08:28:15","guid":{"rendered":"https:\/\/www.prodabi.de\/?page_id=25255"},"modified":"2023-09-18T08:56:59","modified_gmt":"2023-09-18T06:56:59","slug":"veranstaltungen","status":"publish","type":"page","link":"https:\/\/www.prodabi.de\/en\/forschung\/veranstaltungen\/","title":{"rendered":"Events"},"content":{"rendered":"<div data-elementor-type=\"wp-page\" data-elementor-id=\"25255\" class=\"elementor elementor-25255\" data-elementor-post-type=\"page\">\n\t\t\t\t\t\t<section data-particle_enable=\"false\" data-particle-mobile-disabled=\"false\" class=\"elementor-section elementor-top-section elementor-element elementor-element-2573e561 elementor-section-boxed elementor-section-height-default elementor-section-height-default elementor-extension-display-condition-disabled\" data-id=\"2573e561\" data-element_type=\"section\" data-e-type=\"section\">\n\t\t\t\t\t\t<div class=\"elementor-container elementor-column-gap-default\">\n\t\t\t\t\t<div class=\"elementor-column elementor-col-100 elementor-top-column elementor-element elementor-element-480f912a elementor-extension-display-condition-disabled\" data-id=\"480f912a\" data-element_type=\"column\" data-e-type=\"column\">\n\t\t\t<div class=\"elementor-widget-wrap elementor-element-populated\">\n\t\t\t\t\t\t<div class=\"elementor-element elementor-element-9a8bd75 elementor-extension-display-condition-disabled elementor-widget elementor-widget-heading\" data-id=\"9a8bd75\" data-element_type=\"widget\" data-e-type=\"widget\" data-widget_type=\"heading.default\">\n\t\t\t\t<div class=\"elementor-widget-container\">\n\t\t\t\t\t<h2 class=\"elementor-heading-title elementor-size-default\">Bevorstehende Veranstaltungen<\/h2>\t\t\t\t<\/div>\n\t\t\t\t<\/div>\n\t\t\t\t<div class=\"elementor-element elementor-element-dcacf40 accordion-post-type-workshop elementor-extension-display-condition-disabled elementor-widget elementor-widget-event-accordion\" data-id=\"dcacf40\" data-element_type=\"widget\" data-e-type=\"widget\" data-settings=\"{&quot;grid&quot;:{&quot;unit&quot;:&quot;px&quot;,&quot;size&quot;:1,&quot;sizes&quot;:[]},&quot;grid_tablet_extra&quot;:{&quot;unit&quot;:&quot;px&quot;,&quot;size&quot;:&quot;&quot;,&quot;sizes&quot;:[]},&quot;grid_tablet&quot;:{&quot;unit&quot;:&quot;px&quot;,&quot;size&quot;:&quot;&quot;,&quot;sizes&quot;:[]},&quot;grid_mobile&quot;:{&quot;unit&quot;:&quot;px&quot;,&quot;size&quot;:&quot;&quot;,&quot;sizes&quot;:[]}}\" data-widget_type=\"event-accordion.default\">\n\t\t\t\t<div class=\"elementor-widget-container\">\n\t\t\t\t\t    <div>\r\n        There are currently no new dates. However, we will keep you informed here in the future.    <\/div>\r\n    \t\t\t\t<\/div>\n\t\t\t\t<\/div>\n\t\t\t\t\t<\/div>\n\t\t<\/div>\n\t\t\t\t\t<\/div>\n\t\t<\/section>\n\t\t\t\t<section data-particle_enable=\"false\" data-particle-mobile-disabled=\"false\" class=\"elementor-section elementor-top-section elementor-element elementor-element-b484255 elementor-section-boxed elementor-section-height-default elementor-section-height-default elementor-extension-display-condition-disabled\" data-id=\"b484255\" data-element_type=\"section\" data-e-type=\"section\">\n\t\t\t\t\t\t<div class=\"elementor-container elementor-column-gap-default\">\n\t\t\t\t\t<div class=\"elementor-column elementor-col-100 elementor-top-column elementor-element elementor-element-873af4f elementor-extension-display-condition-disabled\" data-id=\"873af4f\" data-element_type=\"column\" data-e-type=\"column\">\n\t\t\t<div class=\"elementor-widget-wrap elementor-element-populated\">\n\t\t\t\t\t\t<div class=\"elementor-element elementor-element-8973177 elementor-extension-display-condition-disabled elementor-widget elementor-widget-heading\" data-id=\"8973177\" data-element_type=\"widget\" data-e-type=\"widget\" data-widget_type=\"heading.default\">\n\t\t\t\t<div class=\"elementor-widget-container\">\n\t\t\t\t\t<h2 class=\"elementor-heading-title elementor-size-default\">Vergangene Veranstaltungen<\/h2>\t\t\t\t<\/div>\n\t\t\t\t<\/div>\n\t\t\t\t<div class=\"elementor-element elementor-element-e14065d accordion-post-type-workshop elementor-extension-display-condition-disabled elementor-widget elementor-widget-event-accordion\" data-id=\"e14065d\" data-element_type=\"widget\" data-e-type=\"widget\" data-settings=\"{&quot;grid&quot;:{&quot;unit&quot;:&quot;px&quot;,&quot;size&quot;:1,&quot;sizes&quot;:[]},&quot;grid_tablet_extra&quot;:{&quot;unit&quot;:&quot;px&quot;,&quot;size&quot;:&quot;&quot;,&quot;sizes&quot;:[]},&quot;grid_tablet&quot;:{&quot;unit&quot;:&quot;px&quot;,&quot;size&quot;:&quot;&quot;,&quot;sizes&quot;:[]},&quot;grid_mobile&quot;:{&quot;unit&quot;:&quot;px&quot;,&quot;size&quot;:&quot;&quot;,&quot;sizes&quot;:[]}}\" data-widget_type=\"event-accordion.default\">\n\t\t\t\t<div class=\"elementor-widget-container\">\n\t\t\t\t\t<div class=\"accordion\" id=\"dates-accordion-workshop-past\">    <div class=\"accordion-item\">\r\n        <h2 class=\"accordion-header show_first\" id=\"dates-accordion-workshop-past-year-2024\">\r\n            <button class=\"accordion-button\" type=\"button\" data-bs-toggle=\"collapse\"\r\n                    data-bs-target=\"#dates-accordion-workshop-past-year-2024-collapse-1\"\r\n                    aria-expanded=\"true\" aria-controls=\"dates-accordion-workshop-past-year-2024-collapse-1\">\r\n                <i class=\"fa-solid fa-chevron-down\"><\/i>\r\n                2024            <\/button>\r\n        <\/h2>\r\n        <div id=\"dates-accordion-workshop-past-year-2024-collapse-1\"\r\n             class=\"accordion-collapse collapse show show_first\"\r\n             aria-labelledby=\"dates-accordion-workshop-past-year-2024\" data-bs-parent=\"#dates-accordion-workshop-past\">\r\n            <div class=\"accordion-body\">\r\n                <div class=\"accordion-inner-wrapper d-grid\">\r\n                    \r\n                        <div class=\"post-accordion-card\">\r\n                            <div class=\"post-head\">\r\n                                                                <h4 class=\"post-title\"> Jubil\u00e4ums-Herbsttagung: Arbeitskreis Stochastik 2024<\/h4>\r\n                                <h5 class=\"sub-title\"><\/h5>\r\n                            <\/div>\r\n                            <div class=\"post-content\">\r\n                                <div class=\"post-content-wrapper\">\r\n                                                                    <\/div>\r\n                                <div class=\"event-dates dates\">\n<ul class=\"d-flex list-unstyled\">\n<li><i class=\"fas fa-calendar-alt\" aria-hidden=\"true\"><\/i>10.12.2024<\/li>\n<li><i class=\"fas fa-clock\" aria-hidden=\"true\"><\/i>09.00<\/li>\n<li class=\"location\">Fuldatal<\/li>\n<\/ul><\/div>\r\n                            <\/div>\r\n\r\n                            <div class=\"button-wrapper\">\r\n                                                                        <a class=\"post-button\" href=\"https:\/\/www.prodabi.de\/en\/veranstaltung\/jubilaeums-herbsttagung-arbeitskreis-stochastik-2024\/\">\r\n                                        <span>AUFZEICHNUNGEN UND MEHR<\/span>\r\n                                            <i class=\"fas fa-chevron-right\" aria-hidden=\"true\"><\/i>\r\n                                        <\/a>\r\n                                                                <\/div>\r\n                        <\/div>\r\n                                    <\/div>\r\n            <\/div>\r\n        <\/div>\r\n    <\/div>\r\n    <\/div>\t\t\t\t<\/div>\n\t\t\t\t<\/div>\n\t\t\t\t\t<\/div>\n\t\t<\/div>\n\t\t\t\t\t<\/div>\n\t\t<\/section>\n\t\t\t\t<\/div>","protected":false},"excerpt":{"rendered":"<p>Bevorstehende Veranstaltungen 2023 Abschlusstagung des Projekts \u201eDie Zukunft des MINT-Lernens\u201c Poster: Apfel oder Popcorn? KI-Methoden f\u00fcr junge Lernende Poster: Entwicklung und Evaluation des Konzepts Datenbewusstsein f\u00fcr die Informatische Bildung Poster: Epistemisches Programmieren als Erkenntniswerkzeug f\u00fcr Alle 15.12.2023 09.00-16.00 Uhr Mehr erfahren 2024 Jubil\u00e4ums-Herbsttagung: Arbeitskreis Stochastik 2024 Vortrag: \u201eEmpirische Forschung zu Data Science Education\u201c Vortrag: \u201eFundamentale [&hellip;]<\/p>\n","protected":false},"author":7,"featured_media":25748,"parent":25569,"menu_order":66,"comment_status":"closed","ping_status":"closed","template":"","meta":{"site-sidebar-layout":"default","site-content-layout":"default","ast-site-content-layout":"default","site-content-style":"default","site-sidebar-style":"default","ast-global-header-display":"","ast-banner-title-visibility":"","ast-main-header-display":"","ast-hfb-above-header-display":"","ast-hfb-below-header-display":"","ast-hfb-mobile-header-display":"","site-post-title":"","ast-breadcrumbs-content":"","ast-featured-img":"","footer-sml-layout":"","ast-disable-related-posts":"","theme-transparent-header-meta":"default","adv-header-id-meta":"","stick-header-meta":"","header-above-stick-meta":"","header-main-stick-meta":"","header-below-stick-meta":"","astra-migrate-meta-layouts":"default","ast-page-background-enabled":"default","ast-page-background-meta":{"desktop":{"background-color":"","background-image":"","background-repeat":"repeat","background-position":"center center","background-size":"auto","background-attachment":"scroll","background-type":"","background-media":"","overlay-type":"","overlay-color":"","overlay-opacity":"","overlay-gradient":""},"tablet":{"background-color":"","background-image":"","background-repeat":"repeat","background-position":"center center","background-size":"auto","background-attachment":"scroll","background-type":"","background-media":"","overlay-type":"","overlay-color":"","overlay-opacity":"","overlay-gradient":""},"mobile":{"background-color":"","background-image":"","background-repeat":"repeat","background-position":"center center","background-size":"auto","background-attachment":"scroll","background-type":"","background-media":"","overlay-type":"","overlay-color":"","overlay-opacity":"","overlay-gradient":""}},"ast-content-background-meta":{"desktop":{"background-color":"var(--ast-global-color-5)","background-image":"","background-repeat":"repeat","background-position":"center center","background-size":"auto","background-attachment":"scroll","background-type":"","background-media":"","overlay-type":"","overlay-color":"","overlay-opacity":"","overlay-gradient":""},"tablet":{"background-color":"var(--ast-global-color-5)","background-image":"","background-repeat":"repeat","background-position":"center center","background-size":"auto","background-attachment":"scroll","background-type":"","background-media":"","overlay-type":"","overlay-color":"","overlay-opacity":"","overlay-gradient":""},"mobile":{"background-color":"var(--ast-global-color-5)","background-image":"","background-repeat":"repeat","background-position":"center center","background-size":"auto","background-attachment":"scroll","background-type":"","background-media":"","overlay-type":"","overlay-color":"","overlay-opacity":"","overlay-gradient":""}},"footnotes":""},"class_list":["post-25255","page","type-page","status-publish","has-post-thumbnail","hentry"],"yoast_head":"<!-- This site is optimized with the Yoast SEO plugin v27.1.1 - https:\/\/yoast.com\/product\/yoast-seo-wordpress\/ -->\n<title>Veranstaltungen - ProDaBi<\/title>\n<meta name=\"robots\" content=\"index, follow, max-snippet:-1, max-image-preview:large, max-video-preview:-1\" \/>\n<link rel=\"canonical\" href=\"https:\/\/www.prodabi.de\/en\/forschung\/veranstaltungen\/\" \/>\n<meta property=\"og:locale\" content=\"en_US\" \/>\n<meta property=\"og:type\" content=\"article\" \/>\n<meta property=\"og:title\" content=\"Veranstaltungen - ProDaBi\" \/>\n<meta property=\"og:description\" content=\"Bevorstehende Veranstaltungen 2023 Abschlusstagung des Projekts \u201eDie Zukunft des MINT-Lernens\u201c Poster: Apfel oder Popcorn? KI-Methoden f\u00fcr junge Lernende Poster: Entwicklung und Evaluation des Konzepts Datenbewusstsein f\u00fcr die Informatische Bildung Poster: Epistemisches Programmieren als Erkenntniswerkzeug f\u00fcr Alle 15.12.2023 09.00-16.00 Uhr Mehr erfahren 2024 Jubil\u00e4ums-Herbsttagung: Arbeitskreis Stochastik 2024 Vortrag: \u201eEmpirische Forschung zu Data Science Education\u201c Vortrag: \u201eFundamentale [&hellip;]\" \/>\n<meta property=\"og:url\" content=\"https:\/\/www.prodabi.de\/en\/forschung\/veranstaltungen\/\" \/>\n<meta property=\"og:site_name\" content=\"ProDaBi\" \/>\n<meta property=\"article:modified_time\" content=\"2023-09-18T06:56:59+00:00\" \/>\n<meta name=\"twitter:card\" content=\"summary_large_image\" \/>\n<meta name=\"twitter:label1\" content=\"Est. reading time\" \/>\n\t<meta name=\"twitter:data1\" content=\"1 minute\" \/>\n<script type=\"application\/ld+json\" class=\"yoast-schema-graph\">{\"@context\":\"https:\/\/schema.org\",\"@graph\":[{\"@type\":\"WebPage\",\"@id\":\"https:\/\/www.prodabi.de\/forschung\/veranstaltungen\/\",\"url\":\"https:\/\/www.prodabi.de\/forschung\/veranstaltungen\/\",\"name\":\"Veranstaltungen - ProDaBi\",\"isPartOf\":{\"@id\":\"https:\/\/www.prodabi.de\/#website\"},\"primaryImageOfPage\":{\"@id\":\"https:\/\/www.prodabi.de\/forschung\/veranstaltungen\/#primaryimage\"},\"image\":{\"@id\":\"https:\/\/www.prodabi.de\/forschung\/veranstaltungen\/#primaryimage\"},\"thumbnailUrl\":\"https:\/\/www.prodabi.de\/wp-content\/uploads\/noun-approve-event-552662-103685.svg\",\"datePublished\":\"2023-08-11T08:28:15+00:00\",\"dateModified\":\"2023-09-18T06:56:59+00:00\",\"breadcrumb\":{\"@id\":\"https:\/\/www.prodabi.de\/forschung\/veranstaltungen\/#breadcrumb\"},\"inLanguage\":\"en-US\",\"potentialAction\":[{\"@type\":\"ReadAction\",\"target\":[\"https:\/\/www.prodabi.de\/forschung\/veranstaltungen\/\"]}]},{\"@type\":\"ImageObject\",\"inLanguage\":\"en-US\",\"@id\":\"https:\/\/www.prodabi.de\/forschung\/veranstaltungen\/#primaryimage\",\"url\":\"https:\/\/www.prodabi.de\/wp-content\/uploads\/noun-approve-event-552662-103685.svg\",\"contentUrl\":\"https:\/\/www.prodabi.de\/wp-content\/uploads\/noun-approve-event-552662-103685.svg\"},{\"@type\":\"BreadcrumbList\",\"@id\":\"https:\/\/www.prodabi.de\/forschung\/veranstaltungen\/#breadcrumb\",\"itemListElement\":[{\"@type\":\"ListItem\",\"position\":1,\"name\":\"Startseite\",\"item\":\"https:\/\/www.prodabi.de\/\"},{\"@type\":\"ListItem\",\"position\":2,\"name\":\"Forschung\",\"item\":\"https:\/\/www.prodabi.de\/forschung\/\"},{\"@type\":\"ListItem\",\"position\":3,\"name\":\"Veranstaltungen\"}]},{\"@type\":\"WebSite\",\"@id\":\"https:\/\/www.prodabi.de\/#website\",\"url\":\"https:\/\/www.prodabi.de\/\",\"name\":\"ProDaBi\",\"description\":\"\",\"publisher\":{\"@id\":\"https:\/\/www.prodabi.de\/#organization\"},\"potentialAction\":[{\"@type\":\"SearchAction\",\"target\":{\"@type\":\"EntryPoint\",\"urlTemplate\":\"https:\/\/www.prodabi.de\/?s={search_term_string}\"},\"query-input\":{\"@type\":\"PropertyValueSpecification\",\"valueRequired\":true,\"valueName\":\"search_term_string\"}}],\"inLanguage\":\"en-US\"},{\"@type\":\"Organization\",\"@id\":\"https:\/\/www.prodabi.de\/#organization\",\"name\":\"ProDaBi\",\"url\":\"https:\/\/www.prodabi.de\/\",\"logo\":{\"@type\":\"ImageObject\",\"inLanguage\":\"en-US\",\"@id\":\"https:\/\/www.prodabi.de\/#\/schema\/logo\/image\/\",\"url\":\"https:\/\/www.prodabi.de\/wp-content\/uploads\/Logo_ProDaBi.png\",\"contentUrl\":\"https:\/\/www.prodabi.de\/wp-content\/uploads\/Logo_ProDaBi.png\",\"width\":1141,\"height\":428,\"caption\":\"ProDaBi\"},\"image\":{\"@id\":\"https:\/\/www.prodabi.de\/#\/schema\/logo\/image\/\"}}]}<\/script>\n<!-- \/ Yoast SEO plugin. -->","yoast_head_json":{"title":"Veranstaltungen - ProDaBi","robots":{"index":"index","follow":"follow","max-snippet":"max-snippet:-1","max-image-preview":"max-image-preview:large","max-video-preview":"max-video-preview:-1"},"canonical":"https:\/\/www.prodabi.de\/en\/forschung\/veranstaltungen\/","og_locale":"en_US","og_type":"article","og_title":"Veranstaltungen - ProDaBi","og_description":"Bevorstehende Veranstaltungen 2023 Abschlusstagung des Projekts \u201eDie Zukunft des MINT-Lernens\u201c Poster: Apfel oder Popcorn? KI-Methoden f\u00fcr junge Lernende Poster: Entwicklung und Evaluation des Konzepts Datenbewusstsein f\u00fcr die Informatische Bildung Poster: Epistemisches Programmieren als Erkenntniswerkzeug f\u00fcr Alle 15.12.2023 09.00-16.00 Uhr Mehr erfahren 2024 Jubil\u00e4ums-Herbsttagung: Arbeitskreis Stochastik 2024 Vortrag: \u201eEmpirische Forschung zu Data Science Education\u201c Vortrag: \u201eFundamentale [&hellip;]","og_url":"https:\/\/www.prodabi.de\/en\/forschung\/veranstaltungen\/","og_site_name":"ProDaBi","article_modified_time":"2023-09-18T06:56:59+00:00","twitter_card":"summary_large_image","twitter_misc":{"Est. reading time":"1 minute"},"schema":{"@context":"https:\/\/schema.org","@graph":[{"@type":"WebPage","@id":"https:\/\/www.prodabi.de\/forschung\/veranstaltungen\/","url":"https:\/\/www.prodabi.de\/forschung\/veranstaltungen\/","name":"Veranstaltungen - ProDaBi","isPartOf":{"@id":"https:\/\/www.prodabi.de\/#website"},"primaryImageOfPage":{"@id":"https:\/\/www.prodabi.de\/forschung\/veranstaltungen\/#primaryimage"},"image":{"@id":"https:\/\/www.prodabi.de\/forschung\/veranstaltungen\/#primaryimage"},"thumbnailUrl":"https:\/\/www.prodabi.de\/wp-content\/uploads\/noun-approve-event-552662-103685.svg","datePublished":"2023-08-11T08:28:15+00:00","dateModified":"2023-09-18T06:56:59+00:00","breadcrumb":{"@id":"https:\/\/www.prodabi.de\/forschung\/veranstaltungen\/#breadcrumb"},"inLanguage":"en-US","potentialAction":[{"@type":"ReadAction","target":["https:\/\/www.prodabi.de\/forschung\/veranstaltungen\/"]}]},{"@type":"ImageObject","inLanguage":"en-US","@id":"https:\/\/www.prodabi.de\/forschung\/veranstaltungen\/#primaryimage","url":"https:\/\/www.prodabi.de\/wp-content\/uploads\/noun-approve-event-552662-103685.svg","contentUrl":"https:\/\/www.prodabi.de\/wp-content\/uploads\/noun-approve-event-552662-103685.svg"},{"@type":"BreadcrumbList","@id":"https:\/\/www.prodabi.de\/forschung\/veranstaltungen\/#breadcrumb","itemListElement":[{"@type":"ListItem","position":1,"name":"Startseite","item":"https:\/\/www.prodabi.de\/"},{"@type":"ListItem","position":2,"name":"Forschung","item":"https:\/\/www.prodabi.de\/forschung\/"},{"@type":"ListItem","position":3,"name":"Veranstaltungen"}]},{"@type":"WebSite","@id":"https:\/\/www.prodabi.de\/#website","url":"https:\/\/www.prodabi.de\/","name":"ProDaBi","description":"","publisher":{"@id":"https:\/\/www.prodabi.de\/#organization"},"potentialAction":[{"@type":"SearchAction","target":{"@type":"EntryPoint","urlTemplate":"https:\/\/www.prodabi.de\/?s={search_term_string}"},"query-input":{"@type":"PropertyValueSpecification","valueRequired":true,"valueName":"search_term_string"}}],"inLanguage":"en-US"},{"@type":"Organization","@id":"https:\/\/www.prodabi.de\/#organization","name":"ProDaBi","url":"https:\/\/www.prodabi.de\/","logo":{"@type":"ImageObject","inLanguage":"en-US","@id":"https:\/\/www.prodabi.de\/#\/schema\/logo\/image\/","url":"https:\/\/www.prodabi.de\/wp-content\/uploads\/Logo_ProDaBi.png","contentUrl":"https:\/\/www.prodabi.de\/wp-content\/uploads\/Logo_ProDaBi.png","width":1141,"height":428,"caption":"ProDaBi"},"image":{"@id":"https:\/\/www.prodabi.de\/#\/schema\/logo\/image\/"}}]}},"_links":{"self":[{"href":"https:\/\/www.prodabi.de\/en\/wp-json\/wp\/v2\/pages\/25255","targetHints":{"allow":["GET"]}}],"collection":[{"href":"https:\/\/www.prodabi.de\/en\/wp-json\/wp\/v2\/pages"}],"about":[{"href":"https:\/\/www.prodabi.de\/en\/wp-json\/wp\/v2\/types\/page"}],"author":[{"embeddable":true,"href":"https:\/\/www.prodabi.de\/en\/wp-json\/wp\/v2\/users\/7"}],"replies":[{"embeddable":true,"href":"https:\/\/www.prodabi.de\/en\/wp-json\/wp\/v2\/comments?post=25255"}],"version-history":[{"count":0,"href":"https:\/\/www.prodabi.de\/en\/wp-json\/wp\/v2\/pages\/25255\/revisions"}],"up":[{"embeddable":true,"href":"https:\/\/www.prodabi.de\/en\/wp-json\/wp\/v2\/pages\/25569"}],"wp:featuredmedia":[{"embeddable":true,"href":"https:\/\/www.prodabi.de\/en\/wp-json\/wp\/v2\/media\/25748"}],"wp:attachment":[{"href":"https:\/\/www.prodabi.de\/en\/wp-json\/wp\/v2\/media?parent=25255"}],"curies":[{"name":"wp","href":"https:\/\/api.w.org\/{rel}","templated":true}]}}